{"id":127,"date":"2021-02-05T08:31:15","date_gmt":"2021-02-05T11:31:15","guid":{"rendered":"http:\/\/www2.uepg.br\/ppgq\/?page_id=127"},"modified":"2023-11-09T10:46:26","modified_gmt":"2023-11-09T13:46:26","slug":"cordenacao","status":"publish","type":"page","link":"https:\/\/www2.uepg.br\/ppgq\/cordenacao\/","title":{"rendered":"Cordena\u00e7\u00e3o"},"content":{"rendered":"<h3>Coordena\u00e7\u00e3o<\/h3>\n<p>UNIVERSIDADE ESTADUAL DE PONTA GROSSA<br \/>\nPrograma Associado de P\u00f3s-Gradua\u00e7\u00e3o Stricto sensu em Qu\u00edmica \u2013 Doutorado<br \/>\nCoordenador: Prof. Dr. Sergio Toshio Fujiwara<br \/>\nVice-Coordenador: Dra Vanessa Eg\u00e9a dos Anjos<br \/>\nColegiado: Barbara Cel\u00e2nia Fiorin \u2013 Docente<br \/>\nRafaela Daiane de Oliveira &#8211; Discente<br \/>\ne-mail:\u00a0<a href=\"mailto:%20doqas@uepg.br\" target=\"_blank\" rel=\"noopener\">doqas@uepg.br<\/a><br \/>\nTelefone: (42) 3220-3731<\/p>\n<p>&nbsp;<\/p>\n<p>UNIVERSIDADE ESTADUAL DO CENTRO-OESTE<br \/>\nPrograma Associado de P\u00f3s-Gradua\u00e7\u00e3o\u00a0<em>Stricto sensu<\/em>\u00a0em Qu\u00edmica &#8211; Doutorado<br \/>\nCoordenador:\u00a0<span class=\"Apple-converted-space\">\u00a0<\/span>Eryza Guimar\u00e3es Castro<br \/>\ne-mail:\u00a0<a href=\"mailto:%20eryza.castro@gmail.com\" target=\"_blank\" rel=\"noopener\">eryza.castro@gmail.com<\/a><br \/>\nTelefone: (42) 3629-8301<\/p>\n<p>&nbsp;<\/p>\n<p>UNIVERSIDADE ESTADUAL DE LONDRINA<br \/>\nPrograma Associado de P\u00f3s-Gradua\u00e7\u00e3o\u00a0<em>Stricto sensu<\/em>\u00a0em Qu\u00edmica \u2013 Doutorado<br \/>\nCoordenador:\u00a0Dimas A. M. Zaia<br \/>\ne-mail:\u00a0<a href=\"mailto:%20damzaia@uel.br\" target=\"_blank\" rel=\"noopener\">damzaia@uel.br<\/a><br \/>\nTelefone: (43) 3371-4711<\/p>\n","protected":false},"excerpt":{"rendered":"<p>Coordena\u00e7\u00e3o UNIVERSIDADE ESTADUAL DE PONTA GROSSA Programa Associado de P\u00f3s-Gradua\u00e7\u00e3o Stricto sensu em Qu\u00edmica \u2013 Doutorado Coordenador: Prof. Dr. Sergio Toshio Fujiwara Vice-Coordenador: Dra Vanessa Eg\u00e9a dos Anjos Colegiado: Barbara Cel\u00e2nia Fiorin \u2013 Docente Rafaela Daiane de Oliveira &#8211; Discente e-mail:\u00a0doqas@uepg.br Telefone: (42) 3220-3731 &nbsp; UNIVERSIDADE ESTADUAL DO CENTRO-OESTE Programa Associado de P\u00f3s-Gradua\u00e7\u00e3o\u00a0Stricto sensu\u00a0em Qu\u00edmica&nbsp;&hellip;<\/p>\n","protected":false},"author":204,"featured_media":0,"parent":0,"menu_order":0,"comment_status":"closed","ping_status":"closed","template":"","meta":[],"_links":{"self":[{"href":"https:\/\/www2.uepg.br\/ppgq\/wp-json\/wp\/v2\/pages\/127"}],"collection":[{"href":"https:\/\/www2.uepg.br\/ppgq\/wp-json\/wp\/v2\/pages"}],"about":[{"href":"https:\/\/www2.uepg.br\/ppgq\/wp-json\/wp\/v2\/types\/page"}],"author":[{"embeddable":true,"href":"https:\/\/www2.uepg.br\/ppgq\/wp-json\/wp\/v2\/users\/204"}],"replies":[{"embeddable":true,"href":"https:\/\/www2.uepg.br\/ppgq\/wp-json\/wp\/v2\/comments?post=127"}],"version-history":[{"count":2,"href":"https:\/\/www2.uepg.br\/ppgq\/wp-json\/wp\/v2\/pages\/127\/revisions"}],"predecessor-version":[{"id":475,"href":"https:\/\/www2.uepg.br\/ppgq\/wp-json\/wp\/v2\/pages\/127\/revisions\/475"}],"wp:attachment":[{"href":"https:\/\/www2.uepg.br\/ppgq\/wp-json\/wp\/v2\/media?parent=127"}],"curies":[{"name":"wp","href":"https:\/\/api.w.org\/{rel}","templated":true}]}}