{"id":166,"date":"2021-02-05T10:59:33","date_gmt":"2021-02-05T13:59:33","guid":{"rendered":"http:\/\/www2.uepg.br\/ppgq\/?page_id=166"},"modified":"2021-02-05T10:59:33","modified_gmt":"2021-02-05T13:59:33","slug":"selecao","status":"publish","type":"page","link":"https:\/\/www2.uepg.br\/ppgq\/selecao\/","title":{"rendered":"Sele\u00e7\u00e3o"},"content":{"rendered":"<p align=\"justify\">O candidato concorrer\u00e1 exclusivamente \u00e0 vaga do orientador que lhe concedeu o aceite de<br \/>\norienta\u00e7\u00e3o.<br \/>\nA Comiss\u00e3o Examinadora realizar\u00e1 o exame de sele\u00e7\u00e3o constitu\u00eddo pelas seguintes etapas:<br \/>\nI) An\u00e1lise e pontua\u00e7\u00e3o do Curriculum Vitae;<br \/>\nII) Entrevista do candidato sobre o pr\u00e9-projeto de pesquisa sobre o tema a ser estudado durante<br \/>\no doutorado. Devem ser entregue tr\u00eas c\u00f3pias do pr\u00e9-projeto at\u00e9 o dia 01\/02\/2011 na Secretaria Acad\u00eamica de P\u00f3s-Gradua\u00e7\u00e3o Stricto Sensu da UEPG. O pr\u00e9-projeto deve conter: t\u00edtulo, objetivos,<br \/>\nmetodologia, viabilidade t\u00e9cnica e financeira, resultados esperados e bibliografia m\u00ednima. O pr\u00e9-projeto dever\u00e1 ser entregue \u00e0 Comiss\u00e3o de Sele\u00e7\u00e3o no in\u00edcio da entrevista do candidato.<br \/>\nA avalia\u00e7\u00e3o do Curriculum Vitae possui car\u00e1ter classificat\u00f3rio, de acordo com a somat\u00f3ria das pontua\u00e7\u00f5es nas atividades definidas no <a href=\"http:\/\/www2.uepg.br\/ppgq\/wp-content\/uploads\/sites\/171\/2021\/02\/doutorado_Anexo2_2011.doc\" target=\"_blank\" rel=\"noopener\">ANEXO 2<\/a>.<br \/>\nNa entrevista, o candidato ser\u00e1 arg\u00fcido pela Banca Examinadora quanto ao Pr\u00e9-projeto de pesquisa<br \/>\ne \u00e0s atividades apresentadas no Curriculum Vitae.<br \/>\nOs candidatos aprovados no Processo Seletivo ser\u00e3o classificados segundo a avalia\u00e7\u00e3o de seus<br \/>\nCurricula Vitae, em ordem de coloca\u00e7\u00e3o que permita ocupar o n\u00famero de vagas oferecidas pelo seu pretenso orientador.<br \/>\nO candidato ser\u00e1 avaliado na IES onde seu pretenso orientador est\u00e1 alocado.<\/p>\n","protected":false},"excerpt":{"rendered":"<p>O candidato concorrer\u00e1 exclusivamente \u00e0 vaga do orientador que lhe concedeu o aceite de orienta\u00e7\u00e3o. A Comiss\u00e3o Examinadora realizar\u00e1 o exame de sele\u00e7\u00e3o constitu\u00eddo pelas seguintes etapas: I) An\u00e1lise e pontua\u00e7\u00e3o do Curriculum Vitae; II) Entrevista do candidato sobre o pr\u00e9-projeto de pesquisa sobre o tema a ser estudado durante o doutorado. Devem ser entregue&nbsp;&hellip;<\/p>\n","protected":false},"author":204,"featured_media":0,"parent":0,"menu_order":0,"comment_status":"closed","ping_status":"closed","template":"","meta":[],"_links":{"self":[{"href":"https:\/\/www2.uepg.br\/ppgq\/wp-json\/wp\/v2\/pages\/166"}],"collection":[{"href":"https:\/\/www2.uepg.br\/ppgq\/wp-json\/wp\/v2\/pages"}],"about":[{"href":"https:\/\/www2.uepg.br\/ppgq\/wp-json\/wp\/v2\/types\/page"}],"author":[{"embeddable":true,"href":"https:\/\/www2.uepg.br\/ppgq\/wp-json\/wp\/v2\/users\/204"}],"replies":[{"embeddable":true,"href":"https:\/\/www2.uepg.br\/ppgq\/wp-json\/wp\/v2\/comments?post=166"}],"version-history":[{"count":1,"href":"https:\/\/www2.uepg.br\/ppgq\/wp-json\/wp\/v2\/pages\/166\/revisions"}],"predecessor-version":[{"id":168,"href":"https:\/\/www2.uepg.br\/ppgq\/wp-json\/wp\/v2\/pages\/166\/revisions\/168"}],"wp:attachment":[{"href":"https:\/\/www2.uepg.br\/ppgq\/wp-json\/wp\/v2\/media?parent=166"}],"curies":[{"name":"wp","href":"https:\/\/api.w.org\/{rel}","templated":true}]}}