{"id":183,"date":"2021-02-05T11:09:17","date_gmt":"2021-02-05T14:09:17","guid":{"rendered":"http:\/\/www2.uepg.br\/ppgq\/?page_id=183"},"modified":"2021-02-05T11:09:17","modified_gmt":"2021-02-05T14:09:17","slug":"formularios","status":"publish","type":"page","link":"https:\/\/www2.uepg.br\/ppgq\/formularios\/","title":{"rendered":"Formul\u00e1rios"},"content":{"rendered":"<p style=\"text-align: center;\"><a href=\"http:\/\/www2.uepg.br\/ppgq\/wp-content\/uploads\/sites\/171\/2021\/02\/Normas-para-o-Relatorio-Anual-do-Doutorado-em-Quimica-2.docx\" target=\"_blank\" rel=\"noopener\">Normas para Relat\u00f3rio Anual<\/a><\/p>\n<p style=\"text-align: center;\"><a href=\"http:\/\/www2.uepg.br\/ppgq\/wp-content\/uploads\/sites\/171\/2021\/02\/Ficha-Inscricao.doc\" target=\"_blank\" rel=\"noopener\">Ficha de Inscri\u00e7\u00e3o<\/a><\/p>\n<p style=\"text-align: center;\"><a href=\"http:\/\/www2.uepg.br\/ppgq\/wp-content\/uploads\/sites\/171\/2021\/02\/Ficha-Necessidades-Especiais.doc\" target=\"_blank\" rel=\"noopener\">Ficha Necessidades Especiais<\/a><\/p>\n<p style=\"text-align: center;\"><a href=\"http:\/\/www2.uepg.br\/ppgq\/wp-content\/uploads\/sites\/171\/2021\/02\/Ficha-Regular-Geral-de-Matricula.doc\" target=\"_blank\" rel=\"noopener\">Ficha Regular Geral de Matr\u00edcula<\/a><\/p>\n<p style=\"text-align: center;\"><a href=\"http:\/\/www2.uepg.br\/ppgq\/wp-content\/uploads\/sites\/171\/2021\/02\/relatoriocapes.doc\" target=\"_blank\" rel=\"noopener\">Formul\u00e1rio para Relat\u00f3rio de Atividades<\/a><\/p>\n<p style=\"text-align: center;\"><a href=\"http:\/\/www2.uepg.br\/ppgq\/wp-content\/uploads\/sites\/171\/2021\/02\/producao_intelectual.doc\" target=\"_blank\" rel=\"noopener\">Formul\u00e1rio de Produ\u00e7\u00e3o Intelectual<\/a><\/p>\n<p style=\"text-align: center;\"><a href=\"http:\/\/www2.uepg.br\/ppgq\/wp-content\/uploads\/sites\/171\/2021\/02\/Pedido-banca-Defesa-Doutorado.docx\" target=\"_blank\" rel=\"noopener\">Pedido Banca de Defesa &#8211; Doutorado<\/a><\/p>\n<p style=\"text-align: center;\"><a href=\"http:\/\/www2.uepg.br\/ppgq\/wp-content\/uploads\/sites\/171\/2021\/02\/Pedido-banca-Qualificacao-Doutorado.docx\" target=\"_blank\" rel=\"noopener\">Pedido Banca de Qualifica\u00e7\u00e3o &#8211; Doutorado<\/a><\/p>\n","protected":false},"excerpt":{"rendered":"<p>Normas para Relat\u00f3rio Anual Ficha de Inscri\u00e7\u00e3o Ficha Necessidades Especiais Ficha Regular Geral de Matr\u00edcula Formul\u00e1rio para Relat\u00f3rio de Atividades Formul\u00e1rio de Produ\u00e7\u00e3o Intelectual Pedido Banca de Defesa &#8211; Doutorado Pedido Banca de Qualifica\u00e7\u00e3o &#8211; Doutorado<\/p>\n","protected":false},"author":204,"featured_media":0,"parent":0,"menu_order":0,"comment_status":"closed","ping_status":"closed","template":"","meta":[],"_links":{"self":[{"href":"https:\/\/www2.uepg.br\/ppgq\/wp-json\/wp\/v2\/pages\/183"}],"collection":[{"href":"https:\/\/www2.uepg.br\/ppgq\/wp-json\/wp\/v2\/pages"}],"about":[{"href":"https:\/\/www2.uepg.br\/ppgq\/wp-json\/wp\/v2\/types\/page"}],"author":[{"embeddable":true,"href":"https:\/\/www2.uepg.br\/ppgq\/wp-json\/wp\/v2\/users\/204"}],"replies":[{"embeddable":true,"href":"https:\/\/www2.uepg.br\/ppgq\/wp-json\/wp\/v2\/comments?post=183"}],"version-history":[{"count":1,"href":"https:\/\/www2.uepg.br\/ppgq\/wp-json\/wp\/v2\/pages\/183\/revisions"}],"predecessor-version":[{"id":192,"href":"https:\/\/www2.uepg.br\/ppgq\/wp-json\/wp\/v2\/pages\/183\/revisions\/192"}],"wp:attachment":[{"href":"https:\/\/www2.uepg.br\/ppgq\/wp-json\/wp\/v2\/media?parent=183"}],"curies":[{"name":"wp","href":"https:\/\/api.w.org\/{rel}","templated":true}]}}