{"id":1334,"date":"2024-10-28T12:48:19","date_gmt":"2024-10-28T15:48:19","guid":{"rendered":"https:\/\/www2.uepg.br\/ppgquim\/?page_id=1334"},"modified":"2024-10-28T12:48:19","modified_gmt":"2024-10-28T15:48:19","slug":"inscricao-para-o-pdse-2024-2025","status":"publish","type":"page","link":"https:\/\/www2.uepg.br\/ppgquim\/inscricao-para-o-pdse-2024-2025\/","title":{"rendered":"Inscri\u00e7\u00e3o para o PDSE 2024-2025"},"content":{"rendered":"<p>J\u00e1 est\u00e3o abertas as inscri\u00e7\u00f5es para o <span style=\"color: #ff0000\">Processo Seletivo Interno do PPG-Q para o Programa de Doutorado-Sandu\u00edche no Exterior PDSE 2024-2025 <strong>(Edital 13\/2024)<\/strong><\/span>. Maiores informa\u00e7\u00f5es est\u00e3o dispon\u00edveis em Editais <span style=\"color: #0000ff\">(https:\/\/www2.uepg.br\/ppgquim\/editais)<\/span>.<\/p>\n","protected":false},"excerpt":{"rendered":"<p>J\u00e1 est\u00e3o abertas as inscri\u00e7\u00f5es para o Processo Seletivo Interno do PPG-Q para o Programa de Doutorado-Sandu\u00edche no Exterior PDSE 2024-2025 (Edital 13\/2024). Maiores informa\u00e7\u00f5es est\u00e3o dispon\u00edveis em Editais (https:\/\/www2.uepg.br\/ppgquim\/editais).<\/p>\n","protected":false},"author":461,"featured_media":0,"parent":0,"menu_order":0,"comment_status":"closed","ping_status":"closed","template":"","meta":[],"_links":{"self":[{"href":"https:\/\/www2.uepg.br\/ppgquim\/wp-json\/wp\/v2\/pages\/1334"}],"collection":[{"href":"https:\/\/www2.uepg.br\/ppgquim\/wp-json\/wp\/v2\/pages"}],"about":[{"href":"https:\/\/www2.uepg.br\/ppgquim\/wp-json\/wp\/v2\/types\/page"}],"author":[{"embeddable":true,"href":"https:\/\/www2.uepg.br\/ppgquim\/wp-json\/wp\/v2\/users\/461"}],"replies":[{"embeddable":true,"href":"https:\/\/www2.uepg.br\/ppgquim\/wp-json\/wp\/v2\/comments?post=1334"}],"version-history":[{"count":1,"href":"https:\/\/www2.uepg.br\/ppgquim\/wp-json\/wp\/v2\/pages\/1334\/revisions"}],"predecessor-version":[{"id":1335,"href":"https:\/\/www2.uepg.br\/ppgquim\/wp-json\/wp\/v2\/pages\/1334\/revisions\/1335"}],"wp:attachment":[{"href":"https:\/\/www2.uepg.br\/ppgquim\/wp-json\/wp\/v2\/media?parent=1334"}],"curies":[{"name":"wp","href":"https:\/\/api.w.org\/{rel}","templated":true}]}}