{"id":1462,"date":"2025-05-21T19:09:18","date_gmt":"2025-05-21T22:09:18","guid":{"rendered":"https:\/\/www2.uepg.br\/ppgquim\/?page_id=1462"},"modified":"2025-05-21T19:09:31","modified_gmt":"2025-05-21T22:09:31","slug":"inscricao-para-a-selecao-do-2o-semestre-de-2025","status":"publish","type":"page","link":"https:\/\/www2.uepg.br\/ppgquim\/inscricao-para-a-selecao-do-2o-semestre-de-2025\/","title":{"rendered":"Inscri\u00e7\u00e3o para a Sele\u00e7\u00e3o do 2\u00ba semestre de 2025"},"content":{"rendered":"<p>J\u00e1 est\u00e3o abertas as inscri\u00e7\u00f5es para o\u00a0Processo Seletivo do 2\u00ba semestre de 2025 (<span style=\"color: #ff0000\"><strong>Edital 04\/2025<\/strong><\/span>). Maiores informa\u00e7\u00f5es est\u00e3o dispon\u00edveis em Editais (<strong><span style=\"color: #3366ff\">https:\/\/www2.uepg.br\/ppgquim\/editais<\/span><\/strong>).<\/p>\n","protected":false},"excerpt":{"rendered":"<p>J\u00e1 est\u00e3o abertas as inscri\u00e7\u00f5es para o\u00a0Processo Seletivo do 2\u00ba semestre de 2025 (Edital 04\/2025). Maiores informa\u00e7\u00f5es est\u00e3o dispon\u00edveis em Editais (https:\/\/www2.uepg.br\/ppgquim\/editais).<\/p>\n","protected":false},"author":461,"featured_media":0,"parent":0,"menu_order":0,"comment_status":"closed","ping_status":"closed","template":"","meta":[],"_links":{"self":[{"href":"https:\/\/www2.uepg.br\/ppgquim\/wp-json\/wp\/v2\/pages\/1462"}],"collection":[{"href":"https:\/\/www2.uepg.br\/ppgquim\/wp-json\/wp\/v2\/pages"}],"about":[{"href":"https:\/\/www2.uepg.br\/ppgquim\/wp-json\/wp\/v2\/types\/page"}],"author":[{"embeddable":true,"href":"https:\/\/www2.uepg.br\/ppgquim\/wp-json\/wp\/v2\/users\/461"}],"replies":[{"embeddable":true,"href":"https:\/\/www2.uepg.br\/ppgquim\/wp-json\/wp\/v2\/comments?post=1462"}],"version-history":[{"count":2,"href":"https:\/\/www2.uepg.br\/ppgquim\/wp-json\/wp\/v2\/pages\/1462\/revisions"}],"predecessor-version":[{"id":1464,"href":"https:\/\/www2.uepg.br\/ppgquim\/wp-json\/wp\/v2\/pages\/1462\/revisions\/1464"}],"wp:attachment":[{"href":"https:\/\/www2.uepg.br\/ppgquim\/wp-json\/wp\/v2\/media?parent=1462"}],"curies":[{"name":"wp","href":"https:\/\/api.w.org\/{rel}","templated":true}]}}