{"id":177,"date":"2022-03-15T14:33:23","date_gmt":"2022-03-15T17:33:23","guid":{"rendered":"https:\/\/www2.uepg.br\/ppgquim\/?page_id=177"},"modified":"2026-02-02T10:52:16","modified_gmt":"2026-02-02T13:52:16","slug":"apresentacao","status":"publish","type":"page","link":"https:\/\/www2.uepg.br\/ppgquim\/apresentacao\/","title":{"rendered":"Apresenta\u00e7\u00e3o"},"content":{"rendered":"<p>O <strong>Programa de P\u00f3s-Gradua\u00e7\u00e3o em Qu\u00edmica<\/strong> da <strong>Universidade Estadual de Ponta Grossa (PPG-Q\/UEPG)<\/strong> iniciou as suas atividades em 2005 e desde 2020 possui os cursos nos <strong><u>n\u00edveis de Mestrado e Doutorado<\/u><\/strong> nas \u00e1reas de <strong>Qu\u00edmica Anal\u00edtica, Qu\u00edmica Inorg\u00e2nica, Qu\u00edmica Org\u00e2nica e F\u00edsico-Qu\u00edmica<\/strong>.<\/p>\n<p>Os cursos apresentam como objetivos a forma\u00e7\u00e3o de recursos humanos para atua\u00e7\u00e3o no Ensino e Pesquisa visando a resolu\u00e7\u00e3o de problemas ambientais, tecnol\u00f3gicos, sociais e econ\u00f4micos especialmente em temas como ambiente, sustentabilidade, produ\u00e7\u00e3o de energia, tratamento de res\u00edduos, biotecnologia, simula\u00e7\u00e3o contaminantes ambientais, sensores qu\u00edmicos, prote\u00ednas, compostos naturais, biomol\u00e9culas, entre outros.<\/p>\n<p>O PPG-Q foi avaliado pela <strong>CAPES<\/strong> no Quadri\u00eanio de 2013-2016 com <strong>Nota 4<\/strong>, indicando um avan\u00e7o e melhoria nos par\u00e2metros avaliados, proporcionando o in\u00edcio do Curso de Doutorado pr\u00f3prio.<\/p>\n<p>O Curso de Doutorado de iniciou no 1\u00ba semestre de 2020 e, na Avalia\u00e7\u00e3o Quadrienal 2021-2024 da CAPES, o PPG-Q manteve a <strong>Nota 4<\/strong>.<\/p>\n<p>A manuten\u00e7\u00e3o do conceito demonstra que o PPG-Q segue atendendo aos crit\u00e9rios estabelecidos pela CAPES, reafirmando sua relev\u00e2ncia na forma\u00e7\u00e3o de pesquisadores e profissionais altamente qualificados.<\/p>\n<p>Esse resultado reflete a continuidade do trabalho s\u00e9rio e comprometido de nossos docentes, discentes e colaboradores, empenhados em aprimorar nossas atividades de ensino, pesquisa e extens\u00e3o, contribuindo para a consolida\u00e7\u00e3o da excel\u00eancia acad\u00eamica e cient\u00edfica do Programa e buscando sempre fortalecer nossa contribui\u00e7\u00e3o para o desenvolvimento cient\u00edfico e social.<\/p>\n<p>O programa disponibiliza <strong>bolsas de estudo concedidas pela CAPES e CNPq<\/strong> priorizando os alunos com dedica\u00e7\u00e3o exclusiva \u00e0s atividades do projeto e de acordo com a ordem de classifica\u00e7\u00e3o nos processos avaliativos para participa\u00e7\u00e3o no Programa.<\/p>\n","protected":false},"excerpt":{"rendered":"<p>O Programa de P\u00f3s-Gradua\u00e7\u00e3o em Qu\u00edmica da Universidade Estadual de Ponta Grossa (PPG-Q\/UEPG) iniciou as suas atividades em 2005 e desde 2020 possui os cursos nos n\u00edveis de Mestrado e Doutorado nas \u00e1reas de Qu\u00edmica Anal\u00edtica, Qu\u00edmica Inorg\u00e2nica, Qu\u00edmica Org\u00e2nica e F\u00edsico-Qu\u00edmica. Os cursos apresentam como objetivos a forma\u00e7\u00e3o de recursos humanos para atua\u00e7\u00e3o no&nbsp;&hellip;<\/p>\n","protected":false},"author":378,"featured_media":0,"parent":0,"menu_order":0,"comment_status":"closed","ping_status":"closed","template":"","meta":[],"_links":{"self":[{"href":"https:\/\/www2.uepg.br\/ppgquim\/wp-json\/wp\/v2\/pages\/177"}],"collection":[{"href":"https:\/\/www2.uepg.br\/ppgquim\/wp-json\/wp\/v2\/pages"}],"about":[{"href":"https:\/\/www2.uepg.br\/ppgquim\/wp-json\/wp\/v2\/types\/page"}],"author":[{"embeddable":true,"href":"https:\/\/www2.uepg.br\/ppgquim\/wp-json\/wp\/v2\/users\/378"}],"replies":[{"embeddable":true,"href":"https:\/\/www2.uepg.br\/ppgquim\/wp-json\/wp\/v2\/comments?post=177"}],"version-history":[{"count":7,"href":"https:\/\/www2.uepg.br\/ppgquim\/wp-json\/wp\/v2\/pages\/177\/revisions"}],"predecessor-version":[{"id":1694,"href":"https:\/\/www2.uepg.br\/ppgquim\/wp-json\/wp\/v2\/pages\/177\/revisions\/1694"}],"wp:attachment":[{"href":"https:\/\/www2.uepg.br\/ppgquim\/wp-json\/wp\/v2\/media?parent=177"}],"curies":[{"name":"wp","href":"https:\/\/api.w.org\/{rel}","templated":true}]}}