{"id":178,"date":"2022-03-15T14:33:23","date_gmt":"2022-03-15T17:33:23","guid":{"rendered":"https:\/\/www2.uepg.br\/ppgquim\/?page_id=178"},"modified":"2022-03-15T16:04:40","modified_gmt":"2022-03-15T19:04:40","slug":"objetivos","status":"publish","type":"page","link":"https:\/\/www2.uepg.br\/ppgquim\/objetivos\/","title":{"rendered":"Objetivos"},"content":{"rendered":"<p>O PPGQA tem como\u00a0<u>objetivo geral<\/u>:<\/p>\n<p>Promover uma forma\u00e7\u00e3o qualificada dos profissionais da Qu\u00edmica e \u00e1reas correlatas, conscientes da multidisciplinaridade existente atualmente, competentes para atividades t\u00e9cnico-cient\u00edficas na \u00e1rea b\u00e1sica e ou aplicada \u00e0s novas tecnologias, aptos para atividades de doc\u00eancia, com potencial para a cria\u00e7\u00e3o e inova\u00e7\u00e3o a partir das pesquisas em Qu\u00edmica.<br \/>\nE como\u00a0<u>objetivos espec\u00edficos<\/u>:<\/p>\n<p>Formar recursos humanos altamente qualificados, esses com forma\u00e7\u00e3o s\u00f3lida na \u00e1rea da Qu\u00edmica, e que venham a atender o novo perfil de desenvolvimento tecnol\u00f3gico do Paran\u00e1, que se mostra altamente promissor com a vinda de ind\u00fastrias de alta tecnologia para a regi\u00e3o.<\/p>\n<p>Formar recursos humanos com vis\u00e3o multidisciplinar para cria\u00e7\u00e3o, mobiliza\u00e7\u00e3o e consolida\u00e7\u00e3o de compet\u00eancia t\u00e9cnico-cient\u00edfica, aptos a enfrentar a complexidade das quest\u00f5es relacionadas ao desenvolvimento de novas tecnologias com base na \u00e1rea da Qu\u00edmica e \u00e1reas afins.<\/p>\n<p>Produzir conhecimento cient\u00edfico e tecnol\u00f3gico que contribua para o desenvolvimento da Qu\u00edmica e de suas aplica\u00e7\u00f5es com impactos importantes na Ci\u00eancia, Tecnologia, Sociedade e Ambiente.<\/p>\n<p>Fornecer suporte te\u00f3rico e pr\u00e1tico ao profissional em forma\u00e7\u00e3o, esse agregado ao conhecimento adquirido na gradua\u00e7\u00e3o, para enfrentar os desafios impostos a continuidade dos estudos por meio de um futuro doutorado.<\/p>\n<p>Criar um ambiente no qual as intera\u00e7\u00f5es com ind\u00fastrias e centros de pesquisa fortale\u00e7a-se e, desta forma, o v\u00ednculo Universidade-Empresa seja evidente para o profissional em forma\u00e7\u00e3o.<\/p>\n","protected":false},"excerpt":{"rendered":"<p>O PPGQA tem como\u00a0objetivo geral: Promover uma forma\u00e7\u00e3o qualificada dos profissionais da Qu\u00edmica e \u00e1reas correlatas, conscientes da multidisciplinaridade existente atualmente, competentes para atividades t\u00e9cnico-cient\u00edficas na \u00e1rea b\u00e1sica e ou aplicada \u00e0s novas tecnologias, aptos para atividades de doc\u00eancia, com potencial para a cria\u00e7\u00e3o e inova\u00e7\u00e3o a partir das pesquisas em Qu\u00edmica. E como\u00a0objetivos espec\u00edficos:&nbsp;&hellip;<\/p>\n","protected":false},"author":378,"featured_media":0,"parent":0,"menu_order":0,"comment_status":"closed","ping_status":"closed","template":"","meta":[],"_links":{"self":[{"href":"https:\/\/www2.uepg.br\/ppgquim\/wp-json\/wp\/v2\/pages\/178"}],"collection":[{"href":"https:\/\/www2.uepg.br\/ppgquim\/wp-json\/wp\/v2\/pages"}],"about":[{"href":"https:\/\/www2.uepg.br\/ppgquim\/wp-json\/wp\/v2\/types\/page"}],"author":[{"embeddable":true,"href":"https:\/\/www2.uepg.br\/ppgquim\/wp-json\/wp\/v2\/users\/378"}],"replies":[{"embeddable":true,"href":"https:\/\/www2.uepg.br\/ppgquim\/wp-json\/wp\/v2\/comments?post=178"}],"version-history":[{"count":2,"href":"https:\/\/www2.uepg.br\/ppgquim\/wp-json\/wp\/v2\/pages\/178\/revisions"}],"predecessor-version":[{"id":249,"href":"https:\/\/www2.uepg.br\/ppgquim\/wp-json\/wp\/v2\/pages\/178\/revisions\/249"}],"wp:attachment":[{"href":"https:\/\/www2.uepg.br\/ppgquim\/wp-json\/wp\/v2\/media?parent=178"}],"curies":[{"name":"wp","href":"https:\/\/api.w.org\/{rel}","templated":true}]}}