{"id":187,"date":"2022-03-15T14:45:38","date_gmt":"2022-03-15T17:45:38","guid":{"rendered":"https:\/\/www2.uepg.br\/ppgquim\/?page_id=187"},"modified":"2026-03-11T18:07:19","modified_gmt":"2026-03-11T21:07:19","slug":"contato","status":"publish","type":"page","link":"https:\/\/www2.uepg.br\/ppgquim\/contato\/","title":{"rendered":"Contato"},"content":{"rendered":"<p><strong>\u21d2 Coordena\u00e7\u00e3o (per\u00edodo do mandato: 26 de outubro de 2025 a 25 de outubro de 2027):<\/strong><\/p>\n<ul>\n<li>Jacqueline Aparecida Marques (Coordenadora)<br \/>\n<em>e-mail<\/em>: <a href=\"jmarques@uepg.br\">jmarques@uepg.br<\/a><\/li>\n<li>Christiane Philippini Ferreira Borges (Vice-Coordenadora)<br \/>\n<em>e-mail<\/em>:\u00a0<a href=\"cpfborges@uepg.br\">cpfborges@uepg.br<\/a><\/li>\n<\/ul>\n<p><strong>\u21d2 Membros do Colegiado:<\/strong><\/p>\n<p><strong>Representa\u00e7\u00e3o docente (per\u00edodo do mandato: 16 de agosto de 2024 a 15 de agosto de 2026)<\/strong><\/p>\n<ul>\n<li>Qu\u00edmica Ambiental e Anal\u00edtica: Elaine Regina Lopes Tiburtius (Titular)<\/li>\n<li>Qu\u00edmica de Compostos Bioativos e Biomol\u00e9culas: Jorge Iulek (Titular)<\/li>\n<li>Qu\u00edmica de Materiais: Karen Wohnrath (Titular)<\/li>\n<li>Ernandes Taveira Ten\u00f3rio Neto (Suplente)<\/li>\n<\/ul>\n<p><strong>Representa\u00e7\u00e3o discente no Colegiado (per\u00edodo do mandato: 29 de novembro de 2025 a 28 de novembro 2026)<\/strong><\/p>\n<ul>\n<li>Titular(es): Elisson Olczewski (Mestrado), Larissa Kozan (Doutorado)<\/li>\n<li>Suplente(s): Andr\u00e9 Henrique Stepaniak Kapschak (Mestrado), Karine Ariele Roskosz ( (Doutorado)<\/li>\n<\/ul>\n<p><strong>\u21d2 Comiss\u00e3o de Sele\u00e7\u00e3o e Bolsas:<\/strong><\/p>\n<p>O Colegiado.<\/p>\n<p><strong>\u21d2 Secretaria do PPG-Q:<\/strong><\/p>\n<p><em>e-mail<\/em>:\u00a0<a href=\"mailto:ppgqa@uepg.br\">ppgqa@uepg.br<\/a><\/p>\n<p>Telefone:\u00a0 (42) 2102-8116<\/p>\n<p>Endere\u00e7o:<\/p>\n<p>Universidade Estadual de Ponta Grossa &#8211; UEPG<\/p>\n<p>Av. Gal. Carlos Cavalcanti n. 4748, Bloco L, Sala 108 C, Campus de Uvaranas<\/p>\n<p>Ponta Grossa &#8211; Paran\u00e1 &#8211; Brasil<\/p>\n<p>CEP 84.030-900<\/p>\n<p><strong>\u21d2 Secretaria Acad\u00eamica de P\u00f3s-Gradua\u00e7\u00e3o <em>Stricto sensu<\/em> (SAPGS):<\/strong><\/p>\n<p>Alycia Sassaki de Mendon\u00e7a<\/p>\n<p>Jo\u00e3o Rafael dos Santos da Rosa<\/p>\n<p><em>e-mail<\/em>:\u00a0<a href=\"mailto:sapgs@uepg.br\">sapgs@uepg.br<\/a><\/p>\n<p>Telefone: (42) 3220-3150<\/p>\n","protected":false},"excerpt":{"rendered":"<p>\u21d2 Coordena\u00e7\u00e3o (per\u00edodo do mandato: 26 de outubro de 2025 a 25 de outubro de 2027): Jacqueline Aparecida Marques (Coordenadora) e-mail: jmarques@uepg.br Christiane Philippini Ferreira Borges (Vice-Coordenadora) e-mail:\u00a0cpfborges@uepg.br \u21d2 Membros do Colegiado: Representa\u00e7\u00e3o docente (per\u00edodo do mandato: 16 de agosto de 2024 a 15 de agosto de 2026) Qu\u00edmica Ambiental e Anal\u00edtica: Elaine Regina Lopes&nbsp;&hellip;<\/p>\n","protected":false},"author":378,"featured_media":0,"parent":0,"menu_order":0,"comment_status":"closed","ping_status":"closed","template":"","meta":[],"_links":{"self":[{"href":"https:\/\/www2.uepg.br\/ppgquim\/wp-json\/wp\/v2\/pages\/187"}],"collection":[{"href":"https:\/\/www2.uepg.br\/ppgquim\/wp-json\/wp\/v2\/pages"}],"about":[{"href":"https:\/\/www2.uepg.br\/ppgquim\/wp-json\/wp\/v2\/types\/page"}],"author":[{"embeddable":true,"href":"https:\/\/www2.uepg.br\/ppgquim\/wp-json\/wp\/v2\/users\/378"}],"replies":[{"embeddable":true,"href":"https:\/\/www2.uepg.br\/ppgquim\/wp-json\/wp\/v2\/comments?post=187"}],"version-history":[{"count":13,"href":"https:\/\/www2.uepg.br\/ppgquim\/wp-json\/wp\/v2\/pages\/187\/revisions"}],"predecessor-version":[{"id":1734,"href":"https:\/\/www2.uepg.br\/ppgquim\/wp-json\/wp\/v2\/pages\/187\/revisions\/1734"}],"wp:attachment":[{"href":"https:\/\/www2.uepg.br\/ppgquim\/wp-json\/wp\/v2\/media?parent=187"}],"curies":[{"name":"wp","href":"https:\/\/api.w.org\/{rel}","templated":true}]}}