{"id":188,"date":"2022-03-15T14:45:38","date_gmt":"2022-03-15T17:45:38","guid":{"rendered":"https:\/\/www2.uepg.br\/ppgquim\/?page_id=188"},"modified":"2024-12-13T19:06:38","modified_gmt":"2024-12-13T22:06:38","slug":"linhas-de-pesquisas","status":"publish","type":"page","link":"https:\/\/www2.uepg.br\/ppgquim\/linhas-de-pesquisas\/","title":{"rendered":"Linhas de Pesquisa"},"content":{"rendered":"<p><span style=\"color: #0000ff\"><strong>Qu\u00edmica de Compostos Bioativos e Biomol\u00e9culas:<\/strong> <\/span><br \/>\n<span style=\"color: #0000ff\">Visa o estudo de compostos de interesse biol\u00f3gico e\/ou farmacol\u00f3gico, de origem sint\u00e9tica ou natural, abrangendo os m\u00e9todos de s\u00edntese, isolamento, purifica\u00e7\u00e3o e caracteriza\u00e7\u00e3o espectrosc\u00f3pica, bem como a investiga\u00e7\u00e3o dos compostos quanto a reatividade, bioatividade, conforma\u00e7\u00e3o, estrutura, propriedades f\u00edsico-qu\u00edmicas e aplica\u00e7\u00f5es.<\/span><\/p>\n<p><span style=\"color: #339966\"><strong>Qu\u00edmica Anal\u00edtica e Ambiental:<\/strong><\/span><br \/>\n<span style=\"color: #339966\">Visa o desenvolvimento de metodologias e sensores anal\u00edticos para a determina\u00e7\u00e3o de esp\u00e9cies qu\u00edmicas atrav\u00e9s de t\u00e9cnicas cl\u00e1ssicas e instrumentais de an\u00e1lise, emprego de m\u00e9todos de separa\u00e7\u00e3o e pr\u00e9-concentra\u00e7\u00e3o e uso de ferramentas quimiom\u00e9tricas; os estudos de transporte, comportamento e destino de esp\u00e9cies qu\u00edmicas em matrizes ambientais; e o desenvolvimento de processos de remedia\u00e7\u00e3o ambiental atrav\u00e9s de tratamento de efluentes e res\u00edduos s\u00f3lidos e disposi\u00e7\u00e3o de rejeitos.<\/span><\/p>\n<p><span style=\"color: #ff0000\"><strong>Qu\u00edmica de Materiais<\/strong><\/span><br \/>\n<span style=\"color: #ff0000\">Visa o desenvolvimento de novos materiais e suas diversas aplica\u00e7\u00f5es, com \u00eanfase na gera\u00e7\u00e3o e o armazenamento de energia; a investiga\u00e7\u00e3o de propriedades el\u00e9tricas, \u00f3ticas e magn\u00e9ticas, al\u00e9m de investigar aplica\u00e7\u00f5es em \u00e1reas como cat\u00e1lise heterog\u00eanea, pigmentos, semicondutores, pol\u00edmeros condutores e processos sol-gel, entre outras.<\/span><\/p>\n","protected":false},"excerpt":{"rendered":"<p>Qu\u00edmica de Compostos Bioativos e Biomol\u00e9culas: Visa o estudo de compostos de interesse biol\u00f3gico e\/ou farmacol\u00f3gico, de origem sint\u00e9tica ou natural, abrangendo os m\u00e9todos de s\u00edntese, isolamento, purifica\u00e7\u00e3o e caracteriza\u00e7\u00e3o espectrosc\u00f3pica, bem como a investiga\u00e7\u00e3o dos compostos quanto a reatividade, bioatividade, conforma\u00e7\u00e3o, estrutura, propriedades f\u00edsico-qu\u00edmicas e aplica\u00e7\u00f5es. Qu\u00edmica Anal\u00edtica e Ambiental: Visa o desenvolvimento de&nbsp;&hellip;<\/p>\n","protected":false},"author":378,"featured_media":0,"parent":0,"menu_order":0,"comment_status":"closed","ping_status":"closed","template":"","meta":[],"_links":{"self":[{"href":"https:\/\/www2.uepg.br\/ppgquim\/wp-json\/wp\/v2\/pages\/188"}],"collection":[{"href":"https:\/\/www2.uepg.br\/ppgquim\/wp-json\/wp\/v2\/pages"}],"about":[{"href":"https:\/\/www2.uepg.br\/ppgquim\/wp-json\/wp\/v2\/types\/page"}],"author":[{"embeddable":true,"href":"https:\/\/www2.uepg.br\/ppgquim\/wp-json\/wp\/v2\/users\/378"}],"replies":[{"embeddable":true,"href":"https:\/\/www2.uepg.br\/ppgquim\/wp-json\/wp\/v2\/comments?post=188"}],"version-history":[{"count":11,"href":"https:\/\/www2.uepg.br\/ppgquim\/wp-json\/wp\/v2\/pages\/188\/revisions"}],"predecessor-version":[{"id":1405,"href":"https:\/\/www2.uepg.br\/ppgquim\/wp-json\/wp\/v2\/pages\/188\/revisions\/1405"}],"wp:attachment":[{"href":"https:\/\/www2.uepg.br\/ppgquim\/wp-json\/wp\/v2\/media?parent=188"}],"curies":[{"name":"wp","href":"https:\/\/api.w.org\/{rel}","templated":true}]}}