{"id":192,"date":"2022-03-15T14:45:38","date_gmt":"2022-03-15T17:45:38","guid":{"rendered":"https:\/\/www2.uepg.br\/ppgquim\/?page_id=192"},"modified":"2026-03-11T18:02:46","modified_gmt":"2026-03-11T21:02:46","slug":"regulamentos","status":"publish","type":"page","link":"https:\/\/www2.uepg.br\/ppgquim\/regulamentos\/","title":{"rendered":"Regulamentos"},"content":{"rendered":"<p>Vigentes:<\/p>\n<ul>\n<li><strong>Regulamento do Programa Acad\u00eamico de P\u00f3s-Gradua\u00e7\u00e3o <em>Stricto sensu<\/em> em Qu\u00edmica &#8211; Cursos de Mestrado e Doutorado<\/strong> (Anexo da Resolu\u00e7\u00e3o CEPE n\u00ba 2020.15 de 05 de maio de 2020) (<strong><a href=\"https:\/\/www2.uepg.br\/ppgquim\/wp-content\/uploads\/sites\/223\/2025\/08\/PDF-4.pdf\">PDF<\/a><\/strong>)<\/li>\n<li>Regulamento Geral dos Programas de P\u00f3s-Gradua\u00e7\u00e3o <em>Stricto sensu<\/em> da UEPG (Resolu\u00e7\u00e3o CEPE n\u00ba 020 de 19 de julho de 2016) (<strong><a href=\"https:\/\/www2.uepg.br\/ppgquim\/wp-content\/uploads\/sites\/223\/2025\/08\/PDF-5.pdf\">PDF<\/a><\/strong>)<\/li>\n<li>Aprova altera\u00e7\u00f5es no Regulamento Geral dos Programas de P\u00f3s-Gradua\u00e7\u00e3o <em>Stricto sensu<\/em> da UEPG (Resolu\u00e7\u00e3o CEPE n\u00ba 2020.7 de 17 de mar\u00e7o de 2020) (<strong><a href=\"https:\/\/www2.uepg.br\/ppgquim\/wp-content\/uploads\/sites\/223\/2025\/08\/PDF-9.pdf\">PDF<\/a><\/strong>)<\/li>\n<li>Regulamento do Regime de Exerc\u00edcios Domiciliares para os discentes dos Cursos e Programas de P\u00f3s-Gradua\u00e7\u00e3o da UEPG (Resolu\u00e7\u00e3o CEPE n\u00ba 043 de 21 de agosto de 2018) (<strong><a href=\"https:\/\/www2.uepg.br\/ppgquim\/wp-content\/uploads\/sites\/223\/2025\/08\/PDF-1.pdf\">PDF<\/a><\/strong>)<\/li>\n<li>Regulamento de Est\u00e1gio de P\u00f3s-Doutorado nos Programas de P\u00f3s-Gradua\u00e7\u00e3o <em>Stricto sensu<\/em> da UEPG (Resolu\u00e7\u00e3o CEPE n\u00ba 018 de 28 de junho de 2016) (<strong><a href=\"https:\/\/www2.uepg.br\/ppgquim\/wp-content\/uploads\/sites\/223\/2025\/08\/PDF-2.pdf\">PDF<\/a><\/strong>)<\/li>\n<li>Regulamento do Est\u00e1gio de Doc\u00eancia de Discentes dos Cursos de P\u00f3s-Gradua\u00e7\u00e3o <em>Stricto sensu<\/em> da UEPG (Resolu\u00e7\u00e3o CEPE n\u00ba 021 de 19 de julho de 2016) e Anexos I e II (<strong><a href=\"https:\/\/www2.uepg.br\/ppgquim\/wp-content\/uploads\/sites\/223\/2025\/08\/PDF-6.pdf\">PDF<\/a><\/strong>)<\/li>\n<li><strong>Regulamento Interno n. 01\/2025 do PPG-Q de 16 de dezembro de 2025<\/strong> (Disp\u00f5e sobre as normas internas para distribui\u00e7\u00e3o, manuten\u00e7\u00e3o e cancelamento de bolsas de Mestrado, Doutorado e P\u00f3s-Doutorado, incluindo a regulamenta\u00e7\u00e3o para o ac\u00famulo de bolsas com atividades profissionais) (<strong><a href=\"https:\/\/www2.uepg.br\/ppgquim\/wp-content\/uploads\/sites\/223\/2026\/03\/PDF.pdf\">PDF<\/a><\/strong><span style=\"color: #000000\"><a style=\"color: #000000\" href=\"https:\/\/www2.uepg.br\/ppgquim\/wp-content\/uploads\/sites\/223\/2026\/03\/PDF.pdf\">)<\/a><\/span><\/li>\n<\/ul>\n<p>Arquivadas:<\/p>\n<ul>\n<li>Regimento Geral dos Programas de P\u00f3s-Gradua\u00e7\u00e3o <em>Stricto sensu<\/em> da UEPG (Resolu\u00e7\u00e3o CEPE n\u00ba 039 de 13 de mar\u00e7o de 2008) (<strong><a href=\"https:\/\/www2.uepg.br\/ppgquim\/wp-content\/uploads\/sites\/223\/2025\/08\/PDF-8.pdf\">PDF<\/a><\/strong>) (Ingressantes entre 13 de mar\u00e7o de 2008 e 28 de maio de 2012)<\/li>\n<li>Regulamento do Programa Acad\u00eamico de P\u00f3s-Gradua\u00e7\u00e3o em Qu\u00edmica Aplicada da UEPG (Resolu\u00e7\u00e3o CEPE n\u00ba 027 de 22 de maio 2018) (<strong><a href=\"https:\/\/www2.uepg.br\/ppgquim\/wp-content\/uploads\/sites\/223\/2025\/08\/PDF-7.pdf\">PDF<\/a><\/strong>)<\/li>\n<\/ul>\n","protected":false},"excerpt":{"rendered":"<p>Vigentes: Regulamento do Programa Acad\u00eamico de P\u00f3s-Gradua\u00e7\u00e3o Stricto sensu em Qu\u00edmica &#8211; Cursos de Mestrado e Doutorado (Anexo da Resolu\u00e7\u00e3o CEPE n\u00ba 2020.15 de 05 de maio de 2020) (PDF) Regulamento Geral dos Programas de P\u00f3s-Gradua\u00e7\u00e3o Stricto sensu da UEPG (Resolu\u00e7\u00e3o CEPE n\u00ba 020 de 19 de julho de 2016) (PDF) Aprova altera\u00e7\u00f5es no Regulamento&nbsp;&hellip;<\/p>\n","protected":false},"author":378,"featured_media":0,"parent":0,"menu_order":0,"comment_status":"closed","ping_status":"closed","template":"","meta":[],"_links":{"self":[{"href":"https:\/\/www2.uepg.br\/ppgquim\/wp-json\/wp\/v2\/pages\/192"}],"collection":[{"href":"https:\/\/www2.uepg.br\/ppgquim\/wp-json\/wp\/v2\/pages"}],"about":[{"href":"https:\/\/www2.uepg.br\/ppgquim\/wp-json\/wp\/v2\/types\/page"}],"author":[{"embeddable":true,"href":"https:\/\/www2.uepg.br\/ppgquim\/wp-json\/wp\/v2\/users\/378"}],"replies":[{"embeddable":true,"href":"https:\/\/www2.uepg.br\/ppgquim\/wp-json\/wp\/v2\/comments?post=192"}],"version-history":[{"count":14,"href":"https:\/\/www2.uepg.br\/ppgquim\/wp-json\/wp\/v2\/pages\/192\/revisions"}],"predecessor-version":[{"id":1730,"href":"https:\/\/www2.uepg.br\/ppgquim\/wp-json\/wp\/v2\/pages\/192\/revisions\/1730"}],"wp:attachment":[{"href":"https:\/\/www2.uepg.br\/ppgquim\/wp-json\/wp\/v2\/media?parent=192"}],"curies":[{"name":"wp","href":"https:\/\/api.w.org\/{rel}","templated":true}]}}