{"id":196,"date":"2022-03-15T14:45:38","date_gmt":"2022-03-15T17:45:38","guid":{"rendered":"https:\/\/www2.uepg.br\/ppgquim\/?page_id=196"},"modified":"2025-08-28T02:58:08","modified_gmt":"2025-08-28T05:58:08","slug":"qualificacao","status":"publish","type":"page","link":"https:\/\/www2.uepg.br\/ppgquim\/qualificacao\/","title":{"rendered":"Exame de Qualifica\u00e7\u00e3o"},"content":{"rendered":"<p>O formul\u00e1rio de solicita\u00e7\u00e3o de banca de exame de qualifica\u00e7\u00e3o dever\u00e1 ser preenchido, assinado e encaminhado (<strong>na extens\u00e3o \u201c.pdf\u201d<\/strong>) via SEI (<strong><span style=\"color: #0000ff\">https:\/\/sei.uepg.br\/<\/span><\/strong>) pelo(a) orientador(a) para a an\u00e1lise e homologa\u00e7\u00e3o pelo Colegiado do PPG-Q.<\/p>\n<p>O formul\u00e1rio est\u00e1 em conformidade com os quesitos explicitados no &#8220;Regulamento do Programa Acad\u00eamico de P\u00f3s-Gradua\u00e7\u00e3o <em>Stricto sensu<\/em> em Qu\u00edmica &#8211; Cursos de Mestrado e Doutorado&#8221; (aba &#8220;Regulamentos&#8221;). O exame de qualifica\u00e7\u00e3o de Mestrado dever\u00e1 ser realizado em at\u00e9 16 (dezesseis) meses ap\u00f3s o in\u00edcio do curso; e o exame de qualifica\u00e7\u00e3o de Doutorado dever\u00e1 ser realizado em at\u00e9 30 (trinta) meses ap\u00f3s o in\u00edcio do curso.<\/p>\n<ul>\n<li>Sugest\u00e3o de estrutura do Exame de Qualifica\u00e7\u00e3o (<strong><a href=\"https:\/\/www2.uepg.br\/ppgquim\/wp-content\/uploads\/sites\/223\/2025\/08\/DOC.doc\">DOC<\/a><\/strong>\/<strong><a href=\"https:\/\/www2.uepg.br\/ppgquim\/wp-content\/uploads\/sites\/223\/2025\/08\/PDF.pdf\">PDF<\/a><\/strong>)<\/li>\n<li>Formul\u00e1rio de solicita\u00e7\u00e3o da Banca do Exame de Qualifica\u00e7\u00e3o (<a href=\"https:\/\/www2.uepg.br\/ppgquim\/wp-content\/uploads\/sites\/223\/2025\/05\/DOC.doc\"><strong>DOC<\/strong><\/a>\/<strong><a href=\"https:\/\/www2.uepg.br\/ppgquim\/wp-content\/uploads\/sites\/223\/2025\/05\/PDF.pdf\">PDF<\/a><\/strong>)<\/li>\n<\/ul>\n","protected":false},"excerpt":{"rendered":"<p>O formul\u00e1rio de solicita\u00e7\u00e3o de banca de exame de qualifica\u00e7\u00e3o dever\u00e1 ser preenchido, assinado e encaminhado (na extens\u00e3o \u201c.pdf\u201d) via SEI (https:\/\/sei.uepg.br\/) pelo(a) orientador(a) para a an\u00e1lise e homologa\u00e7\u00e3o pelo Colegiado do PPG-Q. O formul\u00e1rio est\u00e1 em conformidade com os quesitos explicitados no &#8220;Regulamento do Programa Acad\u00eamico de P\u00f3s-Gradua\u00e7\u00e3o Stricto sensu em Qu\u00edmica &#8211; Cursos&nbsp;&hellip;<\/p>\n","protected":false},"author":378,"featured_media":0,"parent":0,"menu_order":0,"comment_status":"closed","ping_status":"closed","template":"","meta":[],"_links":{"self":[{"href":"https:\/\/www2.uepg.br\/ppgquim\/wp-json\/wp\/v2\/pages\/196"}],"collection":[{"href":"https:\/\/www2.uepg.br\/ppgquim\/wp-json\/wp\/v2\/pages"}],"about":[{"href":"https:\/\/www2.uepg.br\/ppgquim\/wp-json\/wp\/v2\/types\/page"}],"author":[{"embeddable":true,"href":"https:\/\/www2.uepg.br\/ppgquim\/wp-json\/wp\/v2\/users\/378"}],"replies":[{"embeddable":true,"href":"https:\/\/www2.uepg.br\/ppgquim\/wp-json\/wp\/v2\/comments?post=196"}],"version-history":[{"count":16,"href":"https:\/\/www2.uepg.br\/ppgquim\/wp-json\/wp\/v2\/pages\/196\/revisions"}],"predecessor-version":[{"id":1571,"href":"https:\/\/www2.uepg.br\/ppgquim\/wp-json\/wp\/v2\/pages\/196\/revisions\/1571"}],"wp:attachment":[{"href":"https:\/\/www2.uepg.br\/ppgquim\/wp-json\/wp\/v2\/media?parent=196"}],"curies":[{"name":"wp","href":"https:\/\/api.w.org\/{rel}","templated":true}]}}