{"id":364,"date":"2022-03-17T10:41:25","date_gmt":"2022-03-17T13:41:25","guid":{"rendered":"https:\/\/www2.uepg.br\/ppgquim\/?page_id=364"},"modified":"2025-12-10T19:31:44","modified_gmt":"2025-12-10T22:31:44","slug":"calendario","status":"publish","type":"page","link":"https:\/\/www2.uepg.br\/ppgquim\/calendario\/","title":{"rendered":"Calend\u00e1rio"},"content":{"rendered":"<p><span style=\"color: #800080\"><strong>Datas das matr\u00edculas, per\u00edodo letivo e prazos \u2013 1\u00ba Semestre de 2026:<\/strong><\/span><\/p>\n<p><span style=\"color: #ff6600\"><strong>\u2297<\/strong><strong> Para os alunos regulares \u2013 Mestrado e Doutorado:<\/strong><\/span><\/p>\n<ul>\n<li>Matr\u00edculas: <strong>23\/02\/2026 a 25\/02\/2026<\/strong><\/li>\n<li>Aprova\u00e7\u00e3o pelo orientador: At\u00e9 <strong>27\/02\/2026<\/strong><\/li>\n<li>Entrega do\u00a0<strong>Relat\u00f3rio Semestral<\/strong>: Entrega via\u00a0<em>e-mail<\/em>\u00a0at\u00e9\u00a0<strong>31\/03\/2026<\/strong><\/li>\n<\/ul>\n<p><span style=\"color: #339966\"><strong>\u2297<\/strong><strong>Para os NOVOS alunos regulares (<span style=\"color: #ff0000\">1\u00ba Processo Seletivo de 2026<\/span>) \u2013 Mestrado e Doutorado:<\/strong><\/span><\/p>\n<ul>\n<li>Matr\u00edculas nas disciplinas via Sistema ACAD (<a href=\"https:\/\/acad.apps.uepg.br\/login\">https:\/\/acad.apps.uepg.br\/login<\/a>): <strong>23\/02\/2026 a 25\/02\/2026<\/strong><\/li>\n<\/ul>\n<ul>\n<li>Aprova\u00e7\u00e3o pelo orientador: At\u00e9 <strong>27\/02\/2026<\/strong><\/li>\n<\/ul>\n<p>\u21d2In\u00edcio das Aulas do 1\u00ba Semestre de 2026: <span style=\"color: #800080\"><strong>09<\/strong><strong> de mar\u00e7o de 2026<\/strong><\/span><\/p>\n<p>\u21d2Final das Aulas do 1\u00ba Semestre de 2026: <span style=\"color: #800080\"><strong>03<\/strong><strong> de julho de 2026<\/strong><\/span><\/p>\n<p>________________________________________________________________<\/p>\n<p><span style=\"color: #0000ff\"><strong>Datas das matr\u00edculas, per\u00edodo letivo e prazos \u2013 2\u00ba Semestre de 2025:<\/strong><\/span><\/p>\n<p><span style=\"color: #ff6600\"><strong>\u2297<\/strong><strong> Para os alunos regulares \u2013 Mestrado e Doutorado:<\/strong><\/span><\/p>\n<ul>\n<li>Matr\u00edculas:\u00a0<strong>05\/08\/2025 a 11\/08\/2025<\/strong><\/li>\n<li>Aprova\u00e7\u00e3o pelo orientador: At\u00e9\u00a0<strong>13\/08\/2025<\/strong><\/li>\n<li>Entrega do\u00a0<strong>Relat\u00f3rio Semestral<\/strong>: Entrega via\u00a0<em>e-mail<\/em>\u00a0at\u00e9\u00a0<strong>31\/08\/2025<\/strong><\/li>\n<\/ul>\n<p><span style=\"color: #339966\"><strong>\u2297<\/strong><strong>Para os NOVOS alunos regulares (<span style=\"color: #ff0000\">2\u00ba Processo Seletivo de 2025<\/span>) \u2013 Mestrado e Doutorado:<\/strong><\/span><\/p>\n<ul>\n<li>Matr\u00edculas nas disciplinas via Sistema ACAD (<a href=\"https:\/\/acad.apps.uepg.br\/login\">https:\/\/acad.apps.uepg.br\/login<\/a>):\u00a0<strong>05\/08\/2025 a 11\/08\/2025<\/strong><\/li>\n<\/ul>\n<ul>\n<li>Aprova\u00e7\u00e3o pelo orientador: At\u00e9\u00a0<strong>13\/08\/2025<\/strong><\/li>\n<\/ul>\n<p>\u21d2In\u00edcio das Aulas do 2\u00ba Semestre de 2025:\u00a0<span style=\"color: #800080\"><strong>18 de agosto de 2025<\/strong><\/span><\/p>\n<p>\u21d2Final das Aulas do 2\u00ba Semestre de 2025:\u00a0<span style=\"color: #800080\"><strong>19 de dezembro de 2025<\/strong><\/span><\/p>\n<p>________________________________________________________________<\/p>\n<p><span style=\"color: #0000ff\"><strong>Datas das matr\u00edculas, per\u00edodo letivo e prazos \u2013 1\u00ba Semestre de 2025:<\/strong><\/span><\/p>\n<p><span style=\"color: #ff6600\"><strong>\u2297 Para os alunos regulares \u2013 Mestrado e Doutorado:<\/strong><\/span><\/p>\n<ul>\n<li>Matr\u00edculas: <strong>21\/02\/2025 a 26\/02\/2025<\/strong><\/li>\n<li>Aprova\u00e7\u00e3o pelo orientador: At\u00e9 <strong>03\/03\/2025<\/strong><\/li>\n<li>Entrega do <span style=\"color: #ff00ff\"><strong>Relat\u00f3rio Semestral<\/strong><\/span>: Entrega via <em>e-mail<\/em> at\u00e9 <strong>26\/03\/2025<\/strong><\/li>\n<\/ul>\n<p><span style=\"color: #339966\"><strong>\u2297Para os NOVOS alunos regulares (<span style=\"color: #ff0000\">1\u00ba Processo Seletivo de 2025<\/span>) \u2013 Mestrado e Doutorado:<\/strong><\/span><\/p>\n<ul>\n<li>Matr\u00edculas nas disciplinas via Sistema ACAD (<a href=\"https:\/\/acad.apps.uepg.br\/login\">https:\/\/acad.apps.uepg.br\/login<\/a>): <strong>21\/02\/2025 a 26\/02\/2025<\/strong><\/li>\n<li>Aprova\u00e7\u00e3o pelo orientador: At\u00e9 <strong>03\/03\/2025<\/strong><\/li>\n<\/ul>\n<p>\u21d2In\u00edcio das Aulas do 1\u00ba Semestre de 2025: <strong>10 de mar\u00e7o de 2025<\/strong><\/p>\n<p>\u21d2Final das Aulas do 1\u00ba Semestre de 2025: <strong>04 de julho de 2025<\/strong><\/p>\n<p>________________________________________________________________<\/p>\n<p><span style=\"color: #333399\"><strong>Datas das matr\u00edculas, per\u00edodo letivo e prazos \u2013 2\u00ba Semestre de 2024:<\/strong><\/span><\/p>\n<p><span style=\"color: #ff6600\"><strong>\u2297<\/strong><strong> Para os(as) alunos(as) regulares <span style=\"color: #ff0000\">(Ingresso em 2023 e 2024)<\/span> \u2013 Mestrado e Doutorado:<\/strong><\/span><\/p>\n<ul>\n<li>Matr\u00edculas: <span style=\"color: #ff0000\"><strong>31\/07\/2024<\/strong><strong> a 06\/08\/2024<\/strong><\/span><\/li>\n<li><strong>Aprova\u00e7\u00e3o pelo(a) orientador(a): At\u00e9 <span style=\"color: #ff0000\">09\/08\/2024<\/span><\/strong><\/li>\n<\/ul>\n<p><span style=\"color: #ff6600\"><strong>\u2297<\/strong><strong> Para os(as) alunos(as) regulares <span style=\"color: #0000ff\">(Ingresso at\u00e9 2022)<\/span> \u2013 Mestrado e Doutorado:<\/strong><\/span><\/p>\n<ul>\n<li>Matr\u00edculas: <span style=\"color: #0000ff\"><strong>12<\/strong><strong>\/08\/2024<\/strong><strong> a 14\/08\/2024<\/strong><\/span><\/li>\n<li><strong>Aprova\u00e7\u00e3o pelo(a) orientador(a): At\u00e9 <span style=\"color: #0000ff\">17\/08\/2024<\/span><\/strong><\/li>\n<\/ul>\n<p><span style=\"color: #008000\"><strong>\u2297 Instru\u00e7\u00f5es p<\/strong><strong>ara os NOVOS alunos regulares <\/strong><strong>(2\u00ba Processo Seletivo de 2024) <\/strong><strong>\u2013 Mestrado:<\/strong><\/span><\/p>\n<ul>\n<li>Matr\u00edculas nas disciplinas via Sistema ACAD (<a href=\"https:\/\/acad.apps.uepg.br\/login\">https:\/\/acad.apps.uepg.br\/login<\/a>): <span style=\"color: #ff0000\"><strong>31\/07\/2024<\/strong><strong> a 06\/08\/2024<\/strong><\/span><\/li>\n<li>Aprova\u00e7\u00e3o pelo(a) orientador(a): At\u00e9 <strong>09\/08\/2024<\/strong><\/li>\n<\/ul>\n<p>\u21d2Entrega do <strong>Relat\u00f3rio Semestral<\/strong>: Entrega via <em>e-mail<\/em> at\u00e9 <strong>31\/08\/2024<\/strong><\/p>\n<p>\u21d2In\u00edcio das Aulas do 2\u00ba Semestre de 2024: <strong>19 de agosto de 2024<\/strong><\/p>\n<p>\u21d2Final das Aulas do 2\u00ba Semestre de 2024: <strong>13 de dezembro de 2024<\/strong><\/p>\n<p>___________________________________________________________________<\/p>\n<p><span style=\"color: #0000ff\"><strong>Datas das matr\u00edculas \u2013 1\u00ba Semestre de 2024:<\/strong><\/span><\/p>\n<p><span style=\"color: #008000\"><strong>\u2297 Para os(as) alunos(as) regulares \u2013 Mestrado e Doutorado:<\/strong><\/span><\/p>\n<ul>\n<li>Matr\u00edculas: <strong><span style=\"color: #ff0000\">22\/02\/2024<\/span> a 27\/02\/2024<\/strong><\/li>\n<li>Aprova\u00e7\u00e3o pelo(a) orientador(a): At\u00e9 <strong>02\/03\/2024<\/strong><\/li>\n<li>Entrega do Relat\u00f3rio Semestral: Entrega via <em>e-mail<\/em> at\u00e9 <strong>26\/03\/2024<\/strong><\/li>\n<\/ul>\n<p><span style=\"color: #008000\"><strong>\u2297Para os(as) alunos(as) regulares novos <span style=\"color: #ff6600\">(1\u00ba Processo Seletivo de 2024)<\/span> \u2013 Mestrado e Doutorado:<\/strong><\/span><\/p>\n<ul>\n<li>Matr\u00edculas nas disciplinas via Sistema ACAD (<span style=\"color: #0000ff\">https:\/\/acad.apps.uepg.br\/login<\/span>): <strong><span style=\"color: #ff0000\">22\/02\/2024<\/span> a 27\/02\/2024<\/strong><\/li>\n<li>Aprova\u00e7\u00e3o pelo(a) orientador(a): At\u00e9 <strong>02\/03\/2024<\/strong><\/li>\n<\/ul>\n<p>\u21d2In\u00edcio das Aulas do 1\u00ba Semestre de 2024: <span style=\"color: #ff0000\"><strong>11 de mar\u00e7o de 2024<\/strong><\/span><\/p>\n<p>\u21d2Final das Aulas do 1\u00ba Semestre de 2024: <strong>28 de junho de 2024<\/strong><\/p>\n<p>___________________________________________________________________<\/p>\n<p>&nbsp;<\/p>\n<p>As <strong>datas de matr\u00edcula<\/strong> \u2013 2\u00ba Semestre de <strong>2023<\/strong>:<\/p>\n<p><strong><b>-Para alunos regulares \u2013 Mestrado e Doutorado:<\/b><\/strong><\/p>\n<p><em>Matr\u00edculas:<\/em> 14\/08\/2023 a 17\/08\/2023<\/p>\n<p><em>Valida\u00e7\u00e3o pelos orientadores<\/em>: at\u00e9 22\/08\/2023.<\/p>\n<p><em>Entrega dos Relat\u00f3rio Semestral<\/em>: Entrega por <em>e-mail<\/em> at\u00e9 28\/08\/2023.<\/p>\n<p><strong><b>-Para alunos novos\u00a0 \u2013 Mestrado e Doutorado:<\/b><\/strong><\/p>\n<p><em>Matr\u00edculas em disciplinas pelo sistema ACAD<\/em>: 14 a 23 de agosto de 2023<\/p>\n<ul>\n<li style=\"list-style-type: none\">\n<ul>\n<li style=\"list-style-type: none\">\n<ul>\n<li><em><strong><u>In\u00edcio das Aulas do 2\u00ba Semestre de 2023<\/u><\/strong><\/em> : 28 de agosto de 2023.<\/li>\n<li><em><strong><u>Final das Aulas do 2\u00ba Semestre de 2023<\/u><\/strong><\/em> :22 de dezembro de 2023.<\/li>\n<\/ul>\n<\/li>\n<\/ul>\n<\/li>\n<\/ul>\n<p>__________________________________________________________________<\/p>\n<ul>\n<li style=\"list-style-type: none\">\n<ul>\n<li>As <strong>datas de matr\u00edcula<\/strong> \u2013 1\u00ba Semestre de <strong>2023<\/strong>:<\/li>\n<\/ul>\n<\/li>\n<\/ul>\n<p><strong><b>-Para alunos regulares \u2013 Mestrado e Doutorado:<\/b><\/strong><\/p>\n<p><em>Matr\u00edculas:<\/em> 06\/03\/2023 a 08\/03\/2023<\/p>\n<p><em>Valida\u00e7\u00e3o pelos orientadores<\/em>: at\u00e9 13\/03\/2023.<\/p>\n<p><em>Entrega dos Relat\u00f3rio Semestral<\/em>: Entrega por e-mail at\u00e9 27\/03\/2023.<\/p>\n<p><strong><b>-Para alunos novos\u00a0 \u2013 Mestrado e Doutorado:<\/b><\/strong><\/p>\n<p><em>Matr\u00edculas em disciplinas pelo sistema ACAD<\/em>: 02 a 03 de mar\u00e7o de 2023<\/p>\n<p><em>Valida\u00e7\u00e3o pelos orientadores<\/em>: at\u00e9 07 de mar\u00e7o de 2023.<\/p>\n<ul>\n<li style=\"list-style-type: none\">\n<ul>\n<li style=\"list-style-type: none\">\n<ul>\n<li><em><strong><u>In\u00edcio das Aulas do 1\u00ba Semestre de 2023<\/u><\/strong><\/em> : 27 de mar\u00e7o de 2023.<\/li>\n<li><em><strong><u>Final das Aulas do 1\u00ba Semestre de 2023<\/u><\/strong><\/em> :17 de julho de 2023.<\/li>\n<\/ul>\n<\/li>\n<\/ul>\n<\/li>\n<\/ul>\n<p>_______________________________________________________________________<\/p>\n<ul>\n<li style=\"list-style-type: none\">\n<ul>\n<li>As\u00a0<span style=\"color: #0000ff\"><strong>datas de matr\u00edcula<\/strong><\/span> \u2013 2\u00ba Semestre de 2022:<\/li>\n<\/ul>\n<p><strong><b>Para alunos regulares \u2013 Mestrado e Doutorado:<\/b><\/strong><\/p>\n<p><em>Matr\u00edculas:<\/em> 03\/10\/2022 a 05\/10\/2022<\/p>\n<p><em>Valida\u00e7\u00e3o pelos orientadores<\/em>: at\u00e9 07\/10\/2022.<\/p>\n<p><em>Entrega dos Relat\u00f3rio Semestral<\/em>: Entrega por e-mail at\u00e9 10\/10\/2022.<\/p>\n<p><strong><b>Para alunos novos\u00a0 \u2013 Mestrado e Doutorado:<\/b><\/strong><\/p>\n<p><em>Matr\u00edculas<\/em>: 05 a 07 de outubro de 2022<\/p>\n<p><em>Valida\u00e7\u00e3o pelos orientadores<\/em>: at\u00e9 07 de outubro\u00a0 de 2022.<\/p>\n<ul>\n<li><em><strong><span style=\"color: #0000ff\"><u>In\u00edcio das Aulas do 2\u00ba Semestre de 2022<\/u><\/span><\/strong><\/em> : 10 de outubro de 2022.<\/li>\n<\/ul>\n<\/li>\n<\/ul>\n<p>_____________________________________________________________________<\/p>\n<ul>\n<li>As\u00a0<span style=\"color: #0000ff\"><strong>datas de matr\u00edcula<\/strong><\/span> \u2013 1\u00ba Semestre de 2022:<\/li>\n<\/ul>\n<p><strong><b>Para alunos regulares \u2013 Mestrado e Doutorado:<\/b><\/strong><\/p>\n<p><em>Matr\u00edculas:<\/em> 29\/04\/2022 a 03\/05\/2022<\/p>\n<p><em>Valida\u00e7\u00e3o pelos orientadores<\/em>: at\u00e9 05 de maio de 2022.<\/p>\n<p><em>Entrega dos Relat\u00f3rio Semestral<\/em>: Entrega por e-mail at\u00e9 dia 05de maio de 2022.<\/p>\n<p>&nbsp;<\/p>\n<p><strong><b>Para alunos novos\u00a0 \u2013 Mestrado e Doutorado:<\/b><\/strong><\/p>\n<p><em>Matr\u00edculas<\/em>: 25 a 29\u00a0 de abril de 2022<\/p>\n<p><em>Valida\u00e7\u00e3o pelos orientadores<\/em>: at\u00e9 05 de maio de 2022.<\/p>\n<p>&nbsp;<\/p>\n<ul>\n<li><em><strong><span style=\"color: #0000ff\"><u>In\u00edcio das Aulas do 1\u00ba Semestre de 2022<\/u><\/span><\/strong><\/em> : 16 de maio de 2022.<\/li>\n<\/ul>\n<ul>\n<li><em><strong><u>Final das Aulas do 1\u00ba Semestre de 2022<\/u><\/strong><\/em> : 10 de setembro de 2022.<\/li>\n<\/ul>\n<p>Outros Calend\u00e1rios da UEPG: <a href=\"https:\/\/www2.uepg.br\/prograd\/calendarios\/\">https:\/\/www2.uepg.br\/prograd\/calendarios\/<\/a><\/p>\n","protected":false},"excerpt":{"rendered":"<p>Datas das matr\u00edculas, per\u00edodo letivo e prazos \u2013 1\u00ba Semestre de 2026: \u2297 Para os alunos regulares \u2013 Mestrado e Doutorado: Matr\u00edculas: 23\/02\/2026 a 25\/02\/2026 Aprova\u00e7\u00e3o pelo orientador: At\u00e9 27\/02\/2026 Entrega do\u00a0Relat\u00f3rio Semestral: Entrega via\u00a0e-mail\u00a0at\u00e9\u00a031\/03\/2026 \u2297Para os NOVOS alunos regulares (1\u00ba Processo Seletivo de 2026) \u2013 Mestrado e Doutorado: Matr\u00edculas nas disciplinas via Sistema ACAD&nbsp;&hellip;<\/p>\n","protected":false},"author":378,"featured_media":0,"parent":0,"menu_order":0,"comment_status":"closed","ping_status":"closed","template":"","meta":[],"_links":{"self":[{"href":"https:\/\/www2.uepg.br\/ppgquim\/wp-json\/wp\/v2\/pages\/364"}],"collection":[{"href":"https:\/\/www2.uepg.br\/ppgquim\/wp-json\/wp\/v2\/pages"}],"about":[{"href":"https:\/\/www2.uepg.br\/ppgquim\/wp-json\/wp\/v2\/types\/page"}],"author":[{"embeddable":true,"href":"https:\/\/www2.uepg.br\/ppgquim\/wp-json\/wp\/v2\/users\/378"}],"replies":[{"embeddable":true,"href":"https:\/\/www2.uepg.br\/ppgquim\/wp-json\/wp\/v2\/comments?post=364"}],"version-history":[{"count":20,"href":"https:\/\/www2.uepg.br\/ppgquim\/wp-json\/wp\/v2\/pages\/364\/revisions"}],"predecessor-version":[{"id":1667,"href":"https:\/\/www2.uepg.br\/ppgquim\/wp-json\/wp\/v2\/pages\/364\/revisions\/1667"}],"wp:attachment":[{"href":"https:\/\/www2.uepg.br\/ppgquim\/wp-json\/wp\/v2\/media?parent=364"}],"curies":[{"name":"wp","href":"https:\/\/api.w.org\/{rel}","templated":true}]}}