{"id":394,"date":"2022-03-18T09:58:42","date_gmt":"2022-03-18T12:58:42","guid":{"rendered":"https:\/\/www2.uepg.br\/ppgquim\/?page_id=394"},"modified":"2022-03-23T09:21:07","modified_gmt":"2022-03-23T12:21:07","slug":"advanced-disciplines","status":"publish","type":"page","link":"https:\/\/www2.uepg.br\/ppgquim\/en\/advanced-disciplines\/","title":{"rendered":"Advanced Disciplines"},"content":{"rendered":"<p>To obtain the Master Degree, the candidate must fulfill a total of 38 credits been 28 credits in Disciplines and 10 credits in the Master Thesis.<\/p>\n<p>The disciplines are divided following:<\/p>\n<ul>\n<li>12 credits in compulsory disciplines: Seminars I (2 credits) and II (2 credits); Teaching Stage (4 credits);\u00a0 Dissertation write I (2 credits) and II (2 credits).<\/li>\n<li>12 credits in Advanced Disciplines;<\/li>\n<li>12 credits in Optative Disciplines.<\/li>\n<\/ul>\n<p><u>Note:<\/u>\u00a01 credit is equivalent to 15 hours\/class.<\/p>\n<p><u>Disciplines<\/u><\/p>\n<table border=\"1\" cellspacing=\"0\" cellpadding=\"0\">\n<tbody>\n<tr>\n<td valign=\"top\" width=\"53\"><strong>C\u00f3digo<\/strong><\/td>\n<td valign=\"top\" width=\"642\"><strong>DISCIPLINAS<\/strong><\/td>\n<td valign=\"top\" width=\"97\"><strong>Carga Hor\u00e1ria<\/strong><\/td>\n<td valign=\"top\" width=\"57\"><strong>Cr\u00e9ditos<\/strong><\/td>\n<\/tr>\n<tr>\n<td valign=\"top\"><\/td>\n<td valign=\"top\"><strong>\u00a0<\/strong><\/td>\n<td valign=\"top\"><\/td>\n<td valign=\"top\"><\/td>\n<\/tr>\n<tr>\n<td valign=\"top\"><\/td>\n<td valign=\"top\"><strong>DISCIPLINAS OBRIGAT\u00d3RIAS GERAIS<\/strong><\/td>\n<td valign=\"top\"><\/td>\n<td valign=\"top\"><\/td>\n<\/tr>\n<tr>\n<td valign=\"top\"><\/td>\n<td valign=\"top\"><\/td>\n<td valign=\"top\"><\/td>\n<td valign=\"top\"><\/td>\n<\/tr>\n<tr>\n<td valign=\"top\">MQA01<\/td>\n<td valign=\"top\"><a href=\"http:\/\/pitangui.uepg.br\/mestrados\/mestraquim\/disciplinas.php#seminarios1\">SEMIN\u00c1RIOS I<\/a><\/td>\n<td valign=\"top\">30<\/td>\n<td valign=\"top\">2<\/td>\n<\/tr>\n<tr>\n<td valign=\"top\">MQA02<\/td>\n<td valign=\"top\"><a href=\"http:\/\/pitangui.uepg.br\/mestrados\/mestraquim\/disciplinas.php#seminarios2\">SEMIN\u00c1RIOS II<\/a><\/td>\n<td valign=\"top\">30<\/td>\n<td valign=\"top\">2<\/td>\n<\/tr>\n<tr>\n<td valign=\"top\">MQA03<\/td>\n<td valign=\"top\"><a href=\"http:\/\/pitangui.uepg.br\/mestrados\/mestraquim\/disciplinas.php#odt1\">ORIENTA\u00c7\u00c3O DE DISSERTA\u00c7\u00c3O\/TESE 1 \u2013 ODT I<\/a><\/td>\n<td valign=\"top\">30<\/td>\n<td valign=\"top\">2<\/td>\n<\/tr>\n<tr>\n<td valign=\"top\">MQA04<\/td>\n<td valign=\"top\"><a href=\"http:\/\/pitangui.uepg.br\/mestrados\/mestraquim\/disciplinas.php#odt2\">ORIENTA\u00c7\u00c3O DE DISSERTA\u00c7\u00c3O\/TESE 2 \u2013 ODT II<\/a><\/td>\n<td valign=\"top\">30<\/td>\n<td valign=\"top\">2<\/td>\n<\/tr>\n<tr>\n<td valign=\"top\">MQA05<\/td>\n<td valign=\"top\"><a href=\"http:\/\/pitangui.uepg.br\/mestrados\/mestraquim\/disciplinas.php#estagio\">EST\u00c1GIO DE DOC\u00caNCIA<\/a><\/td>\n<td valign=\"top\">60<\/td>\n<td valign=\"top\">4<\/td>\n<\/tr>\n<\/tbody>\n<\/table>\n<p>&nbsp;<\/p>\n<table border=\"1\" width=\"1062\" cellspacing=\"0\" cellpadding=\"0\">\n<tbody>\n<tr>\n<td colspan=\"3\" valign=\"top\">Disciplina: Semin\u00e1rios I<\/td>\n<\/tr>\n<tr>\n<td colspan=\"3\" valign=\"top\">Ementa: Semin\u00e1rios apresentados pelos docentes ligados ao programa, por professores convidados e visitantes, com conte\u00fado vari\u00e1vel.<\/td>\n<\/tr>\n<tr>\n<td colspan=\"3\" valign=\"top\">Bibliografia:<br \/>\nNa disciplina de Semin\u00e1rios I, s\u00e3o utilizadas refer\u00eancias bibliogr\u00e1ficas de acordo com o tema proposto pelo palestrante.<\/td>\n<\/tr>\n<tr>\n<td valign=\"top\">C\u00f3digo<\/td>\n<td valign=\"top\">Carga Hor\u00e1ria<\/td>\n<td valign=\"top\">Cr\u00e9ditos<\/td>\n<\/tr>\n<tr>\n<td valign=\"top\">MQA01<\/td>\n<td valign=\"top\">30<\/td>\n<td valign=\"top\">2<\/td>\n<\/tr>\n<\/tbody>\n<\/table>\n<p>&nbsp;<\/p>\n<table border=\"1\" cellspacing=\"0\" cellpadding=\"0\">\n<tbody>\n<tr>\n<td colspan=\"3\" valign=\"top\">Disciplina: Semin\u00e1rios II<\/td>\n<\/tr>\n<tr>\n<td colspan=\"3\" valign=\"top\">Ementa: Semin\u00e1rio introdut\u00f3rio. Semin\u00e1rios apresentados pelos alunos regularmente matriculados no programa, com conte\u00fado vari\u00e1vel.<\/td>\n<\/tr>\n<tr>\n<td colspan=\"3\" valign=\"top\">Bibliografia:<br \/>\nD\u2019ONOFRIO, S.\u00a0<strong>Metodologia do Trabalho Intelectual<\/strong>. S\u00e3o Paulo-SP: Atlas, 1999.<br \/>\nCARVALHO, A.C.; et al.<strong>Aprendendo metodologia cient\u00edfica:\u00a0<\/strong>uma orienta\u00e7\u00e3o para alunos de gradua\u00e7\u00e3o<strong>.\u00a0<\/strong>3 ed., S\u00e3o Paulo-SP: O nome da Rosa, 2000.<br \/>\nLAKATOS, E.M. &amp; MARCONI, M.A.\u00a0<strong>Metodologia do trabalho cient\u00edfico.\u00a0<\/strong>4 ed., S\u00e3o Paulo-SP: Atlas, 1992.<br \/>\nMEDEIROS, J.B.\u00a0<strong>Reda\u00e7\u00e3o Cient\u00edfica:\u00a0<\/strong>a pr\u00e1tica de fichamentos, resumos e resenhas. S\u00e3o Paulo-SP: Atlas, 2000.<\/td>\n<\/tr>\n<tr>\n<td valign=\"top\">C\u00f3digo<\/td>\n<td valign=\"top\">Carga Hor\u00e1ria<\/td>\n<td valign=\"top\">Cr\u00e9ditos<\/td>\n<\/tr>\n<tr>\n<td valign=\"top\">MQA02<\/td>\n<td valign=\"top\">30<\/td>\n<td valign=\"top\">2<\/td>\n<\/tr>\n<\/tbody>\n<\/table>\n<p><a id=\"odt1\" name=\"odt1\"><\/a><\/p>\n<table border=\"1\" cellspacing=\"0\" cellpadding=\"0\">\n<tbody>\n<tr>\n<td colspan=\"3\" valign=\"top\">Disciplina: Orienta\u00e7\u00e3o de Disserta\u00e7\u00e3o\/ Tese I \u2013 ODT I<\/td>\n<\/tr>\n<tr>\n<td colspan=\"3\" valign=\"top\">Ementa: Disciplina de orienta\u00e7\u00e3o de trabalho de disserta\u00e7\u00e3o.<\/td>\n<\/tr>\n<tr>\n<td colspan=\"3\" valign=\"top\">Bibliografia:<br \/>\nNa disciplina de Orienta\u00e7\u00e3o de Disserta\u00e7\u00e3o de Mestrado e Tese de Doutorado I, s\u00e3o utilizadas refer\u00eancias bibliogr\u00e1ficas de acordo com o projeto desenvolvido pelo aluno com a supervis\u00e3o do professor orientador.<\/td>\n<\/tr>\n<tr>\n<td valign=\"top\">C\u00f3digo<\/td>\n<td valign=\"top\">Carga Hor\u00e1ria<\/td>\n<td valign=\"top\">Cr\u00e9ditos<\/td>\n<\/tr>\n<tr>\n<td valign=\"top\">MQA03<\/td>\n<td valign=\"top\">30<\/td>\n<td valign=\"top\">2<\/td>\n<\/tr>\n<\/tbody>\n<\/table>\n<p>&nbsp;<\/p>\n<table border=\"1\" width=\"1057\" cellspacing=\"0\" cellpadding=\"0\">\n<tbody>\n<tr>\n<td colspan=\"3\" valign=\"top\">Disciplina: Orienta\u00e7\u00e3o de Disserta\u00e7\u00e3o\/ Tese II \u2013 ODT II<\/td>\n<\/tr>\n<tr>\n<td colspan=\"3\" valign=\"top\">Ementa: Disciplina de orienta\u00e7\u00e3o de trabalho de disserta\u00e7\u00e3o.<\/td>\n<\/tr>\n<tr>\n<td colspan=\"3\" valign=\"top\">Bibliografia:<br \/>\nNa disciplina de Orienta\u00e7\u00e3o de Disserta\u00e7\u00e3o de Mestrado e Tese de Doutorado II, s\u00e3o utilizadas refer\u00eancias bibliogr\u00e1ficas de acordo com o projeto desenvolvido pelo aluno com a supervis\u00e3o do professor orientador.<\/td>\n<\/tr>\n<tr>\n<td valign=\"top\">C\u00f3digo<\/td>\n<td valign=\"top\">Carga Hor\u00e1ria<\/td>\n<td valign=\"top\">Cr\u00e9ditos<\/td>\n<\/tr>\n<tr>\n<td valign=\"top\">MQA04<\/td>\n<td valign=\"top\">30<\/td>\n<td valign=\"top\">2<\/td>\n<\/tr>\n<\/tbody>\n<\/table>\n<p>&nbsp;<\/p>\n<table border=\"1\" width=\"1050\" cellspacing=\"0\" cellpadding=\"0\">\n<tbody>\n<tr>\n<td colspan=\"3\" valign=\"top\" width=\"640\">Disciplina: Est\u00e1gio de Doc\u00eancia<\/td>\n<\/tr>\n<tr>\n<td colspan=\"3\" valign=\"top\" width=\"640\">Ementa: Forma\u00e7\u00e3o do professor do ensino superior. A a\u00e7\u00e3o docente. Participa\u00e7\u00e3o de alunos de p\u00f3s-gradua\u00e7\u00e3o em atividades de ensino de gradua\u00e7\u00e3o, com a supervis\u00e3o do professor respons\u00e1vel pela disciplina.<\/td>\n<\/tr>\n<tr>\n<td colspan=\"3\" valign=\"top\" width=\"640\">Bibliografia:<br \/>\nMASETTO, M. (Org.)\u00a0<strong>Doc\u00eancia na Universidade<em>.<\/em><\/strong>\u00a0Campinas: Papirus, 1998.<br \/>\nVEIGA, I.P.A.(Org.)\u00a0<strong>T\u00e9cnicas de ensino<em>:\u00a0<\/em><\/strong>por que n\u00e3o<em>?<\/em>\u00a0Campinas: Papirus, 1991<br \/>\nCHASSOT, Attico.\u00a0<strong>Educa\u00e7\u00e3o consci\u00eancia<\/strong>. Santa Cruz do Sul: EDUNISC, 2003.<br \/>\nCHAGAS, A. P.\u00a0<strong>Como se faz Qu\u00edmica<\/strong>: uma reflex\u00e3o sobre a qu\u00edmica e atividade do qu\u00edmico. Campinas: Unicamp, 2001.<br \/>\nSANTOS, W. L. P., SCHNETZLER, R. P.\u00a0<strong>Educa\u00e7\u00e3o em Qu\u00edmica<\/strong>:\u00a0 compromisso\u00a0 com a\u00a0\u00a0\u00a0 cidadania. Iju\u00ed: Uniju\u00ed, 1988.<br \/>\nArtigos selecionados das revistas\u00a0<strong>Qu\u00edmica Nova e Qu\u00edmica Nova na Escola.<\/strong><\/td>\n<\/tr>\n<tr>\n<td valign=\"top\" width=\"213\">C\u00f3digo<\/td>\n<td valign=\"top\" width=\"213\">Carga Hor\u00e1ria<\/td>\n<td valign=\"top\" width=\"213\">Cr\u00e9ditos<\/td>\n<\/tr>\n<tr>\n<td valign=\"top\" width=\"213\">MQA05<\/td>\n<td valign=\"top\" width=\"213\">60<\/td>\n<td valign=\"top\" width=\"213\">4<\/td>\n<\/tr>\n<\/tbody>\n<\/table>\n","protected":false},"excerpt":{"rendered":"<p>To obtain the Master Degree, the candidate must fulfill a total of 38 credits been 28 credits in Disciplines and 10 credits in the Master Thesis. The disciplines are divided following: 12 credits in compulsory disciplines: Seminars I (2 credits) and II (2 credits); Teaching Stage (4 credits);\u00a0 Dissertation write I (2 credits) and II&nbsp;&hellip;<\/p>\n","protected":false},"author":378,"featured_media":0,"parent":0,"menu_order":0,"comment_status":"closed","ping_status":"closed","template":"","meta":[],"_links":{"self":[{"href":"https:\/\/www2.uepg.br\/ppgquim\/wp-json\/wp\/v2\/pages\/394"}],"collection":[{"href":"https:\/\/www2.uepg.br\/ppgquim\/wp-json\/wp\/v2\/pages"}],"about":[{"href":"https:\/\/www2.uepg.br\/ppgquim\/wp-json\/wp\/v2\/types\/page"}],"author":[{"embeddable":true,"href":"https:\/\/www2.uepg.br\/ppgquim\/wp-json\/wp\/v2\/users\/378"}],"replies":[{"embeddable":true,"href":"https:\/\/www2.uepg.br\/ppgquim\/wp-json\/wp\/v2\/comments?post=394"}],"version-history":[{"count":2,"href":"https:\/\/www2.uepg.br\/ppgquim\/wp-json\/wp\/v2\/pages\/394\/revisions"}],"predecessor-version":[{"id":706,"href":"https:\/\/www2.uepg.br\/ppgquim\/wp-json\/wp\/v2\/pages\/394\/revisions\/706"}],"wp:attachment":[{"href":"https:\/\/www2.uepg.br\/ppgquim\/wp-json\/wp\/v2\/media?parent=394"}],"curies":[{"name":"wp","href":"https:\/\/api.w.org\/{rel}","templated":true}]}}