{"id":599,"date":"2022-03-21T15:28:44","date_gmt":"2022-03-21T18:28:44","guid":{"rendered":"https:\/\/www2.uepg.br\/ppgquim\/?page_id=599"},"modified":"2022-03-23T14:11:44","modified_gmt":"2022-03-23T17:11:44","slug":"apoyo-financiero","status":"publish","type":"page","link":"https:\/\/www2.uepg.br\/ppgquim\/es\/apoyo-financiero\/","title":{"rendered":"Apoyo Financiero"},"content":{"rendered":"<p><u>Proap\/Capes:<\/u><\/p>\n<ul>\n<li>2012: R$ 50.000,00;<\/li>\n<li>2011: R$ 38.000,00;<\/li>\n<li>2010: R$ 22.000,00;<\/li>\n<li>2010: R$ 14.000,00 (Complementa\u00e7\u00e3o).<\/li>\n<\/ul>\n<p><u>Proap\/UEPG<\/u>:<\/p>\n<ul>\n<li>2012: R$ 19.000,00;<\/li>\n<li>2011: R$ 11.000,00;<\/li>\n<li>2010: R$ 11.000,00.<\/li>\n<\/ul>\n<p><u>Projetos Aprovados pelo PPGQA:<\/u><\/p>\n<ul>\n<li>Funda\u00e7\u00e3o Arauc\u00e1ria \u2013 Chamada 01\/2010, valor: R$ 28.800,00;<\/li>\n<li>Funda\u00e7\u00e3o Arauc\u00e1ria \u2013 Chamada 17\/2009, valor: R$ 20.600,00;<\/li>\n<li>Funda\u00e7\u00e3o Arauc\u00e1ria \u2013 Chamada 13\/2008, valor: R$ 23.000,00;<\/li>\n<li>Funda\u00e7\u00e3o Arauc\u00e1ria \u2013 Chamada 06\/2008, valor: R$ 86.400,00;<\/li>\n<li>Funda\u00e7\u00e3o Arauc\u00e1ria \u2013 Chamada: 01\/2006, valor: R$22.999,85;<\/li>\n<li>Funda\u00e7\u00e3o Arauc\u00e1ria \u2013 Chamada: 10\/2005, valor: R$22.999,85.<\/li>\n<\/ul>\n<p><u>Projetos Aprovados pela UEPG com a participa\u00e7\u00e3o de professores dos Programas de P\u00f3s-Gradua\u00e7\u00e3o da UEPG:<\/u><\/p>\n<ul>\n<li>Chamada P\u00fablica MCT\/FINEP\/CT-INFRA \u2013 PROINFRA 02\/2010, valor: R$ 1.647.361,00;<\/li>\n<li>Chamada P\u00fablica MCT\/FINEP\/CT-INFRA \u2013 PROINFRA 01\/2009, valor: R$ 2.379.586,00;<\/li>\n<li>Chamada P\u00fablica MCT\/FINEP\/CT-INFRA \u2013 INFRAESTRUTURA DE PESQUISA EM UNIVERSIDADES P\u00daBLICAS ESTADUAIS E MUNICIPAIS \u2013 03\/2009, valor: R$ 2.598.489,56;<\/li>\n<li>Chamada P\u00fablica MCT\/FINEP\/CT-INFRA \u2013 PROINFRA 01\/2008, valor: R$ 945.651,00;<\/li>\n<li>Chamada P\u00fablica MCT\/FINEP\/CT-INFRA \u2013 PROINFRA 01\/2007, valor: R$ 540.500,00;<\/li>\n<li>Chamada P\u00fablica MCT\/FINEP CT-INFRA \u2013 PROINFRA 01\/2006, valor: R$ 450.554,00;<\/li>\n<li>Chamada P\u00fablica MCT\/FINEP CT-INFRA \u2013 PROINFRA 01\/2005, valor: R$ 624.000,00;<\/li>\n<li>Chamada P\u00fablica MCT\/FINEP CT-INFRA \u2013 PROINFRA 01\/2004, valor: R$ 337.452,00.<\/li>\n<\/ul>\n<p>Edital 25\/2011 Pr\u00f3-Equipamentos Institucional Capes, valor: R$ 632.347,00;<br \/>\nEdital 27\/2010 Pr\u00f3-Equipamentos Institucional Capes, valor: R$ 124.166,91;<br \/>\nEdital 11\/2009 Pr\u00f3-Equipamentos Institucional Capes, valor: R$ 344.815,90.<\/p>\n","protected":false},"excerpt":{"rendered":"<p>Proap\/Capes: 2012: R$ 50.000,00; 2011: R$ 38.000,00; 2010: R$ 22.000,00; 2010: R$ 14.000,00 (Complementa\u00e7\u00e3o). Proap\/UEPG: 2012: R$ 19.000,00; 2011: R$ 11.000,00; 2010: R$ 11.000,00. Projetos Aprovados pelo PPGQA: Funda\u00e7\u00e3o Arauc\u00e1ria \u2013 Chamada 01\/2010, valor: R$ 28.800,00; Funda\u00e7\u00e3o Arauc\u00e1ria \u2013 Chamada 17\/2009, valor: R$ 20.600,00; Funda\u00e7\u00e3o Arauc\u00e1ria \u2013 Chamada 13\/2008, valor: R$ 23.000,00; Funda\u00e7\u00e3o Arauc\u00e1ria \u2013&nbsp;&hellip;<\/p>\n","protected":false},"author":378,"featured_media":0,"parent":0,"menu_order":0,"comment_status":"closed","ping_status":"closed","template":"","meta":[],"_links":{"self":[{"href":"https:\/\/www2.uepg.br\/ppgquim\/wp-json\/wp\/v2\/pages\/599"}],"collection":[{"href":"https:\/\/www2.uepg.br\/ppgquim\/wp-json\/wp\/v2\/pages"}],"about":[{"href":"https:\/\/www2.uepg.br\/ppgquim\/wp-json\/wp\/v2\/types\/page"}],"author":[{"embeddable":true,"href":"https:\/\/www2.uepg.br\/ppgquim\/wp-json\/wp\/v2\/users\/378"}],"replies":[{"embeddable":true,"href":"https:\/\/www2.uepg.br\/ppgquim\/wp-json\/wp\/v2\/comments?post=599"}],"version-history":[{"count":2,"href":"https:\/\/www2.uepg.br\/ppgquim\/wp-json\/wp\/v2\/pages\/599\/revisions"}],"predecessor-version":[{"id":748,"href":"https:\/\/www2.uepg.br\/ppgquim\/wp-json\/wp\/v2\/pages\/599\/revisions\/748"}],"wp:attachment":[{"href":"https:\/\/www2.uepg.br\/ppgquim\/wp-json\/wp\/v2\/media?parent=599"}],"curies":[{"name":"wp","href":"https:\/\/api.w.org\/{rel}","templated":true}]}}