{"id":603,"date":"2022-03-21T16:07:49","date_gmt":"2022-03-21T19:07:49","guid":{"rendered":"https:\/\/www2.uepg.br\/ppgquim\/?page_id=603"},"modified":"2022-03-23T09:49:18","modified_gmt":"2022-03-23T12:49:18","slug":"objetivos-2","status":"publish","type":"page","link":"https:\/\/www2.uepg.br\/ppgquim\/es\/objetivos-2\/","title":{"rendered":"Objetivos"},"content":{"rendered":"<p class=\"western\" align=\"justify\"><span lang=\"es-CO\">El PPGQA tiene como objetivo general:<\/span><\/p>\n<p class=\"western\" align=\"justify\"><span lang=\"es-CO\">Promover una formaci\u00f3n cualificada de los profesionales de Qu\u00edmica y \u00e1reas afines, conscientes de la multidisciplinariedad existente actualmente, competentes para actividades t\u00e9cnico-cient\u00edficas en el \u00e1rea b\u00e1sica y\/o aplicada a las nuevas tecnolog\u00edas, aptas para actividades de docencia, con potencial para la creaci\u00f3n e innovaci\u00f3n a partir investigaciones en Qu\u00edmica.<\/span><\/p>\n<p class=\"western\" align=\"justify\"><span lang=\"es-CO\">Objetivos espec\u00edficos:<\/span><\/p>\n<p class=\"western\" align=\"justify\"><span lang=\"es-CO\">Formar recurso humano altamente cualificado, con formaci\u00f3n s\u00f3lida en el \u00e1rea de la Qu\u00edmica, que atiendan al nuevo perfil de desarrollo tecnol\u00f3gico de Paran\u00e1, que se muestra altamente prometedor con la llegada de industrias de alta tecnolog\u00eda para la regi\u00f3n.<\/span><\/p>\n<p class=\"western\" align=\"justify\"><span lang=\"es-CO\">Formar recurso humano con visi\u00f3n multidisciplinaria para la creaci\u00f3n, movilizaci\u00f3n y consolidaci\u00f3n de competencia t\u00e9cnico-cient\u00edfica, aptas para enfrentar la complejidad de las cuestiones relacionadas al desarrollo de nuevas tecnolog\u00edas con base en la Qu\u00edmica y \u00e1reas afines.<\/span><\/p>\n<p class=\"western\" align=\"justify\"><span lang=\"es-CO\">Producir conocimiento cient\u00edfico y tecnol\u00f3gico que contribuya al desarrollo de la Qu\u00edmica y de sus aplicaciones con impactos importantes en la Ciencia, Tecnolog\u00eda, Sociedad y Medio Ambiente.<\/span><\/p>\n<p class=\"western\" align=\"justify\"><span lang=\"es-CO\">Proporcionar apoyo te\u00f3rico\/pr\u00e1ctico al profesional en formaci\u00f3n, agregado al conocimiento adquirido en la graduaci\u00f3n, para enfrentar los desaf\u00edos que impone la continuidad de los estudios a trav\u00e9s de un futuro doctorado.<\/span><\/p>\n<p class=\"western\" align=\"justify\"><span lang=\"es-CO\">Crear un ambiente en el cual las interacciones con industrias y centros de investigaci\u00f3n se fortalezcan y, de esta forma, el v\u00ednculo Universidad-Empresa sea evidente para el profesional en formaci\u00f3n.<\/span><\/p>\n","protected":false},"excerpt":{"rendered":"<p>El PPGQA tiene como objetivo general: Promover una formaci\u00f3n cualificada de los profesionales de Qu\u00edmica y \u00e1reas afines, conscientes de la multidisciplinariedad existente actualmente, competentes para actividades t\u00e9cnico-cient\u00edficas en el \u00e1rea b\u00e1sica y\/o aplicada a las nuevas tecnolog\u00edas, aptas para actividades de docencia, con potencial para la creaci\u00f3n e innovaci\u00f3n a partir investigaciones en Qu\u00edmica.&nbsp;&hellip;<\/p>\n","protected":false},"author":378,"featured_media":0,"parent":0,"menu_order":0,"comment_status":"closed","ping_status":"closed","template":"","meta":[],"_links":{"self":[{"href":"https:\/\/www2.uepg.br\/ppgquim\/wp-json\/wp\/v2\/pages\/603"}],"collection":[{"href":"https:\/\/www2.uepg.br\/ppgquim\/wp-json\/wp\/v2\/pages"}],"about":[{"href":"https:\/\/www2.uepg.br\/ppgquim\/wp-json\/wp\/v2\/types\/page"}],"author":[{"embeddable":true,"href":"https:\/\/www2.uepg.br\/ppgquim\/wp-json\/wp\/v2\/users\/378"}],"replies":[{"embeddable":true,"href":"https:\/\/www2.uepg.br\/ppgquim\/wp-json\/wp\/v2\/comments?post=603"}],"version-history":[{"count":2,"href":"https:\/\/www2.uepg.br\/ppgquim\/wp-json\/wp\/v2\/pages\/603\/revisions"}],"predecessor-version":[{"id":714,"href":"https:\/\/www2.uepg.br\/ppgquim\/wp-json\/wp\/v2\/pages\/603\/revisions\/714"}],"wp:attachment":[{"href":"https:\/\/www2.uepg.br\/ppgquim\/wp-json\/wp\/v2\/media?parent=603"}],"curies":[{"name":"wp","href":"https:\/\/api.w.org\/{rel}","templated":true}]}}