{"id":605,"date":"2022-03-21T16:10:41","date_gmt":"2022-03-21T19:10:41","guid":{"rendered":"https:\/\/www2.uepg.br\/ppgquim\/?page_id=605"},"modified":"2022-03-23T10:00:06","modified_gmt":"2022-03-23T13:00:06","slug":"lineas-de-investigacion","status":"publish","type":"page","link":"https:\/\/www2.uepg.br\/ppgquim\/es\/lineas-de-investigacion\/","title":{"rendered":"L\u00edneas de investigaci\u00f3n"},"content":{"rendered":"<p><span style=\"color: #0000ff;\"><br \/>\n<strong>Qu\u00edmica de los Compuestos Bioactivos y Biomol\u00e9culas<\/strong><br \/>\nla l\u00ednea tiene com inter\u00e9s el estudio de los compuestos biol\u00f3gicos y\/o farmacol\u00f3gico de origen sint\u00e9tica o natural con desarrollo en los temas de s\u00edntesis, aislamiento, purificaci\u00f3n, caracterizaci\u00f3n espectrosc\u00f3pica, reactividad, bioactividad, conformaci\u00f3n, estructura, propriedades fisicoqu\u00edmicas y aplicaciones;<br \/>\n<\/span><\/p>\n<p><span style=\"color: #008000;\"><br \/>\n<strong>Qu\u00edmica Ambiental e Anal\u00edtica<\/strong><br \/>\n(i) desarrollo de metolog\u00edas y sensores anal\u00edticos para la determinaci\u00f3n de especies qu\u00edmicas mediante t\u00e9cnicas de an\u00e1lisis cl\u00e1sico e instrumental, uso de m\u00e9todos de separaci\u00f3n y preconcentraci\u00f3n y uso de herramientas quimiom\u00e9tricas;<br \/>\n(ii) estudios de transporte, comportamiento y descarte de especies qu\u00edmica in matrices ambientales;<br \/>\n(iii) desarrollo de procesos para la remediaci\u00f3n ambiental a trav\u00e9s de tratamiento de aguas residuales y desenvolvimento de processos de remedia\u00e7\u00e3o ambiental atrav\u00e9s de tratamento de efluentes y eliminaci\u00f3n de desechos s\u00f3lidos y relaves;<br \/>\n<\/span><\/p>\n<p><span style=\"color: #ff0000;\"><br \/>\n<strong>Qu\u00edmica de los Materiales<\/strong><br \/>\nel inter\u00e9s\u00a0 de la l\u00ednea \u00e9s lo desarrollo de nuevos materiales y sus aplicationes. Los materiales m\u00e1s investigados son los aplicados en los temas de generaci\u00f3n y almacenamiento de energ\u00eda, materiales el\u00e9ctricos-\u00f3pticos-magn\u00e9ticos, cat\u00e1lisis heterog\u00e9nea, pigmentos, semicondutores, pol\u00edmeros conductores, sol-gel, entre otros.\u00a0El principal incentivo \u00e9s la b\u00fasqueda de la excelencia en la investigaci\u00f3n para la generaci\u00f3n de conocimiento en las m\u00e1s diversas aplicaciones cient\u00edficas.<br \/>\n<\/span><\/p>\n","protected":false},"excerpt":{"rendered":"<p>Qu\u00edmica de los Compuestos Bioactivos y Biomol\u00e9culas la l\u00ednea tiene com inter\u00e9s el estudio de los compuestos biol\u00f3gicos y\/o farmacol\u00f3gico de origen sint\u00e9tica o natural con desarrollo en los temas de s\u00edntesis, aislamiento, purificaci\u00f3n, caracterizaci\u00f3n espectrosc\u00f3pica, reactividad, bioactividad, conformaci\u00f3n, estructura, propriedades fisicoqu\u00edmicas y aplicaciones; Qu\u00edmica Ambiental e Anal\u00edtica (i) desarrollo de metolog\u00edas y sensores anal\u00edticos&nbsp;&hellip;<\/p>\n","protected":false},"author":378,"featured_media":0,"parent":0,"menu_order":0,"comment_status":"closed","ping_status":"closed","template":"","meta":[],"_links":{"self":[{"href":"https:\/\/www2.uepg.br\/ppgquim\/wp-json\/wp\/v2\/pages\/605"}],"collection":[{"href":"https:\/\/www2.uepg.br\/ppgquim\/wp-json\/wp\/v2\/pages"}],"about":[{"href":"https:\/\/www2.uepg.br\/ppgquim\/wp-json\/wp\/v2\/types\/page"}],"author":[{"embeddable":true,"href":"https:\/\/www2.uepg.br\/ppgquim\/wp-json\/wp\/v2\/users\/378"}],"replies":[{"embeddable":true,"href":"https:\/\/www2.uepg.br\/ppgquim\/wp-json\/wp\/v2\/comments?post=605"}],"version-history":[{"count":3,"href":"https:\/\/www2.uepg.br\/ppgquim\/wp-json\/wp\/v2\/pages\/605\/revisions"}],"predecessor-version":[{"id":716,"href":"https:\/\/www2.uepg.br\/ppgquim\/wp-json\/wp\/v2\/pages\/605\/revisions\/716"}],"wp:attachment":[{"href":"https:\/\/www2.uepg.br\/ppgquim\/wp-json\/wp\/v2\/media?parent=605"}],"curies":[{"name":"wp","href":"https:\/\/api.w.org\/{rel}","templated":true}]}}