{"id":607,"date":"2022-03-21T16:11:21","date_gmt":"2022-03-21T19:11:21","guid":{"rendered":"https:\/\/www2.uepg.br\/ppgquim\/?page_id=607"},"modified":"2022-10-21T16:29:56","modified_gmt":"2022-10-21T19:29:56","slug":"docente","status":"publish","type":"page","link":"https:\/\/www2.uepg.br\/ppgquim\/es\/docente\/","title":{"rendered":"Docentes"},"content":{"rendered":"<p><img loading=\"lazy\" class=\"alignnone size-thumbnail wp-image-268\" src=\"https:\/\/www2.uepg.br\/ppgquim\/wp-content\/uploads\/sites\/223\/2022\/03\/WIN_20170217_11_56_55_Pro-21-248x300-1-e1648041091340-150x150.jpg\" alt=\"\" width=\"150\" height=\"150\" \/><br \/>\n<a href=\"http:\/\/lattes.cnpq.br\/6831661425476494\">Adriano Gon\u00e7alves Viana<\/a><br \/>\n<span id=\"cc_card:0:0:cc_mail\" title=\"Enviar email =&gt; Adriano Viana \"><span class=\"link\">adrianogviana@gmail.com<br \/>\n<a style=\"color: #0000ff\" href=\"https:\/\/www3.uepg.br\/ppgqa-sp\/lineas-de-investigacion\/\">Qu\u00edmica de los Compuestos Bioactivos y Biomol\u00e9culas<\/a><br \/>\n<\/span><\/span><\/p>\n<hr \/>\n<p><img loading=\"lazy\" class=\"alignnone size-thumbnail wp-image-269\" src=\"https:\/\/www2.uepg.br\/ppgquim\/wp-content\/uploads\/sites\/223\/2022\/03\/Imagem1-1-150x134.png\" alt=\"\" width=\"150\" height=\"134\" \/><br \/>\n<a href=\"http:\/\/lattes.cnpq.br\/7372807867100026\">Alexandre Camilo J\u00fanior<\/a><br \/>\n<span id=\"cc_card:0:0:cc_mail\" title=\"Enviar email =&gt; Alexandre Camilo Jr.\"><span class=\"link\">jr.acamilo@gmail.com<br \/>\n<span id=\"cc_card:0:0:cc_mail\" style=\"color: #ff0000\" title=\"Enviar email =&gt; Eder Souza\"><span title=\"Enviar email =&gt; S\u00e9rgio Toshio Fujiwara\"><span id=\"cc_card:0:0:cc_mail\" title=\"Enviar email =&gt; Adriano Viana \"><a style=\"color: #ff0000\" href=\"https:\/\/www3.uepg.br\/ppgqa-sp\/lineas-de-investigacion\/\">Qu\u00edmica de los Materiales<\/a><\/span><\/span><\/span><br \/>\n<\/span><\/span><\/p>\n<hr \/>\n<p><a href=\"http:\/\/lattes.cnpq.br\/8461945852052834\" target=\"_blank\" rel=\"noopener noreferrer\"><img loading=\"lazy\" class=\"alignnone size-thumbnail wp-image-267\" src=\"https:\/\/www2.uepg.br\/ppgquim\/wp-content\/uploads\/sites\/223\/2022\/03\/22552380_1539908889429491_5072253447966807445_n-248x300-1-e1648041113844-150x150.jpg\" alt=\"\" width=\"150\" height=\"150\" \/><br \/>\nBarbara Cel\u00e2nia Fiorin<br \/>\n<\/a>barbarafiorin@yahoo.com.br<br \/>\n<span id=\"cc_card:0:0:cc_mail\" title=\"Enviar email =&gt; Adriano Viana \"><span class=\"link\"><a style=\"color: #0000ff\" href=\"https:\/\/www3.uepg.br\/ppgqa-sp\/lineas-de-investigacion\/\">Qu\u00edmica de los Compuestos Bioactivos y Biomol\u00e9culas<\/a><\/span><\/span><\/p>\n<hr \/>\n<p><a href=\"http:\/\/CV: http:\/\/lattes.cnpq.br\/7006592133835329\">C\u00e1ssia Gon\u00e7alves Magalh\u00e3es<\/a><\/p>\n<p>cgmagalhaes@uepg.br<span id=\"cc_card:0:0:cc_mail\" title=\"Enviar email =&gt; Eder Souza\"><span id=\"cc_card:0:0:cc_mail\" title=\"Enviar email =&gt; Adriano Viana \"><\/span><\/span><\/p>\n<p><span id=\"cc_card:0:0:cc_mail\" title=\"Enviar email =&gt; Adriano Viana \"><span class=\"link\"><a href=\"https:\/\/www3.uepg.br\/ppgqa-sp\/lineas-de-investigacion\/\">Qu\u00edmica de los Compuestos Bioactivos y Biomol\u00e9culas<\/a><\/span><\/span><\/p>\n<hr \/>\n<p><img loading=\"lazy\" class=\"alignnone wp-image-272\" src=\"https:\/\/www2.uepg.br\/ppgquim\/wp-content\/uploads\/sites\/223\/2022\/03\/foto_CNPQ1-300x1011-1-e1648040710680.jpg\" alt=\"\" width=\"150\" height=\"205\" \/><br \/>\n<a href=\"http:\/\/lattes.cnpq.br\/7993522648152946\" target=\"_blank\" rel=\"noopener noreferrer\">Christiana Andrade Pess\u00f4a<\/a><br \/>\nchristianapessoa@hotmail.com<br \/>\n<span id=\"cc_card:0:0:cc_mail\" style=\"color: #ff0000\" title=\"Enviar email =&gt; Eder Souza\"><span class=\"link\"><span title=\"Enviar email =&gt; S\u00e9rgio Toshio Fujiwara\"><span id=\"cc_card:0:0:cc_mail\" title=\"Enviar email =&gt; Adriano Viana \"><a style=\"color: #ff0000\" href=\"https:\/\/www3.uepg.br\/ppgqa-sp\/lineas-de-investigacion\/\">Qu\u00edmica de los Materiales<\/a><\/span><\/span><\/span><\/span><\/p>\n<hr \/>\n<p><a href=\"http:\/\/lattes.cnpq.br\/9548339416167815\">Christiane Philippini Ferreira Borges<\/a><br \/>\ncpfborges@uol.com.br<br \/>\n<span id=\"cc_card:0:0:cc_mail\" style=\"color: #ff0000\" title=\"Enviar email =&gt; Eder Souza\"><span class=\"link\"><span title=\"Enviar email =&gt; S\u00e9rgio Toshio Fujiwara\"><span id=\"cc_card:0:0:cc_mail\" title=\"Enviar email =&gt; Adriano Viana \"><a style=\"color: #ff0000\" href=\"https:\/\/www3.uepg.br\/ppgqa-sp\/lineas-de-investigacion\/\">Qu\u00edmica de los Materiales<\/a><\/span><\/span><\/span><\/span><\/p>\n<hr \/>\n<p><img loading=\"lazy\" class=\"alignnone size-full wp-image-265\" src=\"https:\/\/www2.uepg.br\/ppgquim\/wp-content\/uploads\/sites\/223\/2022\/03\/Imagem2-150x150-1.png\" alt=\"\" width=\"150\" height=\"150\" \/><br \/>\n<a href=\"http:\/\/buscatextual.cnpq.br\/buscatextual\/visualizacv.do?id=K4767148P0\" target=\"_blank\" rel=\"noopener noreferrer\">Eder Carlos Ferreira de Souza<\/a><br \/>\n<span id=\"cc_card:0:0:cc_mail\" title=\"Enviar email =&gt; Eder Souza\"><span class=\"link\">souza.eder@gmail.com<br \/>\n<span style=\"color: #ff0000\" title=\"Enviar email =&gt; S\u00e9rgio Toshio Fujiwara\"><span id=\"cc_card:0:0:cc_mail\" title=\"Enviar email =&gt; Adriano Viana \"><a style=\"color: #ff0000\" href=\"https:\/\/www3.uepg.br\/ppgqa-sp\/lineas-de-investigacion\/\">Qu\u00edmica de los Materiales<\/a><\/span><\/span><br \/>\n<\/span><\/span><\/p>\n<hr \/>\n<p><img loading=\"lazy\" class=\"alignnone size-thumbnail wp-image-262\" src=\"https:\/\/www2.uepg.br\/ppgquim\/wp-content\/uploads\/sites\/223\/2022\/03\/Imagem5-150x150.png\" alt=\"\" width=\"150\" height=\"150\" \/><br \/>\n<a href=\"http:\/\/lattes.cnpq.br\/8045475531172080\" target=\"_blank\" rel=\"noopener noreferrer\">Elaine Regina Lopes Tiburtius<\/a><br \/>\n<span title=\"Enviar email =&gt; Elaine Regina Lopes Tiburtius\"><span class=\"link\">erltiburtius@gmail.com<br \/>\n<span style=\"color: #008000\" title=\"Enviar email =&gt; S\u00e9rgio Toshio Fujiwara\"><span id=\"cc_card:0:0:cc_mail\" title=\"Enviar email =&gt; Adriano Viana \"><a style=\"color: #008000\" href=\"https:\/\/www3.uepg.br\/ppgqa-sp\/lineas-de-investigacion\/\">Qu\u00edmica Ambiental y Anal\u00edtica<\/a><\/span><\/span><br \/>\n<\/span><\/span><\/p>\n<hr \/>\n<p><a href=\"http:\/\/lattes.cnpq.br\/8781317059836479\">Ernandes Taveira Ten\u00f3rio Neto<\/a><br \/>\nernandes.tenorio@uepg.br<br \/>\n<span id=\"cc_card:0:0:cc_mail\" title=\"Enviar email =&gt; Adriano Viana \"><\/span><a style=\"color: #ff0000\" href=\"https:\/\/www3.uepg.br\/ppgqa-sp\/lineas-de-investigacion\/\">Qu\u00edmica de los Materiales<\/a><\/p>\n<hr \/>\n<p><a href=\"http:\/\/lattes.cnpq.br\/6173587951855813\">Evaldo Toniolo Kubaski<\/a><br \/>\nevaldotk@outlook.com<br \/>\n<span id=\"cc_card:0:0:cc_mail\" title=\"Enviar email =&gt; Adriano Viana \"><\/span><a style=\"color: #ff0000\" href=\"https:\/\/www3.uepg.br\/ppgqa-sp\/lineas-de-investigacion\/\">Qu\u00edmica de los Materiales<\/a><\/p>\n<hr \/>\n<p><img loading=\"lazy\" class=\"alignnone size-thumbnail wp-image-719\" src=\"https:\/\/www2.uepg.br\/ppgquim\/wp-content\/uploads\/sites\/223\/2022\/03\/IMG-6331-189x300-2-e1648041237265-150x150.jpg\" alt=\"\" width=\"150\" height=\"150\" \/><br \/>\n<a href=\"http:\/\/buscatextual.cnpq.br\/buscatextual\/busca.do\">Jacqueline Aparecida Marques<\/a><br \/>\njmarques@uepg.br<br \/>\n<span id=\"cc_card:0:0:cc_mail\" title=\"Enviar email =&gt; Adriano Viana \"><span class=\"link\"><a style=\"color: #0000ff\" href=\"https:\/\/www3.uepg.br\/ppgqa-sp\/lineas-de-investigacion\/\">Qu\u00edmica de los Compuestos Bioactivos y Biomol\u00e9culas<\/a><\/span><\/span><\/p>\n<hr \/>\n<p><img loading=\"lazy\" class=\"alignnone size-full wp-image-263\" src=\"https:\/\/www2.uepg.br\/ppgquim\/wp-content\/uploads\/sites\/223\/2022\/03\/1506585_10151957070431625_1985346309_n-150x150-1.jpg\" alt=\"\" width=\"150\" height=\"150\" \/><br \/>\n<a href=\"http:\/\/lattes.cnpq.br\/9658977583910054\">Jarem Raul Garcia<\/a><br \/>\njrgarcia@uepg.br<br \/>\n<span id=\"cc_card:0:0:cc_mail\" title=\"Enviar email =&gt; Adriano Viana \"><\/span><a style=\"color: #ff0000\" href=\"https:\/\/www3.uepg.br\/ppgqa-sp\/lineas-de-investigacion\/\">Qu\u00edmica de los Materiales<\/a><\/p>\n<hr \/>\n<p><img loading=\"lazy\" class=\"alignnone size-full wp-image-261\" src=\"https:\/\/www2.uepg.br\/ppgquim\/wp-content\/uploads\/sites\/223\/2022\/03\/Imagem7.png\" alt=\"\" width=\"149\" height=\"112\" \/><br \/>\n<a href=\"http:\/\/lattes.cnpq.br\/2817758210035652\" target=\"_blank\" rel=\"noopener noreferrer\">Jorge Iulek<\/a><br \/>\n<span title=\"Enviar email =&gt; Jorge Iulek\"><span class=\"link\">iulek@uepg.br<br \/>\n<span id=\"cc_card:0:0:cc_mail\" title=\"Enviar email =&gt; Adriano Viana \"><a style=\"color: #0000ff\" href=\"https:\/\/www3.uepg.br\/ppgqa-sp\/lineas-de-investigacion\/\">Qu\u00edmica de los Compuestos Bioactivos y Biomol\u00e9culas<\/a><\/span><br \/>\n<\/span><\/span><\/p>\n<hr \/>\n<p><span id=\"cc_card:0:0:cc_mail\" title=\"Enviar email =&gt; Jorge Iulek\"><\/span><img loading=\"lazy\" class=\"alignnone size-thumbnail wp-image-259\" src=\"https:\/\/www2.uepg.br\/ppgquim\/wp-content\/uploads\/sites\/223\/2022\/03\/servletrecuperafoto-203x300-1-e1648040866670-150x150.jpg\" alt=\"\" width=\"150\" height=\"150\" \/><br \/>\n<a href=\"http:\/\/lattes.cnpq.br\/6637517443126827\">Juliana Inaba<\/a><br \/>\njinaba@uepg.br<br \/>\n<span id=\"cc_card:0:0:cc_mail\" title=\"Enviar email =&gt; Adriano Viana \"><\/span><a style=\"color: #0000ff\" href=\"https:\/\/www3.uepg.br\/ppgqa-sp\/lineas-de-investigacion\/\">Qu\u00edmica de los Compuestos Bioactivos y Biomol\u00e9culas<\/a><\/p>\n<hr \/>\n<p><img loading=\"lazy\" class=\"alignnone size-thumbnail wp-image-258\" src=\"https:\/\/www2.uepg.br\/ppgquim\/wp-content\/uploads\/sites\/223\/2022\/03\/perfil_karen-200x300-1-e1648040929969-150x150.jpg\" alt=\"\" width=\"150\" height=\"150\" \/><br \/>\n<a href=\"http:\/\/lattes.cnpq.br\/4244400828505785\" target=\"_blank\" rel=\"noopener noreferrer\">Karen Wohnrath<\/a><br \/>\nkaren.woh@gmail.com<br \/>\n<span id=\"cc_card:0:0:cc_mail\" title=\"Enviar email =&gt; Adriano Viana \"><span class=\"link\"><a style=\"color: #0000ff\" href=\"https:\/\/www3.uepg.br\/ppgqa-sp\/lineas-de-investigacion\/\">Qu\u00edmica de los Compuestos Bioactivos y Biomol\u00e9culas<br \/>\n<\/a><a style=\"color: #ff0000\" href=\"https:\/\/www3.uepg.br\/ppgqa-sp\/lineas-de-investigacion\/\">Qu\u00edmica de los Materiales<\/a><\/span><\/span><\/p>\n<hr \/>\n<p><img loading=\"lazy\" class=\"alignnone size-thumbnail wp-image-257\" src=\"https:\/\/www2.uepg.br\/ppgquim\/wp-content\/uploads\/sites\/223\/2022\/03\/eu1-225x300-1-e1648040945505-150x150.jpg\" alt=\"\" width=\"150\" height=\"150\" \/><br \/>\n<a href=\"http:\/\/lattes.cnpq.br\/5651297598075050\" target=\"_blank\" rel=\"noopener noreferrer\">Patr\u00edcia Los Weinert<\/a><br \/>\npatilos@yahoo.com.br<br \/>\n<span style=\"color: #008000\" title=\"Enviar email =&gt; S\u00e9rgio Toshio Fujiwara\"><span class=\"link\"><span id=\"cc_card:0:0:cc_mail\" title=\"Enviar email =&gt; Adriano Viana \"><a style=\"color: #008000\" href=\"https:\/\/www3.uepg.br\/ppgqa-sp\/lineas-de-investigacion\/\">Qu\u00edmica Ambiental y Anal\u00edtica<\/a><\/span><\/span><\/span><\/p>\n<hr \/>\n<p><img loading=\"lazy\" class=\"alignnone size-full wp-image-340\" src=\"https:\/\/www2.uepg.br\/ppgquim\/wp-content\/uploads\/sites\/223\/2022\/03\/foto-ppgqa-site-146x300-2-e1648041327365.png\" alt=\"\" width=\"146\" height=\"151\" \/><br \/>\n<a href=\"http:\/\/lattes.cnpq.br\/3277439471060779\" target=\"_blank\" rel=\"noopener noreferrer\">Romaiana Picada Pereira<\/a><br \/>\nromaiana@yahoo.com.br<br \/>\n<span id=\"cc_card:0:0:cc_mail\" title=\"Enviar email =&gt; Adriano Viana \"><span class=\"link\"><a style=\"color: #0000ff\" href=\"https:\/\/www3.uepg.br\/ppgqa-sp\/lineas-de-investigacion\/\">Qu\u00edmica de los Compuestos Bioactivos y Biomol\u00e9culas<\/a><\/span><\/span><\/p>\n<hr \/>\n<p><a href=\"http:\/\/lattes.cnpq.br\/6637517443126827\" target=\"_blank\" rel=\"noopener noreferrer\">Sandra Regina Masetto Antunes<br \/>\n<\/a>sandrareg@uepg.br<br \/>\n<span style=\"color: #ff0000\" title=\"Enviar email =&gt; S\u00e9rgio Toshio Fujiwara\"><span class=\"link\"><span id=\"cc_card:0:0:cc_mail\" title=\"Enviar email =&gt; Adriano Viana \"><a style=\"color: #ff0000\" href=\"https:\/\/www3.uepg.br\/ppgqa-sp\/lineas-de-investigacion\/\">Qu\u00edmica de los Materiales<\/a><\/span><\/span><\/span><\/p>\n<hr \/>\n<p><img loading=\"lazy\" class=\"alignnone size-thumbnail wp-image-253\" src=\"https:\/\/www2.uepg.br\/ppgquim\/wp-content\/uploads\/sites\/223\/2022\/03\/Imagem8-e1648041007340-150x150.png\" alt=\"\" width=\"150\" height=\"150\" \/><br \/>\n<a href=\"http:\/\/lattes.cnpq.br\/6581464833073464\" target=\"_blank\" rel=\"noopener noreferrer\">Sandro Xavier de Campos<\/a><br \/>\n<span title=\"Enviar email =&gt; Sandro Xavier de Campos\"><span class=\"link\">campos@uepg.br<br \/>\n<span style=\"color: #008000\" title=\"Enviar email =&gt; S\u00e9rgio Toshio Fujiwara\"><span id=\"cc_card:0:0:cc_mail\" title=\"Enviar email =&gt; Adriano Viana \"><a style=\"color: #008000\" href=\"https:\/\/www3.uepg.br\/ppgqa-sp\/lineas-de-investigacion\/\">Qu\u00edmica Ambiental y Anal\u00edtica<\/a><\/span><\/span><br \/>\n<\/span><\/span><\/p>\n<hr \/>\n<p><span id=\"cc_card:0:0:cc_mail\" title=\"Enviar email =&gt; Sandro Xavier de Campos\"><span class=\"link\"><img loading=\"lazy\" class=\"alignnone size-thumbnail wp-image-255\" src=\"https:\/\/www2.uepg.br\/ppgquim\/wp-content\/uploads\/sites\/223\/2022\/03\/foto-CPC-1-250x300-1-e1648040989712-150x150.png\" alt=\"\" width=\"150\" height=\"150\" \/><\/span><\/span><br \/>\n<a href=\"http:\/\/lattes.cnpq.br\/1200849593735259\">S\u00e9rgio Ricardo de L\u00e1zaro<\/a><br \/>\n<span title=\"Enviar email =&gt; S\u00e9rgio Ricardo de L\u00e1zaro\"><span class=\"link\">srlazaro@uepg.br<br \/>\n<span style=\"color: #ff0000\" title=\"Enviar email =&gt; S\u00e9rgio Toshio Fujiwara\"><span id=\"cc_card:0:0:cc_mail\" title=\"Enviar email =&gt; Adriano Viana \"><a style=\"color: #ff0000\" href=\"https:\/\/www3.uepg.br\/ppgqa-sp\/lineas-de-investigacion\/\">Qu\u00edmica de los Materiales<\/a><\/span><\/span><br \/>\n<\/span><\/span><\/p>\n<hr \/>\n<p>&nbsp;<\/p>\n<p><span title=\"Enviar email =&gt; S\u00e9rgio Toshio Fujiwara\"><span class=\"link\"><span id=\"cc_card:0:0:cc_mail\" title=\"Enviar email =&gt; Adriano Viana \"><a href=\"http:\/\/lattes.cnpq.br\/3067314279737076\"><img loading=\"lazy\" class=\"alignnone size-thumbnail wp-image-254\" src=\"https:\/\/www2.uepg.br\/ppgquim\/wp-content\/uploads\/sites\/223\/2022\/03\/servletrecuperafoto-225x300-1-150x150.jpg\" alt=\"\" width=\"150\" height=\"150\" \/><br \/>\nSuellen Aparecida Alves<\/a><a href=\"https:\/\/www3.uepg.br\/ppgqa\/linhas-de-pesquisas\/\"><br \/>\n<\/a>alves.suellen10@gmail.com<a href=\"https:\/\/www3.uepg.br\/ppgqa\/linhas-de-pesquisas\/\"><br \/>\n<\/a><\/span><\/span><span class=\"link\"><span id=\"cc_card:0:0:cc_mail\" style=\"color: #ff0000\" title=\"Enviar email =&gt; Adriano Viana \"><a style=\"color: #ff0000\" href=\"https:\/\/www3.uepg.br\/ppgqa-sp\/lineas-de-investigacion\/\">Qu\u00edmica de los Materiales<\/a><\/span><\/span><br \/>\n<span id=\"cc_card:1:0:cc_mail\" title=\"Enviar email =&gt; Vanessa Eg\u00e9a dos Anjos\"><span class=\"link\"><span style=\"color: #008000\" title=\"Enviar email =&gt; S\u00e9rgio Toshio Fujiwara\"><span id=\"cc_card:0:0:cc_mail\" title=\"Enviar email =&gt; Adriano Viana \"><a style=\"color: #008000\" href=\"https:\/\/www3.uepg.br\/ppgqa-sp\/lineas-de-investigacion\/\">Qu\u00edmica Ambiental y Anal\u00edtica<\/a><\/span><\/span><\/span><\/span><\/span><\/p>\n<hr \/>\n<p><span id=\"cc_card:0:0:cc_mail\" title=\"Enviar email =&gt; S\u00e9rgio Toshio Fujiwara\"><span class=\"link\"><img loading=\"lazy\" class=\"alignnone size-full wp-image-251\" src=\"https:\/\/www2.uepg.br\/ppgquim\/wp-content\/uploads\/sites\/223\/2022\/03\/Imagem10.png\" alt=\"\" width=\"104\" height=\"142\" \/><\/span><\/span><br \/>\n<a href=\"http:\/\/lattes.cnpq.br\/1760343634540309\" target=\"_blank\" rel=\"noopener noreferrer\">Vanessa Eg\u00e9a dos Anjos<\/a><br \/>\n<span id=\"cc_card:1:0:cc_mail\" title=\"Enviar email =&gt; Vanessa Eg\u00e9a dos Anjos\"><span class=\"link\">vanessaegea.quim@gmail.com<br \/>\n<span style=\"color: #008000\" title=\"Enviar email =&gt; S\u00e9rgio Toshio Fujiwara\"><span id=\"cc_card:0:0:cc_mail\" title=\"Enviar email =&gt; Adriano Viana \"><a style=\"color: #008000\" href=\"https:\/\/www3.uepg.br\/ppgqa-sp\/lineas-de-investigacion\/\">Qu\u00edmica Ambiental y Anal\u00edtica<\/a><\/span><\/span><\/span><\/span><\/p>\n","protected":false},"excerpt":{"rendered":"<p>Adriano Gon\u00e7alves Viana adrianogviana@gmail.com Qu\u00edmica de los Compuestos Bioactivos y Biomol\u00e9culas Alexandre Camilo J\u00fanior jr.acamilo@gmail.com Qu\u00edmica de los Materiales Barbara Cel\u00e2nia Fiorin barbarafiorin@yahoo.com.br Qu\u00edmica de los Compuestos Bioactivos y Biomol\u00e9culas C\u00e1ssia Gon\u00e7alves Magalh\u00e3es cgmagalhaes@uepg.br Qu\u00edmica de los Compuestos Bioactivos y Biomol\u00e9culas Christiana Andrade Pess\u00f4a christianapessoa@hotmail.com Qu\u00edmica de los Materiales Christiane Philippini Ferreira Borges cpfborges@uol.com.br Qu\u00edmica&nbsp;&hellip;<\/p>\n","protected":false},"author":378,"featured_media":0,"parent":0,"menu_order":0,"comment_status":"closed","ping_status":"closed","template":"","meta":[],"_links":{"self":[{"href":"https:\/\/www2.uepg.br\/ppgquim\/wp-json\/wp\/v2\/pages\/607"}],"collection":[{"href":"https:\/\/www2.uepg.br\/ppgquim\/wp-json\/wp\/v2\/pages"}],"about":[{"href":"https:\/\/www2.uepg.br\/ppgquim\/wp-json\/wp\/v2\/types\/page"}],"author":[{"embeddable":true,"href":"https:\/\/www2.uepg.br\/ppgquim\/wp-json\/wp\/v2\/users\/378"}],"replies":[{"embeddable":true,"href":"https:\/\/www2.uepg.br\/ppgquim\/wp-json\/wp\/v2\/comments?post=607"}],"version-history":[{"count":12,"href":"https:\/\/www2.uepg.br\/ppgquim\/wp-json\/wp\/v2\/pages\/607\/revisions"}],"predecessor-version":[{"id":974,"href":"https:\/\/www2.uepg.br\/ppgquim\/wp-json\/wp\/v2\/pages\/607\/revisions\/974"}],"wp:attachment":[{"href":"https:\/\/www2.uepg.br\/ppgquim\/wp-json\/wp\/v2\/media?parent=607"}],"curies":[{"name":"wp","href":"https:\/\/api.w.org\/{rel}","templated":true}]}}