{"id":617,"date":"2022-03-21T16:21:45","date_gmt":"2022-03-21T19:21:45","guid":{"rendered":"https:\/\/www2.uepg.br\/ppgquim\/?page_id=617"},"modified":"2022-03-29T16:23:39","modified_gmt":"2022-03-29T19:23:39","slug":"regulamento","status":"publish","type":"page","link":"https:\/\/www2.uepg.br\/ppgquim\/es\/regulamento\/","title":{"rendered":"Regulamentos"},"content":{"rendered":"<p>Regulamento de regime domiciliar e abono de faltas para os cursos de P\u00f3s-Gradua\u00e7\u00e3o. (<a href=\"https:\/\/www2.uepg.br\/ppgquim\/wp-content\/uploads\/sites\/223\/2022\/03\/028.pdf\" target=\"_blank\" rel=\"noopener\">PDF<\/a>)<strong>\u00a0NOVO<\/strong><\/p>\n<p>Regulamento do Mestrado em Qu\u00edmica Aplicada \u2013 2009\u00a0 (<a href=\"https:\/\/www2.uepg.br\/ppgquim\/wp-content\/uploads\/sites\/223\/2022\/03\/Res.-CEPE-n.o-121-de-19.06.2009-Novo-Regulamento-do-Mestrado-em-Qu_.pdf\" target=\"_new\" rel=\"noopener\">PDF<\/a>)<\/p>\n<p>Regulamento do Mestrado em Qu\u00edmica Aplicada \u2013 2018\u00a0<a href=\"https:\/\/www2.uepg.br\/ppgquim\/wp-content\/uploads\/sites\/223\/2022\/03\/Res_CEPE_27_2018.pdf\">Res-CEPE-27-2018-PPGQA<\/a><\/p>\n<p>Regimento Geral dos Programas de P\u00f3s-Gradua\u00e7\u00e3o Stricto Sensu da UEPG \u2013 para ingressantes entre 13 de mar\u00e7o de 2008 e 28 de maio de 2012. (<a href=\"https:\/\/www2.uepg.br\/ppgquim\/wp-content\/uploads\/sites\/223\/2022\/03\/Res.-CEPE-n.o-39-de-13.03.2008-Regimento-Geral-dos-PPGs-strictu-sensu.pdf\" target=\"_new\" rel=\"noopener\">PDF<\/a>)<\/p>\n","protected":false},"excerpt":{"rendered":"<p>Regulamento de regime domiciliar e abono de faltas para os cursos de P\u00f3s-Gradua\u00e7\u00e3o. (PDF)\u00a0NOVO Regulamento do Mestrado em Qu\u00edmica Aplicada \u2013 2009\u00a0 (PDF) Regulamento do Mestrado em Qu\u00edmica Aplicada \u2013 2018\u00a0Res-CEPE-27-2018-PPGQA Regimento Geral dos Programas de P\u00f3s-Gradua\u00e7\u00e3o Stricto Sensu da UEPG \u2013 para ingressantes entre 13 de mar\u00e7o de 2008 e 28 de maio de&nbsp;&hellip;<\/p>\n","protected":false},"author":378,"featured_media":0,"parent":0,"menu_order":0,"comment_status":"closed","ping_status":"closed","template":"","meta":[],"_links":{"self":[{"href":"https:\/\/www2.uepg.br\/ppgquim\/wp-json\/wp\/v2\/pages\/617"}],"collection":[{"href":"https:\/\/www2.uepg.br\/ppgquim\/wp-json\/wp\/v2\/pages"}],"about":[{"href":"https:\/\/www2.uepg.br\/ppgquim\/wp-json\/wp\/v2\/types\/page"}],"author":[{"embeddable":true,"href":"https:\/\/www2.uepg.br\/ppgquim\/wp-json\/wp\/v2\/users\/378"}],"replies":[{"embeddable":true,"href":"https:\/\/www2.uepg.br\/ppgquim\/wp-json\/wp\/v2\/comments?post=617"}],"version-history":[{"count":4,"href":"https:\/\/www2.uepg.br\/ppgquim\/wp-json\/wp\/v2\/pages\/617\/revisions"}],"predecessor-version":[{"id":803,"href":"https:\/\/www2.uepg.br\/ppgquim\/wp-json\/wp\/v2\/pages\/617\/revisions\/803"}],"wp:attachment":[{"href":"https:\/\/www2.uepg.br\/ppgquim\/wp-json\/wp\/v2\/media?parent=617"}],"curies":[{"name":"wp","href":"https:\/\/api.w.org\/{rel}","templated":true}]}}