{"id":621,"date":"2022-03-21T16:23:36","date_gmt":"2022-03-21T19:23:36","guid":{"rendered":"https:\/\/www2.uepg.br\/ppgquim\/?page_id=621"},"modified":"2022-03-23T13:28:31","modified_gmt":"2022-03-23T16:28:31","slug":"sustentacion-del-proyecto-de-grado","status":"publish","type":"page","link":"https:\/\/www2.uepg.br\/ppgquim\/es\/sustentacion-del-proyecto-de-grado\/","title":{"rendered":"Sustentaci\u00f3n del proyecto de grado"},"content":{"rendered":"<p class=\"western\" align=\"justify\"><span lang=\"es-CO\">El PPGQA propone la Estructura de el Examen de Disertaci\u00f3n. Vea los plazos en la secci\u00f3n: Matr\u00edcula y Plazos.<\/span><\/p>\n<p class=\"western\" align=\"justify\"><span lang=\"es-CO\">(Basta con pulsar en PDF para descargar cada documento.)<\/span><\/p>\n<p><span lang=\"es-CO\">Estructura de el Examen de Disertaci\u00f3n<\/span>\u00a0(<a href=\"https:\/\/www2.uepg.br\/ppgquim\/wp-content\/uploads\/sites\/223\/2022\/03\/estrutura-do-exame-de-qualificacao-e-da-dissertacao-PPGQA.doc\">DOC<\/a>\/<a href=\"https:\/\/www2.uepg.br\/ppgquim\/wp-content\/uploads\/sites\/223\/2022\/03\/estrutura-do-exame-de-qualificacao-e-da-dissertacao-PPGQA.pdf\" target=\"_new\" rel=\"noopener\">PDF<\/a>)<br \/>\n<span lang=\"es-CO\">Instrucciones Generales\u00a0<\/span>(<a href=\"https:\/\/www2.uepg.br\/ppgquim\/wp-content\/uploads\/sites\/223\/2022\/03\/instrucoes-gerais-para-exame-de-qualificacao-e-defesa-de-dissertacao-_.pdf\" target=\"_new\" rel=\"noopener\">PDF<\/a>)<br \/>\n<span lang=\"es-CO\">Formulario \u2013 Sustentaci\u00f3n de Disertaci\u00f3n\u00a0<\/span>(<a href=\"https:\/\/www2.uepg.br\/ppgquim\/wp-content\/uploads\/sites\/223\/2022\/03\/formulario-de-defesa-de-dissertacao-PPGQA.doc\">DOC<\/a>\/<a href=\"https:\/\/www2.uepg.br\/ppgquim\/wp-content\/uploads\/sites\/223\/2022\/03\/formulario-de-defesa-de-dissertacao-PPGQA.pdf\" target=\"_new\" rel=\"noopener\">PDF<\/a>)<\/p>\n<div id=\"menu\">\n<div class=\"mainpanel\">\n<p class=\"western\" align=\"justify\"><strong><span lang=\"es-CO\">Versi\u00f3n Definitiva de la Disertaci\u00f3n<\/span><\/strong><\/p>\n<p class=\"western\" align=\"justify\"><span lang=\"es-CO\">Despu\u00e9s de la sustentaci\u00f3n y aprobaci\u00f3n el estudiante tiene sesenta d\u00edas (60) d\u00edas para presentar la Versi\u00f3n Definitiva de la Disertaci\u00f3n.<\/span><\/p>\n<p class=\"western\" align=\"justify\"><span lang=\"es-CO\">(Basta con pulsar en PDF para descargar cada documento.)<\/span><\/p>\n<p class=\"western\" align=\"justify\"><span lang=\"es-CO\">Instrucciones Generales \u2013 Versi\u00f3n Definitiva<\/span>\u00a0(<a href=\"https:\/\/www2.uepg.br\/ppgquim\/wp-content\/uploads\/sites\/223\/2022\/03\/instrucoes-gerais-para-versao-definitiva-de-dissertacao-PPGQA.pdf\" target=\"_new\" rel=\"noopener\">PDF<\/a>)<\/p>\n<p><span lang=\"es-CO\">Cat\u00e1logo de fichas<\/span>\u00a0(<a href=\"https:\/\/www2.uepg.br\/ppgquim\/wp-content\/uploads\/sites\/223\/2022\/03\/ficha-catalografica-PPGQA.pdf\" target=\"_new\" rel=\"noopener\">PDF<\/a>)<\/p>\n<p><span lang=\"es-CO\">Procedimiento para Publicaci\u00f3n de la Disertaci\u00f3n<\/span>\u00a0(<a href=\"https:\/\/www2.uepg.br\/ppgquim\/wp-content\/uploads\/sites\/223\/2022\/03\/procedimento-para-publicacao-de-dissertacao-PPGQA.pdf\" target=\"_new\" rel=\"noopener\">PDF<\/a>)<\/p>\n<p><span lang=\"es-CO\">Formulario de Autorizaci\u00f3n para la publicaci\u00f3n<\/span>\u00a0(<a href=\"https:\/\/www2.uepg.br\/ppgquim\/wp-content\/uploads\/sites\/223\/2022\/03\/termo-de-autorizacao-para-publicacao-PPGQA.pdf\" target=\"_new\" rel=\"noopener\">PDF<\/a>)<\/p>\n<p><span lang=\"es-CO\">Otras informaciones en:<\/span> <a href=\"https:\/\/tede2.uepg.br\/jspui\/\">https:\/\/tede2.uepg.br\/jspui\/<\/a><\/p>\n<\/div>\n<\/div>\n","protected":false},"excerpt":{"rendered":"<p>El PPGQA propone la Estructura de el Examen de Disertaci\u00f3n. Vea los plazos en la secci\u00f3n: Matr\u00edcula y Plazos. (Basta con pulsar en PDF para descargar cada documento.) Estructura de el Examen de Disertaci\u00f3n\u00a0(DOC\/PDF) Instrucciones Generales\u00a0(PDF) Formulario \u2013 Sustentaci\u00f3n de Disertaci\u00f3n\u00a0(DOC\/PDF) Versi\u00f3n Definitiva de la Disertaci\u00f3n Despu\u00e9s de la sustentaci\u00f3n y aprobaci\u00f3n el estudiante tiene&nbsp;&hellip;<\/p>\n","protected":false},"author":378,"featured_media":0,"parent":0,"menu_order":0,"comment_status":"closed","ping_status":"closed","template":"","meta":[],"_links":{"self":[{"href":"https:\/\/www2.uepg.br\/ppgquim\/wp-json\/wp\/v2\/pages\/621"}],"collection":[{"href":"https:\/\/www2.uepg.br\/ppgquim\/wp-json\/wp\/v2\/pages"}],"about":[{"href":"https:\/\/www2.uepg.br\/ppgquim\/wp-json\/wp\/v2\/types\/page"}],"author":[{"embeddable":true,"href":"https:\/\/www2.uepg.br\/ppgquim\/wp-json\/wp\/v2\/users\/378"}],"replies":[{"embeddable":true,"href":"https:\/\/www2.uepg.br\/ppgquim\/wp-json\/wp\/v2\/comments?post=621"}],"version-history":[{"count":3,"href":"https:\/\/www2.uepg.br\/ppgquim\/wp-json\/wp\/v2\/pages\/621\/revisions"}],"predecessor-version":[{"id":741,"href":"https:\/\/www2.uepg.br\/ppgquim\/wp-json\/wp\/v2\/pages\/621\/revisions\/741"}],"wp:attachment":[{"href":"https:\/\/www2.uepg.br\/ppgquim\/wp-json\/wp\/v2\/media?parent=621"}],"curies":[{"name":"wp","href":"https:\/\/api.w.org\/{rel}","templated":true}]}}