{"id":624,"date":"2022-03-21T16:26:23","date_gmt":"2022-03-21T19:26:23","guid":{"rendered":"https:\/\/www2.uepg.br\/ppgquim\/?page_id=624"},"modified":"2022-03-23T13:42:47","modified_gmt":"2022-03-23T16:42:47","slug":"calificacion","status":"publish","type":"page","link":"https:\/\/www2.uepg.br\/ppgquim\/es\/calificacion\/","title":{"rendered":"Calificaci\u00f3n"},"content":{"rendered":"<p class=\"western\" align=\"justify\"><span lang=\"es-CO\">El PPGQA propone la Estructura de el Examen de Disertaci\u00f3n. Vea los plazos en la secci\u00f3n: Matr\u00edcula y Plazos<\/span><\/p>\n<p>(<span lang=\"es-CO\">Basta con pulsar en PDF para descargar cada documento<\/span>)<\/p>\n<p><span lang=\"es-CO\">Estructura de el Examen de Disertaci\u00f3n<\/span>\u00a0(<a href=\"https:\/\/www2.uepg.br\/ppgquim\/wp-content\/uploads\/sites\/223\/2022\/03\/estrutura-do-exame-de-qualificacao-e-da-dissertacao-PPGQA-1.doc\">DOC<\/a>\/<a href=\"https:\/\/www2.uepg.br\/ppgquim\/wp-content\/uploads\/sites\/223\/2022\/03\/estrutura-do-exame-de-qualificacao-e-da-dissertacao-PPGQA-1.pdf\" target=\"_new\" rel=\"noopener\">PDF<\/a>)<br \/>\n<span lang=\"es-CO\">Instrucciones Generales\u00a0<\/span>(<a href=\"https:\/\/www2.uepg.br\/ppgquim\/wp-content\/uploads\/sites\/223\/2022\/03\/instrucoes-gerais-para-exame-de-qualificacao-e-defesa-de-dissertacao-_-1.pdf\" target=\"_new\" rel=\"noopener\">PDF<\/a>)<br \/>\n<span lang=\"es-CO\">Formulario \u2013 Sustentaci\u00f3n de Disertaci\u00f3n<\/span>\u00a0(<a href=\"https:\/\/www2.uepg.br\/ppgquim\/wp-content\/uploads\/sites\/223\/2022\/03\/formulario-de-exame-de-qualificacao-PPGQA.doc\">DOC<\/a>\/<a href=\"https:\/\/www2.uepg.br\/ppgquim\/wp-content\/uploads\/sites\/223\/2022\/03\/formulario-de-exame-de-qualificacao-PPGQA.pdf\" target=\"_new\" rel=\"noopener\">PDF<\/a>)<\/p>\n","protected":false},"excerpt":{"rendered":"<p>El PPGQA propone la Estructura de el Examen de Disertaci\u00f3n. Vea los plazos en la secci\u00f3n: Matr\u00edcula y Plazos (Basta con pulsar en PDF para descargar cada documento) Estructura de el Examen de Disertaci\u00f3n\u00a0(DOC\/PDF) Instrucciones Generales\u00a0(PDF) Formulario \u2013 Sustentaci\u00f3n de Disertaci\u00f3n\u00a0(DOC\/PDF)<\/p>\n","protected":false},"author":378,"featured_media":0,"parent":0,"menu_order":0,"comment_status":"closed","ping_status":"closed","template":"","meta":[],"_links":{"self":[{"href":"https:\/\/www2.uepg.br\/ppgquim\/wp-json\/wp\/v2\/pages\/624"}],"collection":[{"href":"https:\/\/www2.uepg.br\/ppgquim\/wp-json\/wp\/v2\/pages"}],"about":[{"href":"https:\/\/www2.uepg.br\/ppgquim\/wp-json\/wp\/v2\/types\/page"}],"author":[{"embeddable":true,"href":"https:\/\/www2.uepg.br\/ppgquim\/wp-json\/wp\/v2\/users\/378"}],"replies":[{"embeddable":true,"href":"https:\/\/www2.uepg.br\/ppgquim\/wp-json\/wp\/v2\/comments?post=624"}],"version-history":[{"count":3,"href":"https:\/\/www2.uepg.br\/ppgquim\/wp-json\/wp\/v2\/pages\/624\/revisions"}],"predecessor-version":[{"id":745,"href":"https:\/\/www2.uepg.br\/ppgquim\/wp-json\/wp\/v2\/pages\/624\/revisions\/745"}],"wp:attachment":[{"href":"https:\/\/www2.uepg.br\/ppgquim\/wp-json\/wp\/v2\/media?parent=624"}],"curies":[{"name":"wp","href":"https:\/\/api.w.org\/{rel}","templated":true}]}}