{"id":626,"date":"2022-03-22T08:38:10","date_gmt":"2022-03-22T11:38:10","guid":{"rendered":"https:\/\/www2.uepg.br\/ppgquim\/?page_id=626"},"modified":"2022-03-23T14:00:56","modified_gmt":"2022-03-23T17:00:56","slug":"asignaturas-obligatorias","status":"publish","type":"page","link":"https:\/\/www2.uepg.br\/ppgquim\/es\/asignaturas-obligatorias\/","title":{"rendered":"Asignaturas obligatorias"},"content":{"rendered":"<p class=\"western\" align=\"justify\"><span lang=\"es-CO\">Para la obtenci\u00f3n del t\u00edtulo de magister, el estudiante debe cumplir un total de treinta y cuatro (34) cr\u00e9ditos siendo veinte y cuatro (24) en disciplinas y diez (10) en la elaboraci\u00f3n de la disertaci\u00f3n.<\/span><\/p>\n<p class=\"western\" align=\"justify\"><span lang=\"es-CO\">Los cr\u00e9ditos en asignaturas obligatorias son distribuidos de la siguiente forma:<\/span><\/p>\n<p class=\"western\" align=\"justify\"><span lang=\"es-CO\">Doce (12) en disciplinas obligatorias;<\/span><\/p>\n<p class=\"western\" align=\"justify\"><span lang=\"es-CO\">Doce (12) en disciplinas electivas;<\/span><\/p>\n<p class=\"western\" align=\"justify\"><span lang=\"es-CO\">Observaci\u00f3n: cada quince (15) horas\/aula equivalen a un (1) cr\u00e9dito.<\/span><\/p>\n<p class=\"western\" align=\"justify\"><span lang=\"es-CO\">Disciplinas:<\/span><\/p>\n<p class=\"western\" align=\"justify\"><span lang=\"es-CO\">(Para m\u00e1s informaci\u00f3n, basta un clic en el nombre de la Disciplina)<\/span><\/p>\n<p><u>\u00a0<\/u><\/p>\n<table border=\"1\" cellspacing=\"0\" cellpadding=\"0\">\n<tbody>\n<tr>\n<td valign=\"top\" width=\"53\"><strong>C\u00f3digo<\/strong><\/td>\n<td valign=\"top\" width=\"642\"><strong>DISCIPLINAS<\/strong><\/td>\n<td valign=\"top\" width=\"97\"><strong>Carga Hor\u00e1ria<\/strong><\/td>\n<td valign=\"top\" width=\"57\"><strong>Cr\u00e9ditos<\/strong><\/td>\n<\/tr>\n<tr>\n<td valign=\"top\"><\/td>\n<td valign=\"top\"><strong>\u00a0<\/strong><\/td>\n<td valign=\"top\"><\/td>\n<td valign=\"top\"><\/td>\n<\/tr>\n<tr>\n<td valign=\"top\"><\/td>\n<td valign=\"top\"><strong>DISCIPLINAS OBRIGAT\u00d3RIAS GERAIS<\/strong><\/td>\n<td valign=\"top\"><\/td>\n<td valign=\"top\"><\/td>\n<\/tr>\n<tr>\n<td valign=\"top\"><\/td>\n<td valign=\"top\"><\/td>\n<td valign=\"top\"><\/td>\n<td valign=\"top\"><\/td>\n<\/tr>\n<tr>\n<td valign=\"top\">MQA01<\/td>\n<td valign=\"top\"><a href=\"http:\/\/pitangui.uepg.br\/mestrados\/mestraquim\/disciplinas.php#seminarios1\">SEMIN\u00c1RIOS I<\/a><\/td>\n<td valign=\"top\">30<\/td>\n<td valign=\"top\">2<\/td>\n<\/tr>\n<tr>\n<td valign=\"top\">MQA02<\/td>\n<td valign=\"top\"><a href=\"http:\/\/pitangui.uepg.br\/mestrados\/mestraquim\/disciplinas.php#seminarios2\">SEMIN\u00c1RIOS II<\/a><\/td>\n<td valign=\"top\">30<\/td>\n<td valign=\"top\">2<\/td>\n<\/tr>\n<tr>\n<td valign=\"top\">MQA03<\/td>\n<td valign=\"top\"><a href=\"http:\/\/pitangui.uepg.br\/mestrados\/mestraquim\/disciplinas.php#odt1\">ORIENTA\u00c7\u00c3O DE DISSERTA\u00c7\u00c3O\/TESE 1 \u2013 ODT I<\/a><\/td>\n<td valign=\"top\">30<\/td>\n<td valign=\"top\">2<\/td>\n<\/tr>\n<tr>\n<td valign=\"top\">MQA04<\/td>\n<td valign=\"top\"><a href=\"http:\/\/pitangui.uepg.br\/mestrados\/mestraquim\/disciplinas.php#odt2\">ORIENTA\u00c7\u00c3O DE DISSERTA\u00c7\u00c3O\/TESE 2 \u2013 ODT II<\/a><\/td>\n<td valign=\"top\">30<\/td>\n<td valign=\"top\">2<\/td>\n<\/tr>\n<tr>\n<td valign=\"top\">MQA05<\/td>\n<td valign=\"top\"><a href=\"http:\/\/pitangui.uepg.br\/mestrados\/mestraquim\/disciplinas.php#estagio\">EST\u00c1GIO DE DOC\u00caNCIA<\/a><\/td>\n<td valign=\"top\">60<\/td>\n<td valign=\"top\">4<\/td>\n<\/tr>\n<\/tbody>\n<\/table>\n<p>&nbsp;<\/p>\n<table border=\"1\" width=\"1062\" cellspacing=\"0\" cellpadding=\"0\">\n<tbody>\n<tr>\n<td colspan=\"3\" valign=\"top\">Disciplina: Semin\u00e1rios I<\/td>\n<\/tr>\n<tr>\n<td colspan=\"3\" valign=\"top\">Ementa: Semin\u00e1rios apresentados pelos docentes ligados ao programa, por professores convidados e visitantes, com conte\u00fado vari\u00e1vel.<\/td>\n<\/tr>\n<tr>\n<td colspan=\"3\" valign=\"top\">Bibliografia:<br \/>\nNa disciplina de Semin\u00e1rios I, s\u00e3o utilizadas refer\u00eancias bibliogr\u00e1ficas de acordo com o tema proposto pelo palestrante.<\/td>\n<\/tr>\n<tr>\n<td valign=\"top\">C\u00f3digo<\/td>\n<td valign=\"top\">Carga Hor\u00e1ria<\/td>\n<td valign=\"top\">Cr\u00e9ditos<\/td>\n<\/tr>\n<tr>\n<td valign=\"top\">MQA01<\/td>\n<td valign=\"top\">30<\/td>\n<td valign=\"top\">2<\/td>\n<\/tr>\n<\/tbody>\n<\/table>\n<p>&nbsp;<\/p>\n<table border=\"1\" cellspacing=\"0\" cellpadding=\"0\">\n<tbody>\n<tr>\n<td colspan=\"3\" valign=\"top\">Disciplina: Semin\u00e1rios II<\/td>\n<\/tr>\n<tr>\n<td colspan=\"3\" valign=\"top\">Ementa: Semin\u00e1rio introdut\u00f3rio. Semin\u00e1rios apresentados pelos alunos regularmente matriculados no programa, com conte\u00fado vari\u00e1vel.<\/td>\n<\/tr>\n<tr>\n<td colspan=\"3\" valign=\"top\">Bibliografia:<br \/>\nD\u2019ONOFRIO, S.\u00a0<strong>Metodologia do Trabalho Intelectual<\/strong>. S\u00e3o Paulo-SP: Atlas, 1999.<br \/>\nCARVALHO, A.C.; et al.<strong>Aprendendo metodologia cient\u00edfica:\u00a0<\/strong>uma orienta\u00e7\u00e3o para alunos de gradua\u00e7\u00e3o<strong>.\u00a0<\/strong>3 ed., S\u00e3o Paulo-SP: O nome da Rosa, 2000.<br \/>\nLAKATOS, E.M. &amp; MARCONI, M.A.\u00a0<strong>Metodologia do trabalho cient\u00edfico.\u00a0<\/strong>4 ed., S\u00e3o Paulo-SP: Atlas, 1992.<br \/>\nMEDEIROS, J.B.\u00a0<strong>Reda\u00e7\u00e3o Cient\u00edfica:\u00a0<\/strong>a pr\u00e1tica de fichamentos, resumos e resenhas. S\u00e3o Paulo-SP: Atlas, 2000.<\/td>\n<\/tr>\n<tr>\n<td valign=\"top\">C\u00f3digo<\/td>\n<td valign=\"top\">Carga Hor\u00e1ria<\/td>\n<td valign=\"top\">Cr\u00e9ditos<\/td>\n<\/tr>\n<tr>\n<td valign=\"top\">MQA02<\/td>\n<td valign=\"top\">30<\/td>\n<td valign=\"top\">2<\/td>\n<\/tr>\n<\/tbody>\n<\/table>\n<p><a id=\"odt1\" name=\"odt1\"><\/a><\/p>\n<table border=\"1\" cellspacing=\"0\" cellpadding=\"0\">\n<tbody>\n<tr>\n<td colspan=\"3\" valign=\"top\">Disciplina: Orienta\u00e7\u00e3o de Disserta\u00e7\u00e3o\/ Tese I \u2013 ODT I<\/td>\n<\/tr>\n<tr>\n<td colspan=\"3\" valign=\"top\">Ementa: Disciplina de orienta\u00e7\u00e3o de trabalho de disserta\u00e7\u00e3o.<\/td>\n<\/tr>\n<tr>\n<td colspan=\"3\" valign=\"top\">Bibliografia:<br \/>\nNa disciplina de Orienta\u00e7\u00e3o de Disserta\u00e7\u00e3o de Mestrado e Tese de Doutorado I, s\u00e3o utilizadas refer\u00eancias bibliogr\u00e1ficas de acordo com o projeto desenvolvido pelo aluno com a supervis\u00e3o do professor orientador.<\/td>\n<\/tr>\n<tr>\n<td valign=\"top\">C\u00f3digo<\/td>\n<td valign=\"top\">Carga Hor\u00e1ria<\/td>\n<td valign=\"top\">Cr\u00e9ditos<\/td>\n<\/tr>\n<tr>\n<td valign=\"top\">MQA03<\/td>\n<td valign=\"top\">30<\/td>\n<td valign=\"top\">2<\/td>\n<\/tr>\n<\/tbody>\n<\/table>\n<p>&nbsp;<\/p>\n<table border=\"1\" width=\"1057\" cellspacing=\"0\" cellpadding=\"0\">\n<tbody>\n<tr>\n<td colspan=\"3\" valign=\"top\">Disciplina: Orienta\u00e7\u00e3o de Disserta\u00e7\u00e3o\/ Tese II \u2013 ODT II<\/td>\n<\/tr>\n<tr>\n<td colspan=\"3\" valign=\"top\">Ementa: Disciplina de orienta\u00e7\u00e3o de trabalho de disserta\u00e7\u00e3o.<\/td>\n<\/tr>\n<tr>\n<td colspan=\"3\" valign=\"top\">Bibliografia:<br \/>\nNa disciplina de Orienta\u00e7\u00e3o de Disserta\u00e7\u00e3o de Mestrado e Tese de Doutorado II, s\u00e3o utilizadas refer\u00eancias bibliogr\u00e1ficas de acordo com o projeto desenvolvido pelo aluno com a supervis\u00e3o do professor orientador.<\/td>\n<\/tr>\n<tr>\n<td valign=\"top\">C\u00f3digo<\/td>\n<td valign=\"top\">Carga Hor\u00e1ria<\/td>\n<td valign=\"top\">Cr\u00e9ditos<\/td>\n<\/tr>\n<tr>\n<td valign=\"top\">MQA04<\/td>\n<td valign=\"top\">30<\/td>\n<td valign=\"top\">2<\/td>\n<\/tr>\n<\/tbody>\n<\/table>\n<p>&nbsp;<\/p>\n<table border=\"1\" width=\"1050\" cellspacing=\"0\" cellpadding=\"0\">\n<tbody>\n<tr>\n<td colspan=\"3\" valign=\"top\" width=\"640\">Disciplina: Est\u00e1gio de Doc\u00eancia<\/td>\n<\/tr>\n<tr>\n<td colspan=\"3\" valign=\"top\" width=\"640\">Ementa: Forma\u00e7\u00e3o do professor do ensino superior. A a\u00e7\u00e3o docente. Participa\u00e7\u00e3o de alunos de p\u00f3s-gradua\u00e7\u00e3o em atividades de ensino de gradua\u00e7\u00e3o, com a supervis\u00e3o do professor respons\u00e1vel pela disciplina.<\/td>\n<\/tr>\n<tr>\n<td colspan=\"3\" valign=\"top\" width=\"640\">Bibliografia:<br \/>\nMASETTO, M. (Org.)\u00a0<strong>Doc\u00eancia na Universidade<em>.<\/em><\/strong>\u00a0Campinas: Papirus, 1998.<br \/>\nVEIGA, I.P.A.(Org.)\u00a0<strong>T\u00e9cnicas de ensino<em>:\u00a0<\/em><\/strong>por que n\u00e3o<em>?<\/em>\u00a0Campinas: Papirus, 1991<br \/>\nCHASSOT, Attico.\u00a0<strong>Educa\u00e7\u00e3o conSci\u00eancia<\/strong>. Santa Cruz do Sul: EDUNISC, 2003.<br \/>\nCHAGAS, A. P.\u00a0<strong>Como se faz Qu\u00edmica<\/strong>: uma reflex\u00e3o sobre a qu\u00edmica e atividade do qu\u00edmico. Campinas: Unicamp, 2001.<br \/>\nSANTOS, W. L. P., SCHNETZLER, R. P.\u00a0<strong>Educa\u00e7\u00e3o em Qu\u00edmica<\/strong>:\u00a0 compromisso\u00a0 com a\u00a0\u00a0\u00a0 cidadania. Iju\u00ed: Uniju\u00ed, 1988.<br \/>\nArtigos selecionados das revistas\u00a0<strong>Qu\u00edmica Nova e Qu\u00edmica Nova na Escola.<\/strong><\/td>\n<\/tr>\n<tr>\n<td valign=\"top\" width=\"213\">C\u00f3digo<\/td>\n<td valign=\"top\" width=\"213\">Carga Hor\u00e1ria<\/td>\n<td valign=\"top\" width=\"213\">Cr\u00e9ditos<\/td>\n<\/tr>\n<tr>\n<td valign=\"top\" width=\"213\">MQA05<\/td>\n<td valign=\"top\" width=\"213\">60<\/td>\n<td valign=\"top\" width=\"213\">4<\/td>\n<\/tr>\n<\/tbody>\n<\/table>\n<p>&nbsp;<\/p>\n","protected":false},"excerpt":{"rendered":"<p>Para la obtenci\u00f3n del t\u00edtulo de magister, el estudiante debe cumplir un total de treinta y cuatro (34) cr\u00e9ditos siendo veinte y cuatro (24) en disciplinas y diez (10) en la elaboraci\u00f3n de la disertaci\u00f3n. Los cr\u00e9ditos en asignaturas obligatorias son distribuidos de la siguiente forma: Doce (12) en disciplinas obligatorias; Doce (12) en disciplinas&nbsp;&hellip;<\/p>\n","protected":false},"author":378,"featured_media":0,"parent":0,"menu_order":0,"comment_status":"closed","ping_status":"closed","template":"","meta":[],"_links":{"self":[{"href":"https:\/\/www2.uepg.br\/ppgquim\/wp-json\/wp\/v2\/pages\/626"}],"collection":[{"href":"https:\/\/www2.uepg.br\/ppgquim\/wp-json\/wp\/v2\/pages"}],"about":[{"href":"https:\/\/www2.uepg.br\/ppgquim\/wp-json\/wp\/v2\/types\/page"}],"author":[{"embeddable":true,"href":"https:\/\/www2.uepg.br\/ppgquim\/wp-json\/wp\/v2\/users\/378"}],"replies":[{"embeddable":true,"href":"https:\/\/www2.uepg.br\/ppgquim\/wp-json\/wp\/v2\/comments?post=626"}],"version-history":[{"count":2,"href":"https:\/\/www2.uepg.br\/ppgquim\/wp-json\/wp\/v2\/pages\/626\/revisions"}],"predecessor-version":[{"id":746,"href":"https:\/\/www2.uepg.br\/ppgquim\/wp-json\/wp\/v2\/pages\/626\/revisions\/746"}],"wp:attachment":[{"href":"https:\/\/www2.uepg.br\/ppgquim\/wp-json\/wp\/v2\/media?parent=626"}],"curies":[{"name":"wp","href":"https:\/\/api.w.org\/{rel}","templated":true}]}}