{"id":634,"date":"2022-03-22T08:41:12","date_gmt":"2022-03-22T11:41:12","guid":{"rendered":"https:\/\/www2.uepg.br\/ppgquim\/?page_id=634"},"modified":"2022-03-23T14:13:04","modified_gmt":"2022-03-23T17:13:04","slug":"contacto","status":"publish","type":"page","link":"https:\/\/www2.uepg.br\/ppgquim\/es\/contacto\/","title":{"rendered":"Contacto"},"content":{"rendered":"<div class=\"mainpanel\">\n<p align=\"center\"><strong>Coordenaci\u00f3n:<\/strong><br \/>\nde 10\/2017 hasta 10\/2019<br \/>\nProf. Dr. S\u00e9rgio Ricardo L\u00e1zaro<br \/>\ne-mail:\u00a0<a href=\"mailto:srlazaro@uepg.br\">srlazaro@uepg.br<\/a><br \/>\nProfa. Dra. Vanessa Eg\u00e9a dos Anjos<br \/>\ne-mail:\u00a0<a href=\"mailto:vanessaegea.quim@gmail.com\">vanessaegea.quim@gmail.com<\/a><\/p>\n<\/div>\n<div class=\"mainpanel\">\n<p align=\"center\">\u00a0<strong>Colegiado:<\/strong><\/p>\n<p align=\"center\">Christiana Andrade Pessoa<br \/>\nBarbara Cel\u00e2nia Fiorin<br \/>\nVanessa Eg\u00e9a dos Anjos<br \/>\nRomaiana Picada Pereira<br \/>\nSandra Regina Masetto Antunes<br \/>\nChristiane Philippini Ferreira Borges (Suplente)<br \/>\nLet\u00edcya J\u00e9ssica Almeida \u2013 Representante discente<\/p>\n<\/div>\n<p>&nbsp;<\/p>\n<p style=\"text-align: center;\"><strong>Comite de Seleci\u00f3n<\/strong><\/p>\n<p style=\"text-align: center;\">de 01\/09\/2016 a 31\/08\/2018<br \/>\nChristiane Philippinie Ferreira Borges<br \/>\nAlexandre Camilo J\u00fanior<br \/>\nEder Carlos Ferreira de Souza<br \/>\nLet\u00edcya J\u00e9ssica Almeida \u2013 Representante discente<br \/>\nAdriano Gon\u00e7alves Viana \u2013 Suplente<br \/>\nJacqueline Aparecida Marques \u2013 Suplente<\/p>\n<p style=\"text-align: center;\">\n<p style=\"text-align: center;\"><strong>Secretaria da Coordena\u00e7\u00e3o:<\/strong><\/p>\n<p style=\"text-align: center;\">Viviane P. Santos e-mail:<br \/>\n<a href=\"mailto:ppgqa@uepg.br\">ppgqa@uepg.br<\/a>\u00a0telefone:<br \/>\n(42) 99142-5379 e (42) 2102-8116<br \/>\nAv. Gal Carlos Cavalcanti, 4748, Campus de Uvaranas CEP: 84030-900 \u2013 Ponta Grossa \u2013 Paran\u00e1 \u2013 Brasil<\/p>\n<p style=\"text-align: center;\">\n<p style=\"text-align: center;\"><strong>Secretaria Academica de Posgrado \u201cStricto Sensu\u201d \u2013 UEPG:<\/strong><\/p>\n<p style=\"text-align: center;\">Cleunice Aparecida Castro<br \/>\ne-mail:\u00a0<a href=\"mailto:sapgs@uepg.br\">sapgs@uepg.br<\/a>\u00a0Telefone (42) 3220-3150<\/p>\n<p style=\"text-align: center;\">Reitoria, Sala 11, Campus Universit\u00e1rio de Uvaranas Universidade Estadual de Ponta Grossa \u2013 UEPG<br \/>\nAv. Gal Carlos Cavalcanti, 4748, Campus Universit\u00e1rio de Uvaranas CEP: 84030-900 \u2013 Ponta Grossa \u2013 Paran\u00e1 \u2013 Brasil<\/p>\n","protected":false},"excerpt":{"rendered":"<p>Coordenaci\u00f3n: de 10\/2017 hasta 10\/2019 Prof. Dr. S\u00e9rgio Ricardo L\u00e1zaro e-mail:\u00a0srlazaro@uepg.br Profa. Dra. Vanessa Eg\u00e9a dos Anjos e-mail:\u00a0vanessaegea.quim@gmail.com \u00a0Colegiado: Christiana Andrade Pessoa Barbara Cel\u00e2nia Fiorin Vanessa Eg\u00e9a dos Anjos Romaiana Picada Pereira Sandra Regina Masetto Antunes Christiane Philippini Ferreira Borges (Suplente) Let\u00edcya J\u00e9ssica Almeida \u2013 Representante discente &nbsp; Comite de Seleci\u00f3n de 01\/09\/2016 a 31\/08\/2018&nbsp;&hellip;<\/p>\n","protected":false},"author":378,"featured_media":0,"parent":0,"menu_order":0,"comment_status":"closed","ping_status":"closed","template":"","meta":[],"_links":{"self":[{"href":"https:\/\/www2.uepg.br\/ppgquim\/wp-json\/wp\/v2\/pages\/634"}],"collection":[{"href":"https:\/\/www2.uepg.br\/ppgquim\/wp-json\/wp\/v2\/pages"}],"about":[{"href":"https:\/\/www2.uepg.br\/ppgquim\/wp-json\/wp\/v2\/types\/page"}],"author":[{"embeddable":true,"href":"https:\/\/www2.uepg.br\/ppgquim\/wp-json\/wp\/v2\/users\/378"}],"replies":[{"embeddable":true,"href":"https:\/\/www2.uepg.br\/ppgquim\/wp-json\/wp\/v2\/comments?post=634"}],"version-history":[{"count":2,"href":"https:\/\/www2.uepg.br\/ppgquim\/wp-json\/wp\/v2\/pages\/634\/revisions"}],"predecessor-version":[{"id":749,"href":"https:\/\/www2.uepg.br\/ppgquim\/wp-json\/wp\/v2\/pages\/634\/revisions\/749"}],"wp:attachment":[{"href":"https:\/\/www2.uepg.br\/ppgquim\/wp-json\/wp\/v2\/media?parent=634"}],"curies":[{"name":"wp","href":"https:\/\/api.w.org\/{rel}","templated":true}]}}