{"id":1006,"date":"2024-02-27T10:54:00","date_gmt":"2024-02-27T13:54:00","guid":{"rendered":"https:\/\/www2.uepg.br\/ppgz\/?page_id=1006"},"modified":"2025-03-21T00:20:28","modified_gmt":"2025-03-21T03:20:28","slug":"sistemas-silvipastoris-integracao-pecuaria-floresta-ipf","status":"publish","type":"page","link":"https:\/\/www2.uepg.br\/ppgz\/sistemas-silvipastoris-integracao-pecuaria-floresta-ipf\/","title":{"rendered":"Sistemas Silvipastoris (integra\u00e7\u00e3o pecu\u00e1ria-floresta \u2013 IPF)"},"content":{"rendered":"<h1 style=\"text-align: center\">Sistemas Silvipastoris (integra\u00e7\u00e3o pecu\u00e1ria-floresta \u2013 IPF)<\/h1>\n<p style=\"text-align: center\"><strong>Prof. Dr. Vanderley Porf\u00edrio-da-Silva<\/strong><\/p>\n<p style=\"text-align: center\"><b>N\u00edvel<\/b><strong>:\u00a0<\/strong>Mestrado<\/p>\n<p style=\"text-align: center\"><strong>Optativa<\/strong><\/p>\n<p style=\"text-align: center\"><b>\u00c1rea<\/b><strong>\u00a0de Concentra\u00e7\u00e3o:\u00a0<\/strong>Produ\u00e7\u00e3o animal<\/p>\n<p style=\"text-align: center\"><b>Carga Hor\u00e1rio: <\/b>45<\/p>\n<p style=\"text-align: center\"><strong>Cr\u00e9ditos:\u00a0<\/strong>3<\/p>\n<p style=\"text-align: center\"><strong>Ementa:<\/strong><\/p>\n<p style=\"text-align: center\">Introdu\u00e7\u00e3o \u00e0 \u201cestrat\u00e9gia IPF\u201d de uso da terra: concep\u00e7\u00e3o, defini\u00e7\u00e3o e perspectiva.<br \/>\nFundamentos para o desenho de sistemas agrossilvipastoris. Aspectos e par\u00e2metros cr\u00edticos<br \/>\npara o desenho de sistemas agrossilvipastoris; promo\u00e7\u00e3o da conserva\u00e7\u00e3o do solo e \u00e1gua;<br \/>\nfacilidade de implanta\u00e7\u00e3o e manejo; prioridade de componente; finalidade da produ\u00e7\u00e3o<br \/>\narb\u00f3rea. No\u00e7\u00f5es gerais sobre regula\u00e7\u00e3o da competi\u00e7\u00e3o das \u00e1rvores no sistema<br \/>\nagrossilvipastoril; programa de desramas (podas); programa de desbastes. Ferramental<br \/>\nauxiliar no desenho e manejo de sistemas agrossilvipastoris. Exerc\u00edcio pr\u00e1tico sobre<br \/>\nconvers\u00e3o de \u00e1rea convencional em agrossilvipastoril.<\/p>\n<p>&nbsp;<\/p>\n<p><a href=\"https:\/\/www2.uepg.br\/ppgz\/wp-content\/uploads\/sites\/195\/2025\/03\/SISTEMAS-SILVIPASTORIS-INTEGRACAO-PECUARIA-FLORESTA-IPF.pdf\">Ementa e Bibliografia<\/a><\/p>\n","protected":false},"excerpt":{"rendered":"<p>Sistemas Silvipastoris (integra\u00e7\u00e3o pecu\u00e1ria-floresta \u2013 IPF) Prof. Dr. Vanderley Porf\u00edrio-da-Silva N\u00edvel:\u00a0Mestrado Optativa \u00c1rea\u00a0de Concentra\u00e7\u00e3o:\u00a0Produ\u00e7\u00e3o animal Carga Hor\u00e1rio: 45 Cr\u00e9ditos:\u00a03 Ementa: Introdu\u00e7\u00e3o \u00e0 \u201cestrat\u00e9gia IPF\u201d de uso da terra: concep\u00e7\u00e3o, defini\u00e7\u00e3o e perspectiva. Fundamentos para o desenho de sistemas agrossilvipastoris. Aspectos e par\u00e2metros cr\u00edticos para o desenho de sistemas agrossilvipastoris; promo\u00e7\u00e3o da conserva\u00e7\u00e3o do solo e&nbsp;&hellip;<\/p>\n","protected":false},"author":71,"featured_media":0,"parent":0,"menu_order":0,"comment_status":"closed","ping_status":"closed","template":"","meta":[],"_links":{"self":[{"href":"https:\/\/www2.uepg.br\/ppgz\/wp-json\/wp\/v2\/pages\/1006"}],"collection":[{"href":"https:\/\/www2.uepg.br\/ppgz\/wp-json\/wp\/v2\/pages"}],"about":[{"href":"https:\/\/www2.uepg.br\/ppgz\/wp-json\/wp\/v2\/types\/page"}],"author":[{"embeddable":true,"href":"https:\/\/www2.uepg.br\/ppgz\/wp-json\/wp\/v2\/users\/71"}],"replies":[{"embeddable":true,"href":"https:\/\/www2.uepg.br\/ppgz\/wp-json\/wp\/v2\/comments?post=1006"}],"version-history":[{"count":4,"href":"https:\/\/www2.uepg.br\/ppgz\/wp-json\/wp\/v2\/pages\/1006\/revisions"}],"predecessor-version":[{"id":1336,"href":"https:\/\/www2.uepg.br\/ppgz\/wp-json\/wp\/v2\/pages\/1006\/revisions\/1336"}],"wp:attachment":[{"href":"https:\/\/www2.uepg.br\/ppgz\/wp-json\/wp\/v2\/media?parent=1006"}],"curies":[{"name":"wp","href":"https:\/\/api.w.org\/{rel}","templated":true}]}}