{"id":1009,"date":"2024-02-27T10:55:50","date_gmt":"2024-02-27T13:55:50","guid":{"rendered":"https:\/\/www2.uepg.br\/ppgz\/?page_id=1009"},"modified":"2025-03-20T21:28:54","modified_gmt":"2025-03-21T00:28:54","slug":"expressao-genica","status":"publish","type":"page","link":"https:\/\/www2.uepg.br\/ppgz\/expressao-genica\/","title":{"rendered":"Express\u00e3o g\u00eanica"},"content":{"rendered":"<h1 style=\"text-align: center\">Express\u00e3o g\u00eanica<\/h1>\n<p style=\"text-align: center\"><strong>Profa.\u00a0 Dra. Viviane Nogaroto\u00a0<\/strong><\/p>\n<p style=\"text-align: center\"><b>N\u00edvel<\/b><strong>:\u00a0<\/strong>Mestrado<\/p>\n<p style=\"text-align: center\"><strong>Optativa<\/strong><\/p>\n<p style=\"text-align: center\"><b>\u00c1rea<\/b><strong>\u00a0de Concentra\u00e7\u00e3o:\u00a0<\/strong>Produ\u00e7\u00e3o animal<\/p>\n<p style=\"text-align: center\"><b>Carga Hor\u00e1rio: <\/b>45<\/p>\n<p style=\"text-align: center\"><strong>Cr\u00e9ditos:\u00a0<\/strong>3<\/p>\n<p style=\"text-align: center\"><strong>Ementa:<\/strong><\/p>\n<p style=\"text-align: center\">Organiza\u00e7\u00e3o dos genes. Transcri\u00e7\u00e3o em eucariotos. Regula\u00e7\u00e3o da express\u00e3o g\u00eanica.<br \/>\nPapel da epigen\u00e9tica na express\u00e3o de genes eucariotos. Metodologias para an\u00e1lise da<br \/>\nexpress\u00e3o g\u00eanica. Transcriptomas. Curso te\u00f3rico-pr\u00e1tico.<\/p>\n<p><a href=\"https:\/\/www2.uepg.br\/ppgz\/wp-content\/uploads\/sites\/195\/2025\/03\/EXPRESSAO-GENICA-APLICADA-A-PRODUCAO-ANIMAL.pdf\">Ementa e Bibliografia<\/a><\/p>\n","protected":false},"excerpt":{"rendered":"<p>Express\u00e3o g\u00eanica Profa.\u00a0 Dra. Viviane Nogaroto\u00a0 N\u00edvel:\u00a0Mestrado Optativa \u00c1rea\u00a0de Concentra\u00e7\u00e3o:\u00a0Produ\u00e7\u00e3o animal Carga Hor\u00e1rio: 45 Cr\u00e9ditos:\u00a03 Ementa: Organiza\u00e7\u00e3o dos genes. Transcri\u00e7\u00e3o em eucariotos. Regula\u00e7\u00e3o da express\u00e3o g\u00eanica. Papel da epigen\u00e9tica na express\u00e3o de genes eucariotos. Metodologias para an\u00e1lise da express\u00e3o g\u00eanica. Transcriptomas. Curso te\u00f3rico-pr\u00e1tico. Ementa e Bibliografia<\/p>\n","protected":false},"author":71,"featured_media":0,"parent":0,"menu_order":0,"comment_status":"closed","ping_status":"closed","template":"","meta":[],"_links":{"self":[{"href":"https:\/\/www2.uepg.br\/ppgz\/wp-json\/wp\/v2\/pages\/1009"}],"collection":[{"href":"https:\/\/www2.uepg.br\/ppgz\/wp-json\/wp\/v2\/pages"}],"about":[{"href":"https:\/\/www2.uepg.br\/ppgz\/wp-json\/wp\/v2\/types\/page"}],"author":[{"embeddable":true,"href":"https:\/\/www2.uepg.br\/ppgz\/wp-json\/wp\/v2\/users\/71"}],"replies":[{"embeddable":true,"href":"https:\/\/www2.uepg.br\/ppgz\/wp-json\/wp\/v2\/comments?post=1009"}],"version-history":[{"count":3,"href":"https:\/\/www2.uepg.br\/ppgz\/wp-json\/wp\/v2\/pages\/1009\/revisions"}],"predecessor-version":[{"id":1302,"href":"https:\/\/www2.uepg.br\/ppgz\/wp-json\/wp\/v2\/pages\/1009\/revisions\/1302"}],"wp:attachment":[{"href":"https:\/\/www2.uepg.br\/ppgz\/wp-json\/wp\/v2\/media?parent=1009"}],"curies":[{"name":"wp","href":"https:\/\/api.w.org\/{rel}","templated":true}]}}