{"id":1131,"date":"2024-12-19T17:53:01","date_gmt":"2024-12-19T20:53:01","guid":{"rendered":"https:\/\/www2.uepg.br\/ppgz\/?page_id=1131"},"modified":"2025-03-27T17:05:03","modified_gmt":"2025-03-27T20:05:03","slug":"sistemas-integrados-de-producao-agropecuaria","status":"publish","type":"page","link":"https:\/\/www2.uepg.br\/ppgz\/sistemas-integrados-de-producao-agropecuaria\/","title":{"rendered":"Sistemas Integrados de Produ\u00e7\u00e3o Agropecu\u00e1ria"},"content":{"rendered":"<h2 style=\"text-align: center\">Sistemas Integrados de Produ\u00e7\u00e3o Agropecu\u00e1ria<\/h2>\n<p style=\"text-align: center\"><strong>Nivel:\u00a0<\/strong>Mestrado<\/p>\n<p style=\"text-align: center\"><strong>Optativa<\/strong><\/p>\n<p style=\"text-align: center\"><strong>\u00c1rea de Concentra\u00e7\u00e3o: <\/strong>Produ\u00e7\u00e3o animal<\/p>\n<p style=\"text-align: center\"><strong>Carga Hor\u00e1rio: <\/strong>30<\/p>\n<p style=\"text-align: center\"><strong>Cr\u00e9ditos:\u00a0<\/strong>2<\/p>\n<p style=\"text-align: center\"><strong>Ementa:<\/strong><br \/>\nHist\u00f3rico e fundamentos dos Sistemas Integrados de Produ\u00e7\u00e3o<br \/>\nAgropecu\u00e1ria (SIPA); Sustentabilidade e produ\u00e7\u00e3o de servi\u00e7os ecossist\u00eamicos<br \/>\nem SIPA. Diferentes modalidades e peculiaridades de SIPA em cada regi\u00e3o<br \/>\nbrasileira. Fundamentos da ciclagem de nutrientes em sistemas integrados e<br \/>\naduba\u00e7\u00e3o de sistema. Estacionalidade da produ\u00e7\u00e3o forrageira e o<br \/>\ndesempenho da pecu\u00e1ria. Manejo de pastagens em SIPA. Planejamento<br \/>\nforrageiro estrat\u00e9gico para a produ\u00e7\u00e3o de carne e leite com base em<br \/>\npastagens em SIPA. Aspectos biol\u00f3gicos e econ\u00f4micos para escolha das<br \/>\ndiferentes combina\u00e7\u00f5es agr\u00edcolas e pecu\u00e1rias nos sistemas integrados.<br \/>\nEstabilidade, resist\u00eancia e resili\u00eancia em SIPA. Um enfoque multidisciplinar e<br \/>\nsist\u00eamico ser\u00e1 priorizado. Tal enfoque visa esclarecer e ilustrar o potencial<br \/>\nde aplica\u00e7\u00e3o de sistemas integrados para incrementar a resili\u00eancia ambiental<br \/>\ne econ\u00f4mica, al\u00e9m de prover servi\u00e7os ecossist\u00eamicos, e contribuir para a<br \/>\nadapta\u00e7\u00e3o e mitiga\u00e7\u00e3o das mudan\u00e7as clim\u00e1ticas. A disciplina ser\u00e1 oferecida<br \/>\nde modo h\u00edbrido ( presencial e on-line) pois haver\u00e1 participa\u00e7\u00e3o de diversos<br \/>\nprofessores de outros PPGs de diversas Universidades.<\/p>\n<p>&nbsp;<\/p>\n<p><a href=\"https:\/\/www2.uepg.br\/ppgz\/wp-content\/uploads\/sites\/195\/2025\/03\/TOPICOS-ESPECIAIS-SISTEMAS-INTEGRADOS-DE-PRODUCAO-AGROPECUARIA.pdf\">Ementa e Bibliografia<\/a><\/p>\n","protected":false},"excerpt":{"rendered":"<p>Sistemas Integrados de Produ\u00e7\u00e3o Agropecu\u00e1ria Nivel:\u00a0Mestrado Optativa \u00c1rea de Concentra\u00e7\u00e3o: Produ\u00e7\u00e3o animal Carga Hor\u00e1rio: 30 Cr\u00e9ditos:\u00a02 Ementa: Hist\u00f3rico e fundamentos dos Sistemas Integrados de Produ\u00e7\u00e3o Agropecu\u00e1ria (SIPA); Sustentabilidade e produ\u00e7\u00e3o de servi\u00e7os ecossist\u00eamicos em SIPA. Diferentes modalidades e peculiaridades de SIPA em cada regi\u00e3o brasileira. Fundamentos da ciclagem de nutrientes em sistemas integrados e aduba\u00e7\u00e3o&nbsp;&hellip;<\/p>\n","protected":false},"author":71,"featured_media":0,"parent":0,"menu_order":0,"comment_status":"closed","ping_status":"closed","template":"","meta":[],"_links":{"self":[{"href":"https:\/\/www2.uepg.br\/ppgz\/wp-json\/wp\/v2\/pages\/1131"}],"collection":[{"href":"https:\/\/www2.uepg.br\/ppgz\/wp-json\/wp\/v2\/pages"}],"about":[{"href":"https:\/\/www2.uepg.br\/ppgz\/wp-json\/wp\/v2\/types\/page"}],"author":[{"embeddable":true,"href":"https:\/\/www2.uepg.br\/ppgz\/wp-json\/wp\/v2\/users\/71"}],"replies":[{"embeddable":true,"href":"https:\/\/www2.uepg.br\/ppgz\/wp-json\/wp\/v2\/comments?post=1131"}],"version-history":[{"count":5,"href":"https:\/\/www2.uepg.br\/ppgz\/wp-json\/wp\/v2\/pages\/1131\/revisions"}],"predecessor-version":[{"id":1362,"href":"https:\/\/www2.uepg.br\/ppgz\/wp-json\/wp\/v2\/pages\/1131\/revisions\/1362"}],"wp:attachment":[{"href":"https:\/\/www2.uepg.br\/ppgz\/wp-json\/wp\/v2\/media?parent=1131"}],"curies":[{"name":"wp","href":"https:\/\/api.w.org\/{rel}","templated":true}]}}