{"id":136,"date":"2021-06-14T08:36:39","date_gmt":"2021-06-14T11:36:39","guid":{"rendered":"https:\/\/www2.uepg.br\/ppgz\/?page_id=136"},"modified":"2024-03-27T10:40:13","modified_gmt":"2024-03-27T13:40:13","slug":"colegiado","status":"publish","type":"page","link":"https:\/\/www2.uepg.br\/ppgz\/colegiado\/","title":{"rendered":"Colegiado"},"content":{"rendered":"<h3 style=\"text-align: center\"><\/h3>\n<h3 style=\"text-align: center\"><strong><span style=\"color: #000080\">Coordena\u00e7\u00e3o do Programa de P\u00f3s gradua\u00e7\u00e3o em Zootecnia<\/span><\/strong><\/h3>\n<p>&nbsp;<\/p>\n<h4 style=\"text-align: center\"><strong>Coordenadora<\/strong><\/h4>\n<p style=\"text-align: center\">Dra. Adriana de Souza Martins<\/p>\n<h4 style=\"text-align: center\"><strong>Vice coordenadora<\/strong><\/h4>\n<p style=\"text-align: center\">Dra. Cheila Roberta Lehnen<\/p>\n<h4 style=\"text-align: center\"><strong>Membros do Colegiado<\/strong><\/h4>\n<p style=\"text-align: center\">Dr.\u00a0 Marcelo Vicari<\/p>\n<p style=\"text-align: center\">Dra. Raquel Abdallah da Rocha Oliveira<\/p>\n<p style=\"text-align: center\">Dr. Wilson Massamitu Furuya<\/p>\n<p style=\"text-align: center\">Dra.\u00a0 Val\u00e9ria Rosseto Barriveira Furuya<\/p>\n<h4 style=\"text-align: center\"><strong>Representante discente<\/strong><\/h4>\n<p style=\"text-align: center\">Zoot. Fernando Bittarello<\/p>\n<p>&nbsp;<\/p>\n<p style=\"text-align: center\">\n","protected":false},"excerpt":{"rendered":"<p>Coordena\u00e7\u00e3o do Programa de P\u00f3s gradua\u00e7\u00e3o em Zootecnia &nbsp; Coordenadora Dra. Adriana de Souza Martins Vice coordenadora Dra. Cheila Roberta Lehnen Membros do Colegiado Dr.\u00a0 Marcelo Vicari Dra. Raquel Abdallah da Rocha Oliveira Dr. Wilson Massamitu Furuya Dra.\u00a0 Val\u00e9ria Rosseto Barriveira Furuya Representante discente Zoot. Fernando Bittarello &nbsp;<\/p>\n","protected":false},"author":305,"featured_media":0,"parent":0,"menu_order":0,"comment_status":"closed","ping_status":"closed","template":"","meta":[],"_links":{"self":[{"href":"https:\/\/www2.uepg.br\/ppgz\/wp-json\/wp\/v2\/pages\/136"}],"collection":[{"href":"https:\/\/www2.uepg.br\/ppgz\/wp-json\/wp\/v2\/pages"}],"about":[{"href":"https:\/\/www2.uepg.br\/ppgz\/wp-json\/wp\/v2\/types\/page"}],"author":[{"embeddable":true,"href":"https:\/\/www2.uepg.br\/ppgz\/wp-json\/wp\/v2\/users\/305"}],"replies":[{"embeddable":true,"href":"https:\/\/www2.uepg.br\/ppgz\/wp-json\/wp\/v2\/comments?post=136"}],"version-history":[{"count":15,"href":"https:\/\/www2.uepg.br\/ppgz\/wp-json\/wp\/v2\/pages\/136\/revisions"}],"predecessor-version":[{"id":1025,"href":"https:\/\/www2.uepg.br\/ppgz\/wp-json\/wp\/v2\/pages\/136\/revisions\/1025"}],"wp:attachment":[{"href":"https:\/\/www2.uepg.br\/ppgz\/wp-json\/wp\/v2\/media?parent=136"}],"curies":[{"name":"wp","href":"https:\/\/api.w.org\/{rel}","templated":true}]}}