{"id":138,"date":"2021-06-14T08:36:50","date_gmt":"2021-06-14T11:36:50","guid":{"rendered":"https:\/\/www2.uepg.br\/ppgz\/?page_id=138"},"modified":"2025-03-27T17:54:42","modified_gmt":"2025-03-27T20:54:42","slug":"discentes","status":"publish","type":"page","link":"https:\/\/www2.uepg.br\/ppgz\/discentes\/","title":{"rendered":"Disciplinas"},"content":{"rendered":"<div class=\"col-lg-12\">\n<h2 align=\"center\"><span style=\"color: black\">Disciplinas<\/span><\/h2>\n<table class=\"table table-bordered table-striped\" style=\"height: 243px\" width=\"662\">\n<tbody>\n<tr>\n<th><span style=\"color: black\">Disciplinas Obrigat\u00f3rias<\/span><\/th>\n<th><span style=\"color: black\">Carga Hor\u00e1ria<\/span><\/th>\n<th><span style=\"color: black\">Cr\u00e9ditos<\/span><\/th>\n<\/tr>\n<tr>\n<td><a href=\"https:\/\/www2.uepg.br\/ppgz\/bioquimica-animal\/\">Bioqu\u00edmica animal<\/a><\/td>\n<td>45 horas<\/td>\n<td>3<\/td>\n<\/tr>\n<tr>\n<td><a href=\"https:\/\/www2.uepg.br\/ppgz\/estatistica-experimental\/\">Estat\u00edstica experimental<\/a><\/td>\n<td>60 horas<\/td>\n<td>4<\/td>\n<\/tr>\n<tr>\n<td><a href=\"https:\/\/www2.uepg.br\/ppgz\/estagio-orientado-de-docencia\/\">Est\u00e1gio de Doc\u00eancia do Mestrando<\/a><\/td>\n<td>30 horas<\/td>\n<td>2<\/td>\n<\/tr>\n<tr>\n<td><a href=\"https:\/\/www2.uepg.br\/ppgz\/orientacao-de-dissertacao-e-tese-l\/\">Orienta\u00e7\u00e3o de Disserta\u00e7\u00e3o e Tese l<\/a><\/td>\n<td>30 horas<\/td>\n<td>2<\/td>\n<\/tr>\n<tr>\n<td><a href=\"https:\/\/www2.uepg.br\/ppgz\/orientacao-de-dissertacao-e-tese-ll\/\">Orienta\u00e7\u00e3o de Disserta\u00e7\u00e3o e Tese ll<\/a><\/td>\n<td>30 horas<\/td>\n<td>2<\/td>\n<\/tr>\n<tr>\n<td><a href=\"https:\/\/www2.uepg.br\/ppgz\/seminario-l-defesa-de-projeto\/\">Semin\u00e1rio l: defesa de projeto<\/a><\/td>\n<td>30 horas<\/td>\n<td>2<\/td>\n<\/tr>\n<tr>\n<td><a href=\"https:\/\/www2.uepg.br\/ppgz\/seminario-ll-apresentacao-de-resultados\/\">Semin\u00e1rio ll: apresenta\u00e7\u00e3o de resultados<\/a><\/td>\n<td>30 horas<\/td>\n<td>2<\/td>\n<\/tr>\n<\/tbody>\n<\/table>\n<\/div>\n<div><\/div>\n<div>\n<table width=\"664\">\n<tbody>\n<tr>\n<td><strong>Disciplinas Optativas<\/strong><\/td>\n<td><strong>Carga Hor\u00e1ria<\/strong><\/td>\n<td><strong>Cr\u00e9ditos<\/strong><\/td>\n<\/tr>\n<tr>\n<td><a href=\"https:\/\/www2.uepg.br\/ppgz\/bioquimica-do-musculo-e-qualidade-do-pescado\/\">Bioqu\u00edmica do M\u00fasculo e Qualidade do Pescado<\/a><\/td>\n<td>45 horas<\/td>\n<td>3<\/td>\n<\/tr>\n<tr>\n<td><a href=\"https:\/\/www2.uepg.br\/ppgz\/ciencia-tecnologia-e-inovacoes-em-alimentos-de-origem-animal\/\">Ci\u00eancia, Tecnologia e Inova\u00e7\u00f5es em Alimentos de Origem Animal<\/a><\/td>\n<td>60 horas<\/td>\n<td>4<\/td>\n<\/tr>\n<tr>\n<td><a href=\"https:\/\/www2.uepg.br\/ppgz\/expressao-genica\/\">Express\u00e3o g\u00eanica<\/a><\/td>\n<td>45 horas<\/td>\n<td>3<\/td>\n<\/tr>\n<tr>\n<td><a href=\"https:\/\/www2.uepg.br\/ppgz\/genetica-molecular-e-biotecnologia-animal\/\">Gen\u00e9tica Molecular e Biotecnologia Animal<\/a><\/td>\n<td>45 horas<\/td>\n<td>3<\/td>\n<\/tr>\n<tr>\n<td><a href=\"https:\/\/www2.uepg.br\/ppgz\/metabolismo-de-aminoacidos-em-peixes\/\">Metabolismo de amino\u00e1cidos em peixes<\/a><\/td>\n<td>45 horas<\/td>\n<td>3<\/td>\n<\/tr>\n<tr>\n<td><a href=\"https:\/\/www2.uepg.br\/ppgz\/metodologia-da-pesquisa-cientifica\/\">Metodologia da pesquisa cient\u00edfica<\/a><\/td>\n<td>45 horas<\/td>\n<td>3<\/td>\n<\/tr>\n<tr>\n<td><a href=\"https:\/\/www2.uepg.br\/ppgz\/morfologia-e-fisiologia-de-plantas-forrageiras\/\">Morfologia e fisiologia de plantas forrageiras<\/a><\/td>\n<td>45 horas<\/td>\n<td>3<\/td>\n<\/tr>\n<tr>\n<td><a href=\"https:\/\/sites.uepg.br\/ppz\/info_disciplinas.php?MAT=23\">Nutri\u00e7\u00e3o e metabolismo em ruminantes<\/a><\/td>\n<td>60 horas<\/td>\n<td>4<\/td>\n<\/tr>\n<tr>\n<td><a href=\"https:\/\/www2.uepg.br\/ppgz\/nutricao-e-metabolismo-em-nao-ruminantes\/\">Nutri\u00e7\u00e3o e metabolismo em n\u00e3o ruminantes<\/a><\/td>\n<td>60 horas<\/td>\n<td>4<\/td>\n<\/tr>\n<tr>\n<td><a href=\"https:\/\/www2.uepg.br\/ppgz\/parasitologia-animal\/\">Parasitologia animal<\/a><\/td>\n<td>45 horas<\/td>\n<td>3<\/td>\n<\/tr>\n<tr>\n<td><a href=\"https:\/\/www2.uepg.br\/ppgz\/sistemas-silvipastoris-integracao-pecuaria-floresta-ipf\/\">Sistemas Silvipastoris (integra\u00e7\u00e3o pecu\u00e1ria-floresta \u2013 IPF)<\/a><\/td>\n<td>45 horas<\/td>\n<td>3<\/td>\n<\/tr>\n<tr>\n<td><a href=\"https:\/\/www2.uepg.br\/ppgz\/sistematizacao-e-meta-analise-de-dados\/\">Sistematiza\u00e7\u00e3o e meta-an\u00e1lise de dados<\/a><\/td>\n<td>45 horas<\/td>\n<td>3<\/td>\n<\/tr>\n<tr>\n<td><a href=\"https:\/\/www2.uepg.br\/ppgz\/topicos-avancados-em-suinocultura\/\">T\u00f3picos avan\u00e7ados em suinocultura<\/a><\/td>\n<td>45 horas<\/td>\n<td>3<\/td>\n<\/tr>\n<tr>\n<td><a href=\"https:\/\/www2.uepg.br\/ppgz\/topicos-especiais-em-producao-animal\/\">T\u00f3picos especiais em produ\u00e7\u00e3o animal<\/a><\/td>\n<td>30 horas<\/td>\n<td>2<\/td>\n<\/tr>\n<tr>\n<td><a href=\"https:\/\/www2.uepg.br\/ppgz\/endocrinologia-metabolismo-e-imunologia-na-producao-animal\/\">Endocrinologia, metabolismo e imunologia na produ\u00e7\u00e3o animal<\/a><\/td>\n<td>45 horas<\/td>\n<td>3<\/td>\n<\/tr>\n<tr>\n<td><a href=\"https:\/\/www2.uepg.br\/ppgz\/parametros-de-monitoramento-da-qualidade-do-leite\/\">Par\u00e2metros de monitoramento da qualidade do leite<\/a><\/td>\n<td>45 horas<\/td>\n<td>3<\/td>\n<\/tr>\n<tr>\n<td><a href=\"https:\/\/www2.uepg.br\/ppgz\/sistemas-integrados-de-producao-agropecuaria\/\">T\u00f3picos Especiais: Sistemas Integrados de Produ\u00e7\u00e3o Agropecu\u00e1ria<\/a><\/td>\n<td>30 horas<\/td>\n<td>2<\/td>\n<tr>\n<td><a href=\"https:\/\/www2.uepg.br\/ppgz\/fisiologia-da-lactacao\/\">Fisiologia da Lacta\u00e7\u00e3o<\/a><\/td>\n<td>45 horas<\/td>\n<td>3<\/td>\n<\/tr>\n<\/tbody>\n<\/table>\n<\/div>\n<div><\/div>\n<div><\/div>\n","protected":false},"excerpt":{"rendered":"<p>Disciplinas Disciplinas Obrigat\u00f3rias Carga Hor\u00e1ria Cr\u00e9ditos Bioqu\u00edmica animal 45 horas 3 Estat\u00edstica experimental 60 horas 4 Est\u00e1gio de Doc\u00eancia do Mestrando 30 horas 2 Orienta\u00e7\u00e3o de Disserta\u00e7\u00e3o e Tese l 30 horas 2 Orienta\u00e7\u00e3o de Disserta\u00e7\u00e3o e Tese ll 30 horas 2 Semin\u00e1rio l: defesa de projeto 30 horas 2 Semin\u00e1rio ll: apresenta\u00e7\u00e3o de resultados&nbsp;&hellip;<\/p>\n","protected":false},"author":305,"featured_media":0,"parent":0,"menu_order":0,"comment_status":"closed","ping_status":"closed","template":"","meta":[],"_links":{"self":[{"href":"https:\/\/www2.uepg.br\/ppgz\/wp-json\/wp\/v2\/pages\/138"}],"collection":[{"href":"https:\/\/www2.uepg.br\/ppgz\/wp-json\/wp\/v2\/pages"}],"about":[{"href":"https:\/\/www2.uepg.br\/ppgz\/wp-json\/wp\/v2\/types\/page"}],"author":[{"embeddable":true,"href":"https:\/\/www2.uepg.br\/ppgz\/wp-json\/wp\/v2\/users\/305"}],"replies":[{"embeddable":true,"href":"https:\/\/www2.uepg.br\/ppgz\/wp-json\/wp\/v2\/comments?post=138"}],"version-history":[{"count":20,"href":"https:\/\/www2.uepg.br\/ppgz\/wp-json\/wp\/v2\/pages\/138\/revisions"}],"predecessor-version":[{"id":1369,"href":"https:\/\/www2.uepg.br\/ppgz\/wp-json\/wp\/v2\/pages\/138\/revisions\/1369"}],"wp:attachment":[{"href":"https:\/\/www2.uepg.br\/ppgz\/wp-json\/wp\/v2\/media?parent=138"}],"curies":[{"name":"wp","href":"https:\/\/api.w.org\/{rel}","templated":true}]}}