{"id":147,"date":"2021-06-14T08:38:54","date_gmt":"2021-06-14T11:38:54","guid":{"rendered":"https:\/\/www2.uepg.br\/ppgz\/?page_id=147"},"modified":"2026-02-25T15:27:00","modified_gmt":"2026-02-25T18:27:00","slug":"docentes","status":"publish","type":"page","link":"https:\/\/www2.uepg.br\/ppgz\/docentes\/","title":{"rendered":"Docentes"},"content":{"rendered":"<h3 style=\"text-align: center\"><b>Docentes<\/b><\/h3>\n<p><img loading=\"lazy\" class=\"size-thumbnail wp-image-353 alignleft\" src=\"https:\/\/www2.uepg.br\/ppgz\/wp-content\/uploads\/sites\/195\/2021\/08\/WhatsApp-Image-2021-08-17-at-15.15.00-150x150.jpeg\" alt=\"\" width=\"150\" height=\"150\" srcset=\"https:\/\/www2.uepg.br\/ppgz\/wp-content\/uploads\/sites\/195\/2021\/08\/WhatsApp-Image-2021-08-17-at-15.15.00-150x150.jpeg 150w, https:\/\/www2.uepg.br\/ppgz\/wp-content\/uploads\/sites\/195\/2021\/08\/WhatsApp-Image-2021-08-17-at-15.15.00.jpeg 462w\" sizes=\"(max-width: 150px) 100vw, 150px\" \/><\/p>\n<p>Dr<sup>a<\/sup>. Adriana de Souza Martins\u00a0 \u00a0 \u00a0 \u00a0 \u00a0 \u00a0E-mail: dri261@yahoo.com.br<\/p>\n<p>Departamento de Zootecnia\/UEPG\u00a0 \u00a0 \u00a0 \u00a0 \u00a0 \u00a0<a href=\"http:\/\/lattes.cnpq.br\/6959960829989681\">Lattes<\/a>\u00a0 \u00a0 \u00a0\u00a0<a href=\"https:\/\/orcid.org\/0000-0003-0512-3854\">ORCID<\/a><\/p>\n<p><strong>Produ\u00e7\u00e3o, nutri\u00e7\u00e3o de ruminantes e forragicultura<\/strong><\/p>\n<p><em>\u00c1reas de atua\u00e7\u00e3o: Produ\u00e7\u00e3o e qualidade do leite, nutri\u00e7\u00e3o de vacas leiteiras e avalia\u00e7\u00e3o de bezerras e novilhas leiteiras<\/em><\/p>\n<p>&nbsp;<\/p>\n<p>&nbsp;<\/p>\n<p><img loading=\"lazy\" class=\"alignleft wp-image-359 size-thumbnail\" src=\"https:\/\/www2.uepg.br\/ppgz\/wp-content\/uploads\/sites\/195\/2021\/08\/cheila-150x150.jpeg\" alt=\"\" width=\"150\" height=\"150\" \/><\/p>\n<p>Dr<sup>a<\/sup>. Cheila Roberta Lehnen\u00a0 \u00a0 \u00a0 \u00a0 \u00a0 \u00a0E-mail: cheilalehnen@gmail.com<\/p>\n<p>Departamento de Zootecnia\/UEPG\u00a0 \u00a0 \u00a0 \u00a0 \u00a0 \u00a0<a href=\"http:\/\/lattes.cnpq.br\/6592450638931890\">Lattes<\/a>\u00a0 \u00a0 \u00a0\u00a0<a href=\"https:\/\/orcid.org\/0000-0001-5857-8305\">ORCID<\/a><\/p>\n<p><strong>Produ\u00e7\u00e3o e nutri\u00e7\u00e3o de n\u00e3o ruminantes<\/strong><\/p>\n<p><em>\u00c1reas de atua\u00e7\u00e3o: sistematiza\u00e7\u00e3o e meta-an\u00e1lise de dados; bem-estar animal; nutri\u00e7\u00e3o, alimenta\u00e7\u00e3o\u00a0 e avalia\u00e7\u00e3o de aditivos na suinocultura.\u00a0<\/em><\/p>\n<p>&nbsp;<\/p>\n<p><img loading=\"lazy\" class=\"alignleft wp-image-362 size-thumbnail\" src=\"https:\/\/www2.uepg.br\/ppgz\/wp-content\/uploads\/sites\/195\/2021\/08\/WhatsApp-Image-2021-08-17-at-14.44.59-1-150x150.jpeg\" alt=\"\" width=\"150\" height=\"150\" \/><\/p>\n<p>Dra.\u00a0 La\u00edse da Silveira Pontes\u00a0 \u00a0 \u00a0 \u00a0 E-mail: laisepontes@iapar.br<\/p>\n<p>Instituto de Desenvolvimento Rural do Paran\u00e1 -IAPAR-Emater \u00a0 \u00a0 \u00a0 \u00a0 <a href=\"http:\/\/lattes.cnpq.br\/1551379867003353\">Lattes<\/a>\u00a0 \u00a0 \u00a0\u00a0<a href=\"https:\/\/orcid.org\/0000-0002-3906-3047\">ORCID<\/a><\/p>\n<p><strong>Produ\u00e7\u00e3o, nutri\u00e7\u00e3o de ruminantes e forragicultura<\/strong><\/p>\n<p><em>\u00c1rea de atua\u00e7\u00e3o: Forragicultura e Manejo de pastagens. Sistemas Integrados de Produ\u00e7\u00e3o Agropecu\u00e1ria.<\/em><\/p>\n<p>&nbsp;<\/p>\n<p><img loading=\"lazy\" class=\"alignleft wp-image-363 size-thumbnail\" src=\"https:\/\/www2.uepg.br\/ppgz\/wp-content\/uploads\/sites\/195\/2021\/08\/WhatsApp-Image-2021-08-17-at-14.05.53-1-150x150.jpeg\" alt=\"\" width=\"150\" height=\"150\" \/><\/p>\n<p>Dr. Leandro Cavalcante Lipinski\u00a0 \u00a0 \u00a0 \u00a0 \u00a0 E-mail: leandrolipinski@yahoo.com.br<\/p>\n<p>Departamento de Medicina\/ UEPG\u00a0 \u00a0 \u00a0 \u00a0 \u00a0 <a href=\"http:\/\/lattes.cnpq.br\/8776063396753167\">Lattes<\/a>\u00a0 \u00a0 \u00a0\u00a0<a href=\"https:\/\/orcid.org\/0000-0001-5662-622X\">ORCID<\/a><\/p>\n<p><strong>Produ\u00e7\u00e3o, nutri\u00e7\u00e3o de ruminantes e forragicultura<\/strong><\/p>\n<p>&nbsp;<\/p>\n<p>&nbsp;<\/p>\n<p><a href=\"http:\/\/www2.uepg.br\/dezoo\/wp-content\/uploads\/sites\/46\/2023\/10\/WhatsApp-Image-2023-10-03-at-14.14.26.jpeg\"><img loading=\"lazy\" class=\" wp-image-557 alignleft\" src=\"http:\/\/www2.uepg.br\/dezoo\/wp-content\/uploads\/sites\/46\/2023\/10\/WhatsApp-Image-2023-10-03-at-14.14.26.jpeg\" alt=\"\" width=\"160\" height=\"181\" \/><\/a>Prof<sup>a<\/sup>. Dr<sup>a<\/sup>. Luciana da Silva Leal Karolewski\u00a0 E-mail: lsleal@uepg.br<\/p>\n<p>Departamento de Zootecnia \/ UEPG<\/p>\n<p><a href=\"http:\/\/lattes.cnpq.br\/3756688750023437\">Lattes\u00a0 \u00a0<\/a> \u00a0 <a href=\"http:\/\/0000-0002-6991-8317\">ORCID<\/a><\/p>\n<p><strong>Gen\u00e9tica, melhoramento e reprodu\u00e7\u00e3o animal<\/strong><\/p>\n<p>\u00c1rea de atua\u00e7\u00e3o: Fisiopatologia da reprodu\u00e7\u00e3o masculina e feminina dos animais dom\u00e9sticos, Biotecnologias reprodutivas, Endocrinologia da reprodu\u00e7\u00e3o e Efici\u00eancia reprodutiva dos animais de produ\u00e7\u00e3o<\/p>\n<p style=\"text-align: center\"><em>\u00a0 \u00a0 \u00a0 \u00a0 \u00a0 \u00a0 \u00a0 \u00a0 \u00a0 \u00a0 \u00a0 \u00a0 \u00a0 \u00a0 \u00a0 \u00a0 \u00a0 \u00a0\u00a0<\/em><\/p>\n<p><a href=\"https:\/\/www2.uepg.br\/ppgz\/wp-content\/uploads\/sites\/195\/2023\/10\/Marcelo-Vicari.jpg\"><img loading=\"lazy\" class=\"alignleft wp-image-943 \" src=\"https:\/\/www2.uepg.br\/ppgz\/wp-content\/uploads\/sites\/195\/2023\/10\/Marcelo-Vicari.jpg\" alt=\"\" width=\"160\" height=\"179\" \/><\/a><\/p>\n<p>Dr. Marcelo Ricardo Vicari\u00a0 \u00a0 \u00a0 \u00a0 \u00a0 E-mail: vicarimr@yahoo.com.br<\/p>\n<p>Departamento de Biologia Estrutural, Molecular e Gen\u00e9tica\/ UEPG\u00a0 \u00a0 \u00a0 \u00a0 \u00a0 <a href=\"http:\/\/lattes.cnpq.br\/9824170107078686\">Lattes<\/a>\u00a0 \u00a0 \u00a0\u00a0<a href=\"https:\/\/orcid.org\/0000-0003-3913-9889\">ORCID<\/a><\/p>\n<p><strong>Gen\u00e9tica, melhoramento e reprodu\u00e7\u00e3o animal<\/strong><\/p>\n<p><em>\u00c1rea de atua\u00e7\u00e3o:\u00a0avalia\u00e7\u00e3o de genes diferencialmente expressos e sua correla\u00e7\u00e3o com as caracter\u00edsticas de interesse em animais de produ\u00e7\u00e3o submetidos a diferentes tipos de tratamento.<\/em><\/p>\n<p>&nbsp;<\/p>\n<p><img loading=\"lazy\" class=\"alignleft wp-image-909\" src=\"https:\/\/www2.uepg.br\/ppgz\/wp-content\/uploads\/sites\/195\/2023\/09\/Marina.jpg\" alt=\"\" width=\"147\" height=\"165\" \/><\/p>\n<p>Dra. Marina Tolentino Marinho\u00a0 \u00a0 \u00a0E-mail: mctolentino@uepg.br<\/p>\n<p>Departamento de Engenharia de Alimentos\/UEPG\u00a0 \u00a0 \u00a0 <a href=\"https:\/\/lattes.cnpq.br\/2948006079949306\">\u00a0Lattes\u00a0<\/a> \u00a0 \u00a0<a href=\"https:\/\/orcid.org\/0000-0002-4734-6856\">ORCID<\/a><\/p>\n<p><strong>Produ\u00e7\u00e3o, nutri\u00e7\u00e3o de ruminantes e forragicultura<\/strong><\/p>\n<p><em>\u00c1rea de atua\u00e7\u00e3o:<\/em> <em>avalia\u00e7\u00e3o da qualidade de mat\u00e9rias-primas de origem animal e sua influ\u00eancia em par\u00e2metros tecnol\u00f3gicos e de qualidade de produtos aliment\u00edcios; desenvolvimento de novos produtos (inova\u00e7\u00f5es tecnol\u00f3gicas). Experi\u00eancia em pesquisas envolvendo qualidade do leite e de produtos l\u00e1cteos, nutri\u00e7\u00e3o x qualidade da carne de peixes, avalia\u00e7\u00e3o da qualidade e oxida\u00e7\u00e3o lip\u00eddica de carnes e produtos c\u00e1rneos.\u00a0<\/em><\/p>\n<p>&nbsp;<\/p>\n<p><img loading=\"lazy\" class=\"alignleft wp-image-898 \" src=\"https:\/\/www2.uepg.br\/ppgz\/wp-content\/uploads\/sites\/195\/2023\/09\/Foto-para-site_Raquel.jpeg\" alt=\"\" width=\"122\" height=\"165\" \/><\/p>\n<p>Dr<sup>a<\/sup>. Raquel Abdallah da Rocha Oliveira \u00a0 \u00a0 \u00a0 \u00a0 \u00a0 E-mail: raroliveira@uepg.br<\/p>\n<p>Departamento de Zootecnia\/UEPG\u00a0 \u00a0 \u00a0 \u00a0 \u00a0 \u00a0<a href=\"http:\/\/lattes.cnpq.br\/6152301257739977\">Lattes<\/a>\u00a0 \u00a0 \u00a0\u00a0<a href=\"https:\/\/orcid.org\/0000-0002-0978-955X\">ORCID<\/a><\/p>\n<p><strong>Produ\u00e7\u00e3o, nutri\u00e7\u00e3o de ruminantes e forragicultura<\/strong><\/p>\n<p><em>\u00c1reas de atua\u00e7\u00e3o: Parasitologia em ruminantes &#8211; controle alternativo de verminoses em ruminantes<\/em><\/p>\n<p>&nbsp;<\/p>\n<p>&nbsp;<\/p>\n<p><a href=\"https:\/\/www2.uepg.br\/ppgz\/wp-content\/uploads\/sites\/195\/2024\/03\/porfirio.jpeg\"><img loading=\"lazy\" class=\"alignleft wp-image-1014\" src=\"https:\/\/www2.uepg.br\/ppgz\/wp-content\/uploads\/sites\/195\/2024\/03\/porfirio.jpeg\" alt=\"\" width=\"156\" height=\"154\" \/><\/a><\/p>\n<p>Dr. Vanderley Porf\u00edrio-da-Silva\u00a0 \u00a0 \u00a0E-mail: vanderley.porfirio@embrapa.br<\/p>\n<p>Florestas\/EMBRAPA \u00a0 \u00a0 \u00a0 \u00a0 \u00a0\u00a0<a href=\"http:\/\/lattes.cnpq.br\/9981745260702934\">Lattes<\/a>\u00a0 \u00a0 \u00a0\u00a0<a href=\"http:\/\/orcid.org\/0000-0002-7910-3680\">ORCID<\/a><\/p>\n<p><strong>Produ\u00e7\u00e3o, nutri\u00e7\u00e3o de ruminantes e forragicultura<\/strong><\/p>\n<p><em>\u00c1rea de atua\u00e7\u00e3o: Sistemas agrossilvipastoris, biof\u00edsica de processos e sistemas, micrometeorologia, transfer\u00eancia de tecnologias.<\/em><\/p>\n<p>&nbsp;<\/p>\n<p><img loading=\"lazy\" class=\"alignleft wp-image-897 \" src=\"https:\/\/www2.uepg.br\/ppgz\/wp-content\/uploads\/sites\/195\/2023\/09\/foto-Viviane-1.jpg\" alt=\"\" width=\"144\" height=\"181\" \/><\/p>\n<p>Dr. Viviane Nogaroto\u00a0 \u00a0 \u00a0 \u00a0 \u00a0 \u00a0E-mail: vivianenogaroto@uepg.br<\/p>\n<p>Departamento de Biologia Estrutural, Molecular e Gen\u00e9tica\/ UEPG\u00a0 \u00a0 \u00a0 \u00a0 \u00a0 <a href=\"http:\/\/lattes.cnpq.br\/8691663299749290\">Lattes<\/a>\u00a0 \u00a0 \u00a0\u00a0<a href=\"https:\/\/orcid.org\/0000-0001-5757-9648\">ORCID<\/a><\/p>\n<p><strong>Gen\u00e9tica, melhoramento e reprodu\u00e7\u00e3o animal<\/strong><\/p>\n<p><em>\u00c1reas de atua\u00e7\u00e3o: \u00a0avalia\u00e7\u00e3o de genes diferencialmente expressos e sua correla\u00e7\u00e3o com as caracter\u00edsticas de interesse em animais de produ\u00e7\u00e3o submetidos a diferentes tipos de tratamentos<\/em><\/p>\n<p>&nbsp;<\/p>\n<p>&nbsp;<\/p>\n<p><img loading=\"lazy\" class=\"alignleft wp-image-368 size-thumbnail\" src=\"https:\/\/www2.uepg.br\/ppgz\/wp-content\/uploads\/sites\/195\/2021\/08\/WhatsApp-Image-2021-08-17-at-15.02.09-1-150x150.jpeg\" alt=\"\" width=\"150\" height=\"150\" \/><\/p>\n<p>Dr. Wilson Massamitu Furuya \u00a0 \u00a0 \u00a0 \u00a0 \u00a0E-mail: wmfuruya@uepg.br<\/p>\n<p>Departamento de Zootecnia\/UEPG\u00a0 \u00a0 \u00a0 \u00a0 \u00a0 \u00a0<a href=\"http:\/\/lattes.cnpq.br\/5043541966109135\">Lattes<\/a>\u00a0 \u00a0 \u00a0\u00a0<a href=\"https:\/\/orcid.org\/0000-0002-4848-8645\">ORCID<\/a><\/p>\n<p><strong>Produ\u00e7\u00e3o e nutri\u00e7\u00e3o de n\u00e3o ruminantes<\/strong><\/p>\n<p><em>\u00c1reas de atua\u00e7\u00e3o:\u00a0 exig\u00eancias nutricionais de til\u00e1pias, avalia\u00e7\u00e3o de aditivos nutricionais e tecnol\u00f3gicos<\/em><\/p>\n<p>&nbsp;<\/p>\n<p>&nbsp;<\/p>\n<p>&nbsp;<\/p>\n","protected":false},"excerpt":{"rendered":"<p>Docentes Dra. Adriana de Souza Martins\u00a0 \u00a0 \u00a0 \u00a0 \u00a0 \u00a0E-mail: dri261@yahoo.com.br Departamento de Zootecnia\/UEPG\u00a0 \u00a0 \u00a0 \u00a0 \u00a0 \u00a0Lattes\u00a0 \u00a0 \u00a0\u00a0ORCID Produ\u00e7\u00e3o, nutri\u00e7\u00e3o de ruminantes e forragicultura \u00c1reas de atua\u00e7\u00e3o: Produ\u00e7\u00e3o e qualidade do leite, nutri\u00e7\u00e3o de vacas leiteiras e avalia\u00e7\u00e3o de bezerras e novilhas leiteiras &nbsp; &nbsp; Dra. Cheila Roberta Lehnen\u00a0 \u00a0 \u00a0&nbsp;&hellip;<\/p>\n","protected":false},"author":305,"featured_media":0,"parent":0,"menu_order":0,"comment_status":"closed","ping_status":"closed","template":"","meta":[],"_links":{"self":[{"href":"https:\/\/www2.uepg.br\/ppgz\/wp-json\/wp\/v2\/pages\/147"}],"collection":[{"href":"https:\/\/www2.uepg.br\/ppgz\/wp-json\/wp\/v2\/pages"}],"about":[{"href":"https:\/\/www2.uepg.br\/ppgz\/wp-json\/wp\/v2\/types\/page"}],"author":[{"embeddable":true,"href":"https:\/\/www2.uepg.br\/ppgz\/wp-json\/wp\/v2\/users\/305"}],"replies":[{"embeddable":true,"href":"https:\/\/www2.uepg.br\/ppgz\/wp-json\/wp\/v2\/comments?post=147"}],"version-history":[{"count":18,"href":"https:\/\/www2.uepg.br\/ppgz\/wp-json\/wp\/v2\/pages\/147\/revisions"}],"predecessor-version":[{"id":1447,"href":"https:\/\/www2.uepg.br\/ppgz\/wp-json\/wp\/v2\/pages\/147\/revisions\/1447"}],"wp:attachment":[{"href":"https:\/\/www2.uepg.br\/ppgz\/wp-json\/wp\/v2\/media?parent=147"}],"curies":[{"name":"wp","href":"https:\/\/api.w.org\/{rel}","templated":true}]}}