{"id":149,"date":"2021-06-14T08:39:08","date_gmt":"2021-06-14T11:39:08","guid":{"rendered":"https:\/\/www2.uepg.br\/ppgz\/?page_id=149"},"modified":"2022-02-16T16:57:33","modified_gmt":"2022-02-16T19:57:33","slug":"linhas-de-pesquisa","status":"publish","type":"page","link":"https:\/\/www2.uepg.br\/ppgz\/linhas-de-pesquisa\/","title":{"rendered":"Linhas de Pesquisa"},"content":{"rendered":"<h3 style=\"text-align: center\">Linhas de Pesquisa<\/h3>\n<div class=\"col-lg-12\">\n<div>\n<p><b>Produ\u00e7\u00e3o e nutri\u00e7\u00e3o de n\u00e3o ruminantes<\/b><\/p>\n<p>Estudos sobre digest\u00e3o e metabolismo de nutrientes em n\u00e3o ruminantes. Biologia integrativa no metabolismo animal. Modelagem de sistemas biol\u00f3gicos. Processos tecnol\u00f3gicos do amido para uso na alimenta\u00e7\u00e3o animal. Estudos fisiol\u00f3gicos do estresse no animal e bem estar animal. Aquicultura.\u00a0 Produ\u00e7\u00e3o de organismos aqu\u00e1ticos.<\/p>\n<p>&nbsp;<\/p>\n<\/div>\n<div>\n<p><b>Produ\u00e7\u00e3o, nutri\u00e7\u00e3o de ruminantes e forragicultura<\/b><\/p>\n<p>Avalia\u00e7\u00e3o de alimentos e exig\u00eancias nutricionais de ruminantes. Modula\u00e7\u00e3o da fermenta\u00e7\u00e3o ruminal, composi\u00e7\u00e3o da carne e do leite em ruminantes. Metabolismo p\u00f3s-absortivo de nutrientes em ruminantes. Estrat\u00e9gias de aduba\u00e7\u00e3o e fontes alternativas de nutrientes para sistemas de produ\u00e7\u00e3o. Sistemas integrados de produ\u00e7\u00e3o agropecu\u00e1ria.\u00a0 Epidemiologia, diagn\u00f3stico e profilaxia das endoparasitoses de ruminantes.<\/p>\n<p>&nbsp;<\/p>\n<\/div>\n<div>\n<p><b>Gen\u00e9tica, melhoramento e reprodu\u00e7\u00e3o animal<\/b><\/p>\n<p>Avalia\u00e7\u00e3o gen\u00e9tica de animais de interesse zoot\u00e9cnico. Sele\u00e7\u00e3o de reprodutores e matrizes utilizados como melhoradores dos rebanhos. Avalia\u00e7\u00e3o gen\u00f4mica. \u00a0Identifica\u00e7\u00e3o de genes e marcadores moleculares. Aplica\u00e7\u00e3o de m\u00e9todos quantitativos de an\u00e1lise.<\/p>\n<\/div>\n<\/div>\n<div class=\"col-lg-12\">\n<div><\/div>\n<\/div>\n","protected":false},"excerpt":{"rendered":"<p>Linhas de Pesquisa Produ\u00e7\u00e3o e nutri\u00e7\u00e3o de n\u00e3o ruminantes Estudos sobre digest\u00e3o e metabolismo de nutrientes em n\u00e3o ruminantes. Biologia integrativa no metabolismo animal. Modelagem de sistemas biol\u00f3gicos. Processos tecnol\u00f3gicos do amido para uso na alimenta\u00e7\u00e3o animal. Estudos fisiol\u00f3gicos do estresse no animal e bem estar animal. Aquicultura.\u00a0 Produ\u00e7\u00e3o de organismos aqu\u00e1ticos. &nbsp; Produ\u00e7\u00e3o, nutri\u00e7\u00e3o&nbsp;&hellip;<\/p>\n","protected":false},"author":305,"featured_media":0,"parent":0,"menu_order":0,"comment_status":"closed","ping_status":"closed","template":"","meta":[],"_links":{"self":[{"href":"https:\/\/www2.uepg.br\/ppgz\/wp-json\/wp\/v2\/pages\/149"}],"collection":[{"href":"https:\/\/www2.uepg.br\/ppgz\/wp-json\/wp\/v2\/pages"}],"about":[{"href":"https:\/\/www2.uepg.br\/ppgz\/wp-json\/wp\/v2\/types\/page"}],"author":[{"embeddable":true,"href":"https:\/\/www2.uepg.br\/ppgz\/wp-json\/wp\/v2\/users\/305"}],"replies":[{"embeddable":true,"href":"https:\/\/www2.uepg.br\/ppgz\/wp-json\/wp\/v2\/comments?post=149"}],"version-history":[{"count":14,"href":"https:\/\/www2.uepg.br\/ppgz\/wp-json\/wp\/v2\/pages\/149\/revisions"}],"predecessor-version":[{"id":602,"href":"https:\/\/www2.uepg.br\/ppgz\/wp-json\/wp\/v2\/pages\/149\/revisions\/602"}],"wp:attachment":[{"href":"https:\/\/www2.uepg.br\/ppgz\/wp-json\/wp\/v2\/media?parent=149"}],"curies":[{"name":"wp","href":"https:\/\/api.w.org\/{rel}","templated":true}]}}