{"id":151,"date":"2021-06-14T08:39:19","date_gmt":"2021-06-14T11:39:19","guid":{"rendered":"https:\/\/www2.uepg.br\/ppgz\/?page_id=151"},"modified":"2021-08-18T10:37:03","modified_gmt":"2021-08-18T13:37:03","slug":"links-uteis","status":"publish","type":"page","link":"https:\/\/www2.uepg.br\/ppgz\/links-uteis\/","title":{"rendered":"Links \u00dateis"},"content":{"rendered":"<div><strong style=\"color: #000080\">Ag\u00eancias de fomento<\/strong><\/div>\n<div class=\"row\">\n<div><\/div>\n<div class=\"col-lg-12\"><a href=\"http:\/\/www.capes.gov.br\/\" target=\"_blank\" rel=\"noopener noreferrer\">Coordena\u00e7\u00e3o de Aperfei\u00e7oamento de Pessoal de N\u00edvel Superior<\/a><\/div>\n<div><\/div>\n<div><a href=\"http:\/\/www.cnpq.br\/\" target=\"_blank\" rel=\"noopener noreferrer\">Conselho Nacional de Desenvolvimento Cient\u00edfico e Tecnol\u00f3gico<\/a><\/div>\n<\/div>\n<p><a href=\"http:\/\/www.fappr.pr.gov.br\/\" target=\"_blank\" rel=\"noopener noreferrer\">Funda\u00e7\u00e3o Arauc\u00e1ria<\/a><\/p>\n<p>&nbsp;<\/p>\n<p><span style=\"color: #000080\"><strong>Links institucionais<\/strong><\/span><\/p>\n<p><a href=\"https:\/\/www2.uepg.br\/propesp\/\">Pr\u00f3-Reitoria de Pesquisa e P\u00f3s-Gradua\u00e7\u00e3o \u2013 Universidade Estadual de Ponta Grossa (uepg.br)<\/a><\/p>\n<p><a href=\"https:\/\/www2.uepg.br\/propesp-ceua\/\">CEUA \u2013 Comiss\u00e3o de \u00c9tica no Uso dos Animais \u2013 UEPG<\/a><\/p>\n<p><a href=\"https:\/\/lattes.cnpq.br\/\">Plataforma Lattes (cnpq.br)<\/a><\/p>\n<div class=\"row\">\n<p>&nbsp;<\/p>\n<\/div>\n<p><span style=\"color: #000080\"><strong>Bases bibliogr\u00e1ficas<\/strong><\/span><\/p>\n<p><a href=\"https:\/\/www.highwirepress.com\/\">Digital Publishing Technology | HighWire Press<\/a><\/p>\n<p><a href=\"https:\/\/scielo.org\/\">SciELO.org<\/a><\/p>\n<p><a href=\"https:\/\/www-periodicos-capes-gov-br.ezl.periodicos.capes.gov.br\/index.php?\">Portal .peri\u00f3dicos. CAPES<\/a><\/p>\n<p><a href=\"https:\/\/www.webofscience.com\/wos\">https:\/\/www.webofscience.com\/wos<\/a><\/p>\n","protected":false},"excerpt":{"rendered":"<p>Ag\u00eancias de fomento Coordena\u00e7\u00e3o de Aperfei\u00e7oamento de Pessoal de N\u00edvel Superior Conselho Nacional de Desenvolvimento Cient\u00edfico e Tecnol\u00f3gico Funda\u00e7\u00e3o Arauc\u00e1ria &nbsp; Links institucionais Pr\u00f3-Reitoria de Pesquisa e P\u00f3s-Gradua\u00e7\u00e3o \u2013 Universidade Estadual de Ponta Grossa (uepg.br) CEUA \u2013 Comiss\u00e3o de \u00c9tica no Uso dos Animais \u2013 UEPG Plataforma Lattes (cnpq.br) &nbsp; Bases bibliogr\u00e1ficas Digital Publishing Technology&nbsp;&hellip;<\/p>\n","protected":false},"author":305,"featured_media":0,"parent":0,"menu_order":0,"comment_status":"closed","ping_status":"closed","template":"","meta":[],"_links":{"self":[{"href":"https:\/\/www2.uepg.br\/ppgz\/wp-json\/wp\/v2\/pages\/151"}],"collection":[{"href":"https:\/\/www2.uepg.br\/ppgz\/wp-json\/wp\/v2\/pages"}],"about":[{"href":"https:\/\/www2.uepg.br\/ppgz\/wp-json\/wp\/v2\/types\/page"}],"author":[{"embeddable":true,"href":"https:\/\/www2.uepg.br\/ppgz\/wp-json\/wp\/v2\/users\/305"}],"replies":[{"embeddable":true,"href":"https:\/\/www2.uepg.br\/ppgz\/wp-json\/wp\/v2\/comments?post=151"}],"version-history":[{"count":11,"href":"https:\/\/www2.uepg.br\/ppgz\/wp-json\/wp\/v2\/pages\/151\/revisions"}],"predecessor-version":[{"id":400,"href":"https:\/\/www2.uepg.br\/ppgz\/wp-json\/wp\/v2\/pages\/151\/revisions\/400"}],"wp:attachment":[{"href":"https:\/\/www2.uepg.br\/ppgz\/wp-json\/wp\/v2\/media?parent=151"}],"curies":[{"name":"wp","href":"https:\/\/api.w.org\/{rel}","templated":true}]}}