{"id":184,"date":"2021-06-14T08:58:56","date_gmt":"2021-06-14T11:58:56","guid":{"rendered":"https:\/\/www2.uepg.br\/ppgz\/?page_id=184"},"modified":"2024-09-19T14:07:07","modified_gmt":"2024-09-19T17:07:07","slug":"formularios","status":"publish","type":"page","link":"https:\/\/www2.uepg.br\/ppgz\/formularios\/","title":{"rendered":"Formul\u00e1rios"},"content":{"rendered":"<div id=\"pl-184\"  class=\"panel-layout\" ><div id=\"pg-184-0\"  class=\"panel-grid panel-no-style\" ><div id=\"pgc-184-0-0\"  class=\"panel-grid-cell\" ><div id=\"panel-184-0-0-0\" class=\"so-panel widget widget_sow-accordion panel-first-child\" data-index=\"0\" ><div\n\t\t\t\n\t\t\tclass=\"so-widget-sow-accordion so-widget-sow-accordion-default-46163303d345-184\"\n\t\t\t\n\t\t><div>\n\t<div class=\"sow-accordion\">\n\t\t\t<div class=\"sow-accordion-panel\"\n\t\t\t data-anchor=\"projeto-de-pesquisa\">\n\t\t\t\t<div class=\"sow-accordion-panel-header-container\" role=\"heading\" aria-level=\"2\">\n\t\t\t\t\t<div class=\"sow-accordion-panel-header\" tabindex=\"0\" role=\"button\" id=\"accordion-label-projeto-de-pesquisa\" aria-controls=\"accordion-content-projeto-de-pesquisa\" aria-expanded=\"false\">\n\t\t\t\t\t\t<div class=\"sow-accordion-title sow-accordion-title-icon-left\">\n\t\t\t\t\t\t\t\t\t\t\t\t\t\tProjeto de pesquisa\t\t\t\t\t\t\t\t\t\t\t\t\t<\/div>\n\t\t\t\t\t\t<div class=\"sow-accordion-open-close-button\">\n\t\t\t\t\t\t\t<div class=\"sow-accordion-open-button\">\n\t\t\t\t\t\t\t\t<span class=\"sow-icon-ionicons\" data-sow-icon=\"&#xf218;\"\n\t\t \n\t\taria-hidden=\"true\"><\/span>\t\t\t\t\t\t\t<\/div>\n\t\t\t\t\t\t\t<div class=\"sow-accordion-close-button\">\n\t\t\t\t\t\t\t\t<span class=\"sow-icon-ionicons\" data-sow-icon=\"&#xf209;\"\n\t\t \n\t\taria-hidden=\"true\"><\/span>\t\t\t\t\t\t\t<\/div>\n\t\t\t\t\t\t<\/div>\n\t\t\t\t\t<\/div>\n\t\t\t\t<\/div>\n\n\t\t\t<div\n\t\t\t\tclass=\"sow-accordion-panel-content\"\n\t\t\t\trole=\"region\"\n\t\t\t\taria-labelledby=\"accordion-label-projeto-de-pesquisa\"\n\t\t\t\tid=\"accordion-content-projeto-de-pesquisa\"\n\t\t\t\tstyle=\"display: none;\"\t\t\t>\n\t\t\t\t<div class=\"sow-accordion-panel-border\" tabindex=\"0\">\n\t\t\t\t\t<p><a href=\"https:\/\/www2.uepg.br\/ppgz\/wp-content\/uploads\/sites\/195\/2024\/09\/Projeto-de-Pesquisa-Mestrado_PPG_ZOO_2024.docx\">Protocolo Experimental (pr\u00e9-projeto disciplina Semin\u00e1rios I)\u00a0<\/a><\/p>\n<p><a href=\"https:\/\/www2.uepg.br\/ppgz\/wp-content\/uploads\/sites\/195\/2024\/03\/Formulario-para-solicitacao-de-autorizacao-do-uso-de-animais-em-PESQUISA-CEUA-NOVO.doc\">Formul\u00e1rio CEUA para Uso de animais em experimenta\u00e7\u00e3o animal<\/a> (<a href=\"https:\/\/www2.uepg.br\/propesp-ceua\/\">maiores informa\u00e7\u00f5es<\/a>)<\/p>\n\t\t\t\t<\/div>\n\t\t\t<\/div>\n\t\t<\/div>\n\t\t\t<div class=\"sow-accordion-panel\"\n\t\t\t data-anchor=\"est%c3%a1gio-doc%c3%aancia-no-mestrado\">\n\t\t\t\t<div class=\"sow-accordion-panel-header-container\" role=\"heading\" aria-level=\"2\">\n\t\t\t\t\t<div class=\"sow-accordion-panel-header\" tabindex=\"0\" role=\"button\" id=\"accordion-label-est%c3%a1gio-doc%c3%aancia-no-mestrado\" aria-controls=\"accordion-content-est%c3%a1gio-doc%c3%aancia-no-mestrado\" aria-expanded=\"false\">\n\t\t\t\t\t\t<div class=\"sow-accordion-title sow-accordion-title-icon-left\">\n\t\t\t\t\t\t\t\t\t\t\t\t\t\tEst\u00e1gio Doc\u00eancia no Mestrado\t\t\t\t\t\t\t\t\t\t\t\t\t<\/div>\n\t\t\t\t\t\t<div class=\"sow-accordion-open-close-button\">\n\t\t\t\t\t\t\t<div class=\"sow-accordion-open-button\">\n\t\t\t\t\t\t\t\t<span class=\"sow-icon-ionicons\" data-sow-icon=\"&#xf218;\"\n\t\t \n\t\taria-hidden=\"true\"><\/span>\t\t\t\t\t\t\t<\/div>\n\t\t\t\t\t\t\t<div class=\"sow-accordion-close-button\">\n\t\t\t\t\t\t\t\t<span class=\"sow-icon-ionicons\" data-sow-icon=\"&#xf209;\"\n\t\t \n\t\taria-hidden=\"true\"><\/span>\t\t\t\t\t\t\t<\/div>\n\t\t\t\t\t\t<\/div>\n\t\t\t\t\t<\/div>\n\t\t\t\t<\/div>\n\n\t\t\t<div\n\t\t\t\tclass=\"sow-accordion-panel-content\"\n\t\t\t\trole=\"region\"\n\t\t\t\taria-labelledby=\"accordion-label-est%c3%a1gio-doc%c3%aancia-no-mestrado\"\n\t\t\t\tid=\"accordion-content-est%c3%a1gio-doc%c3%aancia-no-mestrado\"\n\t\t\t\tstyle=\"display: none;\"\t\t\t>\n\t\t\t\t<div class=\"sow-accordion-panel-border\" tabindex=\"0\">\n\t\t\t\t\t<p><a href=\"http:\/\/www2.uepg.br\/propesp\/wp-content\/uploads\/sites\/41\/2019\/11\/Resolucao-CEPE-021-2016-Regulamento-do-Estagio-de-Docencia-de-Discentes-dos-Cursos-PPG-Stricto-Sensu.pdf\" target=\"_blank\" rel=\"noopener noreferrer\">Regulamento de Est\u00e1gio de Doc\u00eancia de Discentes dos Cursos de P\u00f3s-Gradua\u00e7\u00e3o Stricto Sensu, da UEPG.<\/a><\/p>\n<p><a href=\"https:\/\/www2.uepg.br\/ppgz\/formularios\/resolucao-cepe-021-2016_anexo-i-1\/\">\u2013 Anexo I da Resolu\u00e7\u00e3o CEPE n\u00ba 021\/2016 ( Est\u00e1gio de Doc\u00eancia) \u2013 para preenchimento <strong>(Solicita\u00e7\u00e3o)<\/strong><strong>\u00a0<\/strong><\/a><\/p>\n<p><a href=\"https:\/\/www2.uepg.br\/ppgz\/formularios\/resolucao-cepe-021-2016_anexo-ii-1\/\">\u2013 Anexo II da Resolu\u00e7\u00e3o CEPE n\u00ba 021\/2016\u00a0( Est\u00e1gio de Doc\u00eancia)\u00a0\u2013 para preenchimento <strong>(Relat\u00f3rio)<\/strong><\/a><\/p>\n\t\t\t\t<\/div>\n\t\t\t<\/div>\n\t\t<\/div>\n\t\t\t<div class=\"sow-accordion-panel\"\n\t\t\t data-anchor=\"defesa-e-entrega-de-disserta%c3%a7%c3%a3o\">\n\t\t\t\t<div class=\"sow-accordion-panel-header-container\" role=\"heading\" aria-level=\"2\">\n\t\t\t\t\t<div class=\"sow-accordion-panel-header\" tabindex=\"0\" role=\"button\" id=\"accordion-label-defesa-e-entrega-de-disserta%c3%a7%c3%a3o\" aria-controls=\"accordion-content-defesa-e-entrega-de-disserta%c3%a7%c3%a3o\" aria-expanded=\"false\">\n\t\t\t\t\t\t<div class=\"sow-accordion-title sow-accordion-title-icon-left\">\n\t\t\t\t\t\t\t\t\t\t\t\t\t\tDefesa e entrega de disserta\u00e7\u00e3o\t\t\t\t\t\t\t\t\t\t\t\t\t<\/div>\n\t\t\t\t\t\t<div class=\"sow-accordion-open-close-button\">\n\t\t\t\t\t\t\t<div class=\"sow-accordion-open-button\">\n\t\t\t\t\t\t\t\t<span class=\"sow-icon-ionicons\" data-sow-icon=\"&#xf218;\"\n\t\t \n\t\taria-hidden=\"true\"><\/span>\t\t\t\t\t\t\t<\/div>\n\t\t\t\t\t\t\t<div class=\"sow-accordion-close-button\">\n\t\t\t\t\t\t\t\t<span class=\"sow-icon-ionicons\" data-sow-icon=\"&#xf209;\"\n\t\t \n\t\taria-hidden=\"true\"><\/span>\t\t\t\t\t\t\t<\/div>\n\t\t\t\t\t\t<\/div>\n\t\t\t\t\t<\/div>\n\t\t\t\t<\/div>\n\n\t\t\t<div\n\t\t\t\tclass=\"sow-accordion-panel-content\"\n\t\t\t\trole=\"region\"\n\t\t\t\taria-labelledby=\"accordion-label-defesa-e-entrega-de-disserta%c3%a7%c3%a3o\"\n\t\t\t\tid=\"accordion-content-defesa-e-entrega-de-disserta%c3%a7%c3%a3o\"\n\t\t\t\tstyle=\"display: none;\"\t\t\t>\n\t\t\t\t<div class=\"sow-accordion-panel-border\" tabindex=\"0\">\n\t\t\t\t\t<p><a href=\"https:\/\/www2.uepg.br\/ppgz\/wp-content\/uploads\/sites\/195\/2021\/08\/Formulario_Requerimento_de_defesa.docx\">Requerimento para solicita\u00e7\u00e3o de defesa de disserta\u00e7\u00e3o<\/a><\/p>\n<p><a href=\"https:\/\/www2.uepg.br\/ppgz\/wp-content\/uploads\/sites\/195\/2022\/07\/Cadastro-Externo.docx\">Cadastro membro externo em banca de defesa de Mestrado<\/a><\/p>\n<p><a href=\"https:\/\/www2.uepg.br\/ppgz\/wp-content\/uploads\/sites\/195\/2024\/08\/Manual-5-ed-digital.pdf\">Manual de normaliza\u00e7\u00e3o bibliogr\u00e1fica de trabalhos cient\u00edficos<\/a><\/p>\n<p><a href=\"https:\/\/www2.uepg.br\/ppgz\/wp-content\/uploads\/sites\/195\/2021\/08\/Modelo-de-TERMO-DE-AUTORIZACAO-PARA-PUBLICACAO-TEDE.docx\">TERMO DE AUTORIZA\u00c7\u00c3O PARA PUBLICA\u00c7\u00c3O ELETR\u00d4NICA NA BDTD DA UEPG<\/a><\/p>\n\t\t\t\t<\/div>\n\t\t\t<\/div>\n\t\t<\/div>\n\t\t\t<div class=\"sow-accordion-panel\"\n\t\t\t data-anchor=\"checklist-de-orienta%c3%a7%c3%a3o-acad%c3%aamica-ppzuepg\">\n\t\t\t\t<div class=\"sow-accordion-panel-header-container\" role=\"heading\" aria-level=\"2\">\n\t\t\t\t\t<div class=\"sow-accordion-panel-header\" tabindex=\"0\" role=\"button\" id=\"accordion-label-checklist-de-orienta%c3%a7%c3%a3o-acad%c3%aamica-ppzuepg\" aria-controls=\"accordion-content-checklist-de-orienta%c3%a7%c3%a3o-acad%c3%aamica-ppzuepg\" aria-expanded=\"false\">\n\t\t\t\t\t\t<div class=\"sow-accordion-title sow-accordion-title-icon-left\">\n\t\t\t\t\t\t\t\t\t\t\t\t\t\tCHECKLIST DE ORIENTA\u00c7\u00c3O ACAD\u00caMICA PPZ\/UEPG\t\t\t\t\t\t\t\t\t\t\t\t\t<\/div>\n\t\t\t\t\t\t<div class=\"sow-accordion-open-close-button\">\n\t\t\t\t\t\t\t<div class=\"sow-accordion-open-button\">\n\t\t\t\t\t\t\t\t<span class=\"sow-icon-ionicons\" data-sow-icon=\"&#xf218;\"\n\t\t \n\t\taria-hidden=\"true\"><\/span>\t\t\t\t\t\t\t<\/div>\n\t\t\t\t\t\t\t<div class=\"sow-accordion-close-button\">\n\t\t\t\t\t\t\t\t<span class=\"sow-icon-ionicons\" data-sow-icon=\"&#xf209;\"\n\t\t \n\t\taria-hidden=\"true\"><\/span>\t\t\t\t\t\t\t<\/div>\n\t\t\t\t\t\t<\/div>\n\t\t\t\t\t<\/div>\n\t\t\t\t<\/div>\n\n\t\t\t<div\n\t\t\t\tclass=\"sow-accordion-panel-content\"\n\t\t\t\trole=\"region\"\n\t\t\t\taria-labelledby=\"accordion-label-checklist-de-orienta%c3%a7%c3%a3o-acad%c3%aamica-ppzuepg\"\n\t\t\t\tid=\"accordion-content-checklist-de-orienta%c3%a7%c3%a3o-acad%c3%aamica-ppzuepg\"\n\t\t\t\tstyle=\"display: none;\"\t\t\t>\n\t\t\t\t<div class=\"sow-accordion-panel-border\" tabindex=\"0\">\n\t\t\t\t\t<p class=\"Default\" style=\"text-align: left\" align=\"center\"><a href=\"https:\/\/www2.uepg.br\/ppgz\/wp-content\/uploads\/sites\/195\/2023\/03\/CHECKLIST-DE-ORIENTACAO-ACADEMICA-PPZ.pdf\"><span style=\"font-size: 16.0pt\">CHECKLIST DE ORIENTA\u00c7\u00c3O ACAD\u00caMICA PPZ\/UEPG<\/span><\/a><\/p>\n\t\t\t\t<\/div>\n\t\t\t<\/div>\n\t\t<\/div>\n\t\t<\/div>\n<\/div>\n<\/div><\/div><div id=\"panel-184-0-0-1\" class=\"so-panel widget widget_sow-editor\" data-index=\"1\" ><div\n\t\t\t\n\t\t\tclass=\"so-widget-sow-editor so-widget-sow-editor-base\"\n\t\t\t\n\t\t>\n<div class=\"siteorigin-widget-tinymce textwidget\">\n\t<\/div>\n<\/div><\/div><div id=\"panel-184-0-0-2\" class=\"so-panel widget widget_sow-editor panel-last-child\" data-index=\"2\" ><div\n\t\t\t\n\t\t\tclass=\"so-widget-sow-editor so-widget-sow-editor-base\"\n\t\t\t\n\t\t>\n<div class=\"siteorigin-widget-tinymce textwidget\">\n\t<\/div>\n<\/div><\/div><\/div><\/div><div id=\"pg-184-1\"  class=\"panel-grid panel-no-style\" ><div id=\"pgc-184-1-0\"  class=\"panel-grid-cell panel-grid-cell-empty\" ><\/div><\/div><\/div>","protected":false},"excerpt":{"rendered":"<p>Projeto de pesquisa Protocolo Experimental (pr\u00e9-projeto disciplina Semin\u00e1rios I)\u00a0 Formul\u00e1rio CEUA para Uso de animais em experimenta\u00e7\u00e3o animal (maiores informa\u00e7\u00f5es) Est\u00e1gio Doc\u00eancia no Mestrado Regulamento de Est\u00e1gio de Doc\u00eancia de Discentes dos Cursos de P\u00f3s-Gradua\u00e7\u00e3o Stricto Sensu, da UEPG. \u2013 Anexo I da Resolu\u00e7\u00e3o CEPE n\u00ba 021\/2016 ( Est\u00e1gio de Doc\u00eancia) \u2013 para preenchimento (Solicita\u00e7\u00e3o)\u00a0&nbsp;&hellip;<\/p>\n","protected":false},"author":305,"featured_media":0,"parent":0,"menu_order":0,"comment_status":"closed","ping_status":"closed","template":"","meta":[],"_links":{"self":[{"href":"https:\/\/www2.uepg.br\/ppgz\/wp-json\/wp\/v2\/pages\/184"}],"collection":[{"href":"https:\/\/www2.uepg.br\/ppgz\/wp-json\/wp\/v2\/pages"}],"about":[{"href":"https:\/\/www2.uepg.br\/ppgz\/wp-json\/wp\/v2\/types\/page"}],"author":[{"embeddable":true,"href":"https:\/\/www2.uepg.br\/ppgz\/wp-json\/wp\/v2\/users\/305"}],"replies":[{"embeddable":true,"href":"https:\/\/www2.uepg.br\/ppgz\/wp-json\/wp\/v2\/comments?post=184"}],"version-history":[{"count":26,"href":"https:\/\/www2.uepg.br\/ppgz\/wp-json\/wp\/v2\/pages\/184\/revisions"}],"predecessor-version":[{"id":1100,"href":"https:\/\/www2.uepg.br\/ppgz\/wp-json\/wp\/v2\/pages\/184\/revisions\/1100"}],"wp:attachment":[{"href":"https:\/\/www2.uepg.br\/ppgz\/wp-json\/wp\/v2\/media?parent=184"}],"curies":[{"name":"wp","href":"https:\/\/api.w.org\/{rel}","templated":true}]}}