{"id":186,"date":"2021-06-14T08:59:14","date_gmt":"2021-06-14T11:59:14","guid":{"rendered":"https:\/\/www2.uepg.br\/ppgz\/?page_id=186"},"modified":"2025-09-24T08:58:44","modified_gmt":"2025-09-24T11:58:44","slug":"processo_seletivo","status":"publish","type":"page","link":"https:\/\/www2.uepg.br\/ppgz\/processo_seletivo\/","title":{"rendered":"Processo Seletivo"},"content":{"rendered":"<h4><span style=\"color: #003366\"><strong>Inscri\u00e7\u00f5es<\/strong><\/span><\/h4>\n<div class=\"row\">\n<div class=\"col-lg-12\">\n<p>Para a admiss\u00e3o no Curso de Mestrado no Programa de P\u00f3s-gradua\u00e7\u00e3o em Zootecnia, \u00c1rea de Concentra\u00e7\u00e3o: Produ\u00e7\u00e3o animal, o candidato deve possuir gradua\u00e7\u00e3o em Zootecnia ou \u00e1reas afins, em curso reconhecido pelo Minist\u00e9rio de Educa\u00e7\u00e3o e Cultura (MEC). \u00c9 permitida a inscri\u00e7\u00e3o de alunos matriculados no \u00faltimo ano do curso de gradua\u00e7\u00e3o. Todos os candidatos \u00e0 sele\u00e7\u00e3o dever\u00e3o apresentar \u00e0 Secretaria do Programa, dentro dos prazos estabelecidos os seguintes documentos ESCANEADOS e ANEXADOS ao link de inscri\u00e7\u00e3o:<\/p>\n<p>&nbsp;<\/p>\n<ul>\n<li><strong>Ficha de Inscri\u00e7\u00e3o (<a href=\"https:\/\/www2.uepg.br\/ppgz\/wp-content\/uploads\/sites\/195\/2022\/10\/Ficha-de-Inscricao_PPZ.pdf\">Modelo<\/a>).<\/strong> Este documento deve ser preenchido, assinado e inserido no site:\u00a0<strong><a href=\"https:\/\/acad.apps.uepg.br\/inicio\" target=\"_blank\" rel=\"nofollow noopener\" data-saferedirecturl=\"https:\/\/www.google.com\/url?q=https:\/\/acad.apps.uepg.br\/inicio&amp;source=gmail&amp;ust=1666867799236000&amp;usg=AOvVaw3-kfWISKNnSIIvqBcrGCql\">https:\/\/acad.apps.uepg.br\/inicio<\/a><\/strong><\/li>\n<li><strong>Certid\u00e3o de Nascimento<\/strong> ou de <strong>Casamento<\/strong>;<\/li>\n<li><strong>Carteira de Identidade<\/strong>;<\/li>\n<li><strong>Cadastro de Pessoa F\u00edsica<\/strong> \u2013 CPF;<\/li>\n<li><strong>T\u00edtulo de Eleitor e comprovante da \u00faltima vota\u00e7\u00e3o<\/strong>;<\/li>\n<li><strong>Quita\u00e7\u00e3o com Servi\u00e7o Militar<\/strong> (para homem);<\/li>\n<li><strong>Diploma<\/strong> (a fotoc\u00f3pia dever\u00e1 ser frente e verso na mesma folha) e <strong>Hist\u00f3rico escolar<\/strong>, ou <strong>Certid\u00e3o<\/strong> de Institui\u00e7\u00e3o de Ensino Superior de ser aluno concluinte de curso de gradua\u00e7\u00e3o;<\/li>\n<li><strong>Curr\u00edculo Lattes ATUALIZADO<\/strong>. O curr\u00edculo dever\u00e1 ser gerado pela Plataforma\u00a0<strong><a href=\"http:\/\/lattes.cnpq.br\/\" target=\"_blank\" rel=\"noopener\">LATTES<\/a><\/strong>\u00a0<strong>com documenta\u00e7\u00e3o comprobat\u00f3ria;<\/strong><\/li>\n<li>Duas <strong>cartas de refer\u00eancia<\/strong> (<a href=\"https:\/\/www2.uepg.br\/ppgz\/wp-content\/uploads\/sites\/195\/2021\/12\/Carta_referencia_2022-1.pdf\"><strong>Modelo<\/strong><\/a>) assinadas por professor universit\u00e1rio ou pesquisador.<\/li>\n<li>As cartas de apresenta\u00e7\u00e3o dever\u00e3o ser encaminhadas por e-mail: <a href=\"mailto:sec_ppz@uepg.br\">sec_ppz@uepg.br<\/a>, diretamente pelo autor da carta. Salienta-se que as cartas de apresenta\u00e7\u00e3o dever\u00e3o ser assinadas obrigatoriamente por profissionais portadores do <strong>t\u00edtulo de Mestre e\/ou Doutor<\/strong>.<\/li>\n<li>C\u00f3pia do<strong> comprovante de pagamento<\/strong> <strong>da taxa de inscri\u00e7\u00e3o<\/strong> no valor de R$ 150,00 (cento e cinquenta reais).<\/li>\n<\/ul>\n<\/div>\n<p>A efetiva\u00e7\u00e3o da inscri\u00e7\u00e3o depender\u00e1 do atendimento \u00e0s exig\u00eancias quanto \u00e0 forma\u00e7\u00e3o acad\u00eamica e apresenta\u00e7\u00e3o integral dos documentos necess\u00e1rios.<br \/>\n<a href=\"https:\/\/www2.uepg.br\/ppgz\/wp-content\/uploads\/sites\/195\/2025\/09\/Edital-Processo-Seletivo-PPZ_2026.pdf\"><span style=\"color: #ff0000\"><strong>Para maiores esclarecimentos leia o Edital 11\/2025.<\/strong><\/span><\/a><\/p>\n<\/div>\n<p>&nbsp;<\/p>\n<div class=\"row\">\n<p><a href=\"https:\/\/www2.uepg.br\/ppgz\/wp-content\/uploads\/sites\/195\/2021\/12\/Carta_referencia_2022-1.pdf\"><span style=\"color: #003366\"><strong>Carta refer\u00eancia<\/strong><\/span><\/a><\/p>\n<\/div>\n<p><strong>ORIENTA\u00c7\u00d5ES<\/strong><\/p>\n<ul>\n<li><strong>Orienta\u00e7\u00f5es sobre a prova de sufici\u00eancia em l\u00edngua inglesa e a apresenta\u00e7\u00e3o do artigo cient\u00edfico. <\/strong><\/li>\n<\/ul>\n<p><strong>a) <\/strong><strong>As respostas da prova em l\u00edngua inglesa ser\u00e3o em PORTUGU\u00caS.<\/strong><\/p>\n<p><strong>b) O artigo cient\u00edfico para apresenta\u00e7\u00e3o ser\u00e1 entregue ao candidato no dia da prova de sufici\u00eancia. O artigo ser\u00e1 em ingl\u00eas e a apresenta\u00e7\u00e3o pelo candidato ser\u00e1 em portugu\u00eas.<\/strong><\/p>\n<p><strong>c) Para pontua\u00e7\u00e3o do Curr\u00edculo LATTES ser\u00e3o considerados os itens e pontos constantes na planilha em anexo (<a href=\"https:\/\/www2.uepg.br\/ppgz\/wp-content\/uploads\/sites\/195\/2023\/11\/PontuacaoLATTES-PPZ.xlsx\">Planilha<\/a>).\u00a0 Somente ser\u00e1 pontuada a informa\u00e7\u00e3o que constar descrita no Curr\u00edculo Lattes com o documento comprobat\u00f3rio.<br \/>\n<\/strong><\/p>\n<p>&nbsp;<\/p>\n<p><strong>D\u00favidas quanto a inscri\u00e7\u00e3o, entrar em contato no WhatsApp 42 99841-0085 Profa.\u00a0 Cheila Lehnen.\u00a0<\/strong><\/p>\n<p>&nbsp;<\/p>\n<p>&nbsp;<\/p>\n","protected":false},"excerpt":{"rendered":"<p>Inscri\u00e7\u00f5es Para a admiss\u00e3o no Curso de Mestrado no Programa de P\u00f3s-gradua\u00e7\u00e3o em Zootecnia, \u00c1rea de Concentra\u00e7\u00e3o: Produ\u00e7\u00e3o animal, o candidato deve possuir gradua\u00e7\u00e3o em Zootecnia ou \u00e1reas afins, em curso reconhecido pelo Minist\u00e9rio de Educa\u00e7\u00e3o e Cultura (MEC). \u00c9 permitida a inscri\u00e7\u00e3o de alunos matriculados no \u00faltimo ano do curso de gradua\u00e7\u00e3o. Todos os&nbsp;&hellip;<\/p>\n","protected":false},"author":305,"featured_media":0,"parent":0,"menu_order":0,"comment_status":"closed","ping_status":"closed","template":"","meta":[],"_links":{"self":[{"href":"https:\/\/www2.uepg.br\/ppgz\/wp-json\/wp\/v2\/pages\/186"}],"collection":[{"href":"https:\/\/www2.uepg.br\/ppgz\/wp-json\/wp\/v2\/pages"}],"about":[{"href":"https:\/\/www2.uepg.br\/ppgz\/wp-json\/wp\/v2\/types\/page"}],"author":[{"embeddable":true,"href":"https:\/\/www2.uepg.br\/ppgz\/wp-json\/wp\/v2\/users\/305"}],"replies":[{"embeddable":true,"href":"https:\/\/www2.uepg.br\/ppgz\/wp-json\/wp\/v2\/comments?post=186"}],"version-history":[{"count":37,"href":"https:\/\/www2.uepg.br\/ppgz\/wp-json\/wp\/v2\/pages\/186\/revisions"}],"predecessor-version":[{"id":1407,"href":"https:\/\/www2.uepg.br\/ppgz\/wp-json\/wp\/v2\/pages\/186\/revisions\/1407"}],"wp:attachment":[{"href":"https:\/\/www2.uepg.br\/ppgz\/wp-json\/wp\/v2\/media?parent=186"}],"curies":[{"name":"wp","href":"https:\/\/api.w.org\/{rel}","templated":true}]}}