{"id":190,"date":"2021-06-14T09:00:08","date_gmt":"2021-06-14T12:00:08","guid":{"rendered":"https:\/\/www2.uepg.br\/ppgz\/?page_id=190"},"modified":"2026-02-13T20:05:42","modified_gmt":"2026-02-13T23:05:42","slug":"regulamentos","status":"publish","type":"page","link":"https:\/\/www2.uepg.br\/ppgz\/regulamentos\/","title":{"rendered":"Regulamentos"},"content":{"rendered":"<h2><span style=\"color: #003366\"><strong>Regulamentos<\/strong><\/span><\/h2>\n<h4>Sobre o Programa&#8230;<\/h4>\n<p><a href=\"https:\/\/www2.uepg.br\/ppgz\/wp-content\/uploads\/sites\/195\/2025\/03\/PLANEJAMENTO-ESTRATEGICO_PPZ-1.pdf\">Planejamento Estrat\u00e9gico 2024-2032<\/a><\/p>\n<p><a href=\"https:\/\/www2.uepg.br\/ppgz\/wp-content\/uploads\/sites\/195\/2021\/08\/Regulamento_Atual.pdf\">Regulamento do Programa de P\u00f3s-gradua\u00e7\u00e3o <em>Strictu sensu<\/em> em Zootecnia<\/a><\/p>\n<p><a href=\"http:\/\/www2.uepg.br\/propesp\/wp-content\/uploads\/sites\/41\/2019\/11\/Resolucao-CEPE-020-2016-Regulamento-Geral-dos-PPG-Stricto-Sensu-da-UEPG.pdf\" target=\"_blank\" rel=\"noopener noreferrer\">Regimento Geral dos Programas de P\u00f3s-Gradua\u00e7\u00e3o Stricto Sensu<\/a><\/p>\n<p><a href=\"http:\/\/www2.uepg.br\/propesp\/wp-content\/uploads\/sites\/41\/2020\/03\/07-de-27-de-Mar%C3%A7o-de-2020-aprova-altera%C3%A7%C3%B5es-no-Regulamento-Geral-dos-Programas-de-P%C3%B3s-Gradua%C3%A7%C3%A3o-Stricto-Sensu-da-UEPG.pdf\">Altera\u00e7\u00f5es no Regulamento Geral dos Programas de P\u00f3s-Gradua\u00e7\u00e3o\u00a0<em>Stricto Sensu<\/em>\u00a0da UEPG.<\/a><\/p>\n<p><a href=\"https:\/\/www2.uepg.br\/ppgz\/wp-content\/uploads\/sites\/195\/2026\/02\/Regime_Domiciliar__2_.pdf\">Regime de Exerc\u00edcios Domiciliares para os discentes dos Cursos e Programas de P\u00f3s-Gradua\u00e7\u00e3o, da UEPG<\/a><\/p>\n<p><a href=\"https:\/\/www.in.gov.br\/materia\/-\/asset_publisher\/Kujrw0TZC2Mb\/content\/id\/39729251\/do1-2018-09-05-portaria-n-206-de-4-de-setembro-de-2018-39729135\">Portaria n\u00ba 206\/2018 Torna obrigat\u00f3rio agradecimento a CAPES<\/a><\/p>\n<p>&nbsp;<\/p>\n<h4>Bolsas e orienta\u00e7\u00f5es aos bolsistas<\/h4>\n<p><a href=\"https:\/\/www2.uepg.br\/ppgz\/wp-content\/uploads\/sites\/195\/2025\/03\/INSTRUCAO-NORMATIVA-PPZ_CRITERIOS-DISTRIBUICAO-BOLSAS.pdf\">Instru\u00e7\u00e3o Normativa &#8211; Regulamento para Distribui\u00e7\u00e3o de Bolsas<\/a><\/p>\n<p><a href=\"https:\/\/www2.uepg.br\/ppgz\/wp-content\/uploads\/sites\/195\/2026\/02\/PORTARIA-CAPES-No-133-DE-10-DE-JULHO-DE-2023-regulamenta-o-acumulo-de-bolsas-de-mestrado-doutorsado-e-pos-doc-com-atividade-remunerada-e-outros-rendimentos.pdf\">Portaria CAPES 133, Regulamenta o ac\u00famulo de bolsas concedidas pela CAPES\u00a0 com atividade remunerada ou outros rendimentos.<\/a><\/p>\n<p><a href=\"https:\/\/www2.uepg.br\/ppgz\/wp-content\/uploads\/sites\/195\/2026\/02\/Oficio_Circular_2236454-informacoes-da-CAPES-relativas-ao-acumulo-de-bolsa-com-vinculo-empregaticio.pdf\">Of\u00edcio circular sobre a altera\u00e7\u00e3o das regras de ac\u00famulo de bolsas no pa\u00eds.<\/a><\/p>\n<p><a href=\"https:\/\/www2.uepg.br\/ppgz\/wp-content\/uploads\/sites\/195\/2026\/02\/Oficio_Circular_2604567-novs-regra-para-a-prorrogacao-de-bolsas-em-caso-de-licenca-maternidade.pdf\">Novas regras para a prorroga\u00e7\u00e3o de bolsas de estudo em caso de Licen\u00e7a Maternidade<\/a><\/p>\n<p>&nbsp;<\/p>\n<h4>Atividades de Ensino ODM<\/h4>\n<p><a href=\"http:\/\/www2.uepg.br\/propesp\/wp-content\/uploads\/sites\/41\/2019\/11\/Resolucao-CEPE-021-2016-Regulamento-do-Estagio-de-Docencia-de-Discentes-dos-Cursos-PPG-Stricto-Sensu.pdf\" target=\"_blank\" rel=\"noopener noreferrer\">Regulamento de Est\u00e1gio de Doc\u00eancia de Discentes dos Cursos de P\u00f3s-Gradua\u00e7\u00e3o Stricto Sensu, da UEPG.<\/a><\/p>\n<p><a href=\"http:\/\/www2.uepg.br\/propesp\/wp-content\/uploads\/sites\/41\/2019\/11\/Resolucao-CEPE-30-2016-ODT.pdf\" target=\"_blank\" rel=\"noopener noreferrer\">Regulamento de orienta\u00e7\u00e3o de disserta\u00e7\u00e3o de mestrado e de tese de doutorado nos programas de p\u00f3s-gradua\u00e7\u00e3o stricto sensu, da UEPG, como atividade de ensino.<\/a><\/p>\n<p><a href=\"https:\/\/www2.uepg.br\/ppgz\/wp-content\/uploads\/sites\/195\/2021\/08\/Portaria-Capes-76-2010-Programa-DS.pdf\">Regulamento do Programa de Bolsas da Demanda Social \u2013 DS da CAPES<\/a><\/p>\n<p>&nbsp;<\/p>\n<h4><span style=\"color: #000080\"><strong>Crit\u00e9rios para credenciamento,\u00a0 descredenciamento e altera\u00e7\u00e3o de categoria dos docentes\u00a0<\/strong><\/span><\/h4>\n<p><a href=\"https:\/\/www2.uepg.br\/ppgz\/wp-content\/uploads\/sites\/195\/2025\/05\/INSTRUCAO-NORMATIVA-PPZ_CREDENCIAMENTO-DESCRED-DOCENTES.pdf\">Instru\u00e7\u00e3o Normativa &#8211; Credenciamento, recredenciamento e descredenciamento de docentes<\/a><\/p>\n<p>&nbsp;<\/p>\n<p>&nbsp;<\/p>\n","protected":false},"excerpt":{"rendered":"<p>Regulamentos Sobre o Programa&#8230; Planejamento Estrat\u00e9gico 2024-2032 Regulamento do Programa de P\u00f3s-gradua\u00e7\u00e3o Strictu sensu em Zootecnia Regimento Geral dos Programas de P\u00f3s-Gradua\u00e7\u00e3o Stricto Sensu Altera\u00e7\u00f5es no Regulamento Geral dos Programas de P\u00f3s-Gradua\u00e7\u00e3o\u00a0Stricto Sensu\u00a0da UEPG. Regime de Exerc\u00edcios Domiciliares para os discentes dos Cursos e Programas de P\u00f3s-Gradua\u00e7\u00e3o, da UEPG Portaria n\u00ba 206\/2018 Torna obrigat\u00f3rio agradecimento&nbsp;&hellip;<\/p>\n","protected":false},"author":305,"featured_media":0,"parent":0,"menu_order":0,"comment_status":"closed","ping_status":"closed","template":"","meta":[],"_links":{"self":[{"href":"https:\/\/www2.uepg.br\/ppgz\/wp-json\/wp\/v2\/pages\/190"}],"collection":[{"href":"https:\/\/www2.uepg.br\/ppgz\/wp-json\/wp\/v2\/pages"}],"about":[{"href":"https:\/\/www2.uepg.br\/ppgz\/wp-json\/wp\/v2\/types\/page"}],"author":[{"embeddable":true,"href":"https:\/\/www2.uepg.br\/ppgz\/wp-json\/wp\/v2\/users\/305"}],"replies":[{"embeddable":true,"href":"https:\/\/www2.uepg.br\/ppgz\/wp-json\/wp\/v2\/comments?post=190"}],"version-history":[{"count":20,"href":"https:\/\/www2.uepg.br\/ppgz\/wp-json\/wp\/v2\/pages\/190\/revisions"}],"predecessor-version":[{"id":1431,"href":"https:\/\/www2.uepg.br\/ppgz\/wp-json\/wp\/v2\/pages\/190\/revisions\/1431"}],"wp:attachment":[{"href":"https:\/\/www2.uepg.br\/ppgz\/wp-json\/wp\/v2\/media?parent=190"}],"curies":[{"name":"wp","href":"https:\/\/api.w.org\/{rel}","templated":true}]}}