{"id":228,"date":"2021-06-16T08:39:35","date_gmt":"2021-06-16T11:39:35","guid":{"rendered":"https:\/\/www2.uepg.br\/ppgz\/?page_id=228"},"modified":"2025-03-20T21:20:11","modified_gmt":"2025-03-21T00:20:11","slug":"bioquimica-animal","status":"publish","type":"page","link":"https:\/\/www2.uepg.br\/ppgz\/bioquimica-animal\/","title":{"rendered":"Bioqu\u00edmica animal"},"content":{"rendered":"<h2 style=\"text-align: center\">Bioqu\u00edmica animal<\/h2>\n<p style=\"text-align: center\"><strong>Nivel:\u00a0<\/strong>Mestrado<\/p>\n<p style=\"text-align: center\"><strong>Obrigat\u00f3ria<\/strong><\/p>\n<p style=\"text-align: center\"><strong>Area de Concentra\u00e7\u00e3o:\u00a0<\/strong>Produ\u00e7\u00e3o animal<\/p>\n<p style=\"text-align: center\"><strong>Carga Horario:\u00a0<\/strong>45<\/p>\n<p style=\"text-align: center\"><strong>Cr\u00e9ditos:\u00a0<\/strong>3<\/p>\n<p style=\"text-align: center\"><strong>Ementa:<\/strong><br \/>\nOs constituintes do organismo animal. Biomol\u00e9culas. Digest\u00e3o e absor\u00e7\u00e3o intestinal. Metabolismo. Oxida\u00e7\u00f5es Biol\u00f3gicas. Bioqu\u00edmica de ruminantes. Mecanismo de a\u00e7\u00e3o hormonal. Nutri\u00e7\u00e3o animal. Bioqu\u00edmica da reprodu\u00e7\u00e3o. Bioqu\u00edmica e Zootecnia. Estudo de artigos cient\u00edficos nacionais e internacionais relacionados \u00e0 aplica\u00e7\u00e3o da Bioqu\u00edmica na Zootecnia.<\/p>\n<p><a href=\"https:\/\/www2.uepg.br\/ppgz\/wp-content\/uploads\/sites\/195\/2025\/03\/BIOQUIMICA-ANIMAL.pdf\">Ementa e bibliografia<\/a><\/p>\n","protected":false},"excerpt":{"rendered":"<p>Bioqu\u00edmica animal Nivel:\u00a0Mestrado Obrigat\u00f3ria Area de Concentra\u00e7\u00e3o:\u00a0Produ\u00e7\u00e3o animal Carga Horario:\u00a045 Cr\u00e9ditos:\u00a03 Ementa: Os constituintes do organismo animal. Biomol\u00e9culas. Digest\u00e3o e absor\u00e7\u00e3o intestinal. Metabolismo. Oxida\u00e7\u00f5es Biol\u00f3gicas. Bioqu\u00edmica de ruminantes. Mecanismo de a\u00e7\u00e3o hormonal. Nutri\u00e7\u00e3o animal. Bioqu\u00edmica da reprodu\u00e7\u00e3o. Bioqu\u00edmica e Zootecnia. Estudo de artigos cient\u00edficos nacionais e internacionais relacionados \u00e0 aplica\u00e7\u00e3o da Bioqu\u00edmica na Zootecnia. Ementa&nbsp;&hellip;<\/p>\n","protected":false},"author":305,"featured_media":0,"parent":0,"menu_order":0,"comment_status":"closed","ping_status":"closed","template":"","meta":[],"_links":{"self":[{"href":"https:\/\/www2.uepg.br\/ppgz\/wp-json\/wp\/v2\/pages\/228"}],"collection":[{"href":"https:\/\/www2.uepg.br\/ppgz\/wp-json\/wp\/v2\/pages"}],"about":[{"href":"https:\/\/www2.uepg.br\/ppgz\/wp-json\/wp\/v2\/types\/page"}],"author":[{"embeddable":true,"href":"https:\/\/www2.uepg.br\/ppgz\/wp-json\/wp\/v2\/users\/305"}],"replies":[{"embeddable":true,"href":"https:\/\/www2.uepg.br\/ppgz\/wp-json\/wp\/v2\/comments?post=228"}],"version-history":[{"count":3,"href":"https:\/\/www2.uepg.br\/ppgz\/wp-json\/wp\/v2\/pages\/228\/revisions"}],"predecessor-version":[{"id":1289,"href":"https:\/\/www2.uepg.br\/ppgz\/wp-json\/wp\/v2\/pages\/228\/revisions\/1289"}],"wp:attachment":[{"href":"https:\/\/www2.uepg.br\/ppgz\/wp-json\/wp\/v2\/media?parent=228"}],"curies":[{"name":"wp","href":"https:\/\/api.w.org\/{rel}","templated":true}]}}