{"id":230,"date":"2021-06-16T08:40:05","date_gmt":"2021-06-16T11:40:05","guid":{"rendered":"https:\/\/www2.uepg.br\/ppgz\/?page_id=230"},"modified":"2025-03-20T21:27:25","modified_gmt":"2025-03-21T00:27:25","slug":"estatistica-experimental","status":"publish","type":"page","link":"https:\/\/www2.uepg.br\/ppgz\/estatistica-experimental\/","title":{"rendered":"Estat\u00edstica experimental"},"content":{"rendered":"<h2 style=\"text-align: center\">Estat\u00edstica experimental<\/h2>\n<p style=\"text-align: center\"><b>N\u00edvel<\/b><strong>:\u00a0<\/strong>Mestrado<\/p>\n<p style=\"text-align: center\"><strong>Obrigat\u00f3ria<\/strong><\/p>\n<p style=\"text-align: center\"><b>\u00c1rea<\/b><strong>\u00a0de Concentra\u00e7\u00e3o:\u00a0<\/strong>Produ\u00e7\u00e3o animal<\/p>\n<p style=\"text-align: center\"><b>Carga Hor\u00e1rio: <\/b>60<\/p>\n<p style=\"text-align: center\"><strong>Cr\u00e9ditos:\u00a0<\/strong>4<\/p>\n<p style=\"text-align: center\"><strong>Ementa:<\/strong><br \/>\nPrinc\u00edpios da Estat\u00edstica Experimental. Planejamento de experimentos. Testes de Hip\u00f3tese. An\u00e1lise da Vari\u00e2ncia. Testes de Compara\u00e7\u00e3o de M\u00e9dias. Delineamento Inteiramente Casualizado. Delineamento em Blocos Casualizados. Delineamento Quadrado Latino. Arranjos Fatoriais. Testes N\u00e3o Param\u00e9tricos e Correla\u00e7\u00e3o e Regress\u00e3o Linear Simples e M\u00faltipla.<\/p>\n<p>&nbsp;<\/p>\n<p><a href=\"https:\/\/www2.uepg.br\/ppgz\/wp-content\/uploads\/sites\/195\/2025\/03\/ESTATISTICA-EXPERIMENTAL.pdf\">Ementa e Bibliografia<\/a><\/p>\n","protected":false},"excerpt":{"rendered":"<p>Estat\u00edstica experimental N\u00edvel:\u00a0Mestrado Obrigat\u00f3ria \u00c1rea\u00a0de Concentra\u00e7\u00e3o:\u00a0Produ\u00e7\u00e3o animal Carga Hor\u00e1rio: 60 Cr\u00e9ditos:\u00a04 Ementa: Princ\u00edpios da Estat\u00edstica Experimental. Planejamento de experimentos. Testes de Hip\u00f3tese. An\u00e1lise da Vari\u00e2ncia. Testes de Compara\u00e7\u00e3o de M\u00e9dias. Delineamento Inteiramente Casualizado. Delineamento em Blocos Casualizados. Delineamento Quadrado Latino. Arranjos Fatoriais. Testes N\u00e3o Param\u00e9tricos e Correla\u00e7\u00e3o e Regress\u00e3o Linear Simples e M\u00faltipla. &nbsp; Ementa&nbsp;&hellip;<\/p>\n","protected":false},"author":305,"featured_media":0,"parent":0,"menu_order":0,"comment_status":"closed","ping_status":"closed","template":"","meta":[],"_links":{"self":[{"href":"https:\/\/www2.uepg.br\/ppgz\/wp-json\/wp\/v2\/pages\/230"}],"collection":[{"href":"https:\/\/www2.uepg.br\/ppgz\/wp-json\/wp\/v2\/pages"}],"about":[{"href":"https:\/\/www2.uepg.br\/ppgz\/wp-json\/wp\/v2\/types\/page"}],"author":[{"embeddable":true,"href":"https:\/\/www2.uepg.br\/ppgz\/wp-json\/wp\/v2\/users\/305"}],"replies":[{"embeddable":true,"href":"https:\/\/www2.uepg.br\/ppgz\/wp-json\/wp\/v2\/comments?post=230"}],"version-history":[{"count":6,"href":"https:\/\/www2.uepg.br\/ppgz\/wp-json\/wp\/v2\/pages\/230\/revisions"}],"predecessor-version":[{"id":1299,"href":"https:\/\/www2.uepg.br\/ppgz\/wp-json\/wp\/v2\/pages\/230\/revisions\/1299"}],"wp:attachment":[{"href":"https:\/\/www2.uepg.br\/ppgz\/wp-json\/wp\/v2\/media?parent=230"}],"curies":[{"name":"wp","href":"https:\/\/api.w.org\/{rel}","templated":true}]}}