{"id":235,"date":"2021-06-16T08:41:02","date_gmt":"2021-06-16T11:41:02","guid":{"rendered":"https:\/\/www2.uepg.br\/ppgz\/?page_id=235"},"modified":"2021-06-16T08:41:02","modified_gmt":"2021-06-16T11:41:02","slug":"orientacao-de-dissertacao-e-tese-ll","status":"publish","type":"page","link":"https:\/\/www2.uepg.br\/ppgz\/orientacao-de-dissertacao-e-tese-ll\/","title":{"rendered":"Orienta\u00e7\u00e3o de Disserta\u00e7\u00e3o e Tese ll"},"content":{"rendered":"<h2 style=\"text-align: center;\">Orienta\u00e7\u00e3o de Disserta\u00e7\u00e3o e Tese ll<\/h2>\n<p style=\"text-align: center;\"><strong>Nivel:\u00a0<\/strong>Mestrado<\/p>\n<p style=\"text-align: center;\"><strong>Obrigat\u00f3ria<\/strong><\/p>\n<p style=\"text-align: center;\"><strong>Area de Concentra\u00e7\u00e3o:\u00a0<\/strong>Produ\u00e7\u00e3o animal<\/p>\n<p style=\"text-align: center;\"><strong>Carga Horario:\u00a0<\/strong>30<\/p>\n<p style=\"text-align: center;\"><strong>Cr\u00e9ditos:\u00a0<\/strong>2<\/p>\n<p style=\"text-align: center;\"><strong>Ementa:<\/strong><br \/>\nOrienta\u00e7\u00e3o de atividades de pesquisa e de sistematiza\u00e7\u00e3o do conhecimento sobre o tema do projeto de disserta\u00e7\u00e3o, desenvolvidas mediante controle, orienta\u00e7\u00e3o e avalia\u00e7\u00e3o docente.<\/p>\n","protected":false},"excerpt":{"rendered":"<p>Orienta\u00e7\u00e3o de Disserta\u00e7\u00e3o e Tese ll Nivel:\u00a0Mestrado Obrigat\u00f3ria Area de Concentra\u00e7\u00e3o:\u00a0Produ\u00e7\u00e3o animal Carga Horario:\u00a030 Cr\u00e9ditos:\u00a02 Ementa: Orienta\u00e7\u00e3o de atividades de pesquisa e de sistematiza\u00e7\u00e3o do conhecimento sobre o tema do projeto de disserta\u00e7\u00e3o, desenvolvidas mediante controle, orienta\u00e7\u00e3o e avalia\u00e7\u00e3o docente.<\/p>\n","protected":false},"author":305,"featured_media":0,"parent":0,"menu_order":0,"comment_status":"closed","ping_status":"closed","template":"","meta":[],"_links":{"self":[{"href":"https:\/\/www2.uepg.br\/ppgz\/wp-json\/wp\/v2\/pages\/235"}],"collection":[{"href":"https:\/\/www2.uepg.br\/ppgz\/wp-json\/wp\/v2\/pages"}],"about":[{"href":"https:\/\/www2.uepg.br\/ppgz\/wp-json\/wp\/v2\/types\/page"}],"author":[{"embeddable":true,"href":"https:\/\/www2.uepg.br\/ppgz\/wp-json\/wp\/v2\/users\/305"}],"replies":[{"embeddable":true,"href":"https:\/\/www2.uepg.br\/ppgz\/wp-json\/wp\/v2\/comments?post=235"}],"version-history":[{"count":1,"href":"https:\/\/www2.uepg.br\/ppgz\/wp-json\/wp\/v2\/pages\/235\/revisions"}],"predecessor-version":[{"id":237,"href":"https:\/\/www2.uepg.br\/ppgz\/wp-json\/wp\/v2\/pages\/235\/revisions\/237"}],"wp:attachment":[{"href":"https:\/\/www2.uepg.br\/ppgz\/wp-json\/wp\/v2\/media?parent=235"}],"curies":[{"name":"wp","href":"https:\/\/api.w.org\/{rel}","templated":true}]}}