{"id":239,"date":"2021-06-16T08:41:59","date_gmt":"2021-06-16T11:41:59","guid":{"rendered":"https:\/\/www2.uepg.br\/ppgz\/?page_id=239"},"modified":"2025-03-21T00:18:59","modified_gmt":"2025-03-21T03:18:59","slug":"seminario-ll-apresentacao-de-resultados","status":"publish","type":"page","link":"https:\/\/www2.uepg.br\/ppgz\/seminario-ll-apresentacao-de-resultados\/","title":{"rendered":"Semin\u00e1rio ll: apresenta\u00e7\u00e3o de resultados"},"content":{"rendered":"<h2 style=\"text-align: center\">Semin\u00e1rio ll: apresenta\u00e7\u00e3o de resultados<\/h2>\n<p style=\"text-align: center\"><strong>Nivel:\u00a0<\/strong>Mestrado<\/p>\n<p style=\"text-align: center\"><strong>Obrigat\u00f3ria<\/strong><\/p>\n<p style=\"text-align: center\"><strong>Area de Concentra\u00e7\u00e3o:\u00a0<\/strong>Produ\u00e7\u00e3o animal<\/p>\n<p style=\"text-align: center\"><strong>Carga Horario:\u00a0<\/strong>30<\/p>\n<p style=\"text-align: center\"><strong>Cr\u00e9ditos:\u00a0<\/strong>2<\/p>\n<p style=\"text-align: center\"><strong>Ementa:<\/strong><br \/>\nApresenta\u00e7\u00e3o, avalia\u00e7\u00e3o e discuss\u00e3o de projetos em temas na \u00e1rea de Zootecnia.<\/p>\n<p>&nbsp;<\/p>\n<p><a href=\"https:\/\/www2.uepg.br\/ppgz\/wp-content\/uploads\/sites\/195\/2025\/03\/SEMINARIO-II-APRESENTACAO-DE-RESULTADOS.pdf\">Ementa e Bibliografia<\/a><\/p>\n","protected":false},"excerpt":{"rendered":"<p>Semin\u00e1rio ll: apresenta\u00e7\u00e3o de resultados Nivel:\u00a0Mestrado Obrigat\u00f3ria Area de Concentra\u00e7\u00e3o:\u00a0Produ\u00e7\u00e3o animal Carga Horario:\u00a030 Cr\u00e9ditos:\u00a02 Ementa: Apresenta\u00e7\u00e3o, avalia\u00e7\u00e3o e discuss\u00e3o de projetos em temas na \u00e1rea de Zootecnia. &nbsp; Ementa e Bibliografia<\/p>\n","protected":false},"author":305,"featured_media":0,"parent":0,"menu_order":0,"comment_status":"closed","ping_status":"closed","template":"","meta":[],"_links":{"self":[{"href":"https:\/\/www2.uepg.br\/ppgz\/wp-json\/wp\/v2\/pages\/239"}],"collection":[{"href":"https:\/\/www2.uepg.br\/ppgz\/wp-json\/wp\/v2\/pages"}],"about":[{"href":"https:\/\/www2.uepg.br\/ppgz\/wp-json\/wp\/v2\/types\/page"}],"author":[{"embeddable":true,"href":"https:\/\/www2.uepg.br\/ppgz\/wp-json\/wp\/v2\/users\/305"}],"replies":[{"embeddable":true,"href":"https:\/\/www2.uepg.br\/ppgz\/wp-json\/wp\/v2\/comments?post=239"}],"version-history":[{"count":3,"href":"https:\/\/www2.uepg.br\/ppgz\/wp-json\/wp\/v2\/pages\/239\/revisions"}],"predecessor-version":[{"id":1333,"href":"https:\/\/www2.uepg.br\/ppgz\/wp-json\/wp\/v2\/pages\/239\/revisions\/1333"}],"wp:attachment":[{"href":"https:\/\/www2.uepg.br\/ppgz\/wp-json\/wp\/v2\/media?parent=239"}],"curies":[{"name":"wp","href":"https:\/\/api.w.org\/{rel}","templated":true}]}}