{"id":246,"date":"2021-06-16T08:43:40","date_gmt":"2021-06-16T11:43:40","guid":{"rendered":"https:\/\/www2.uepg.br\/ppgz\/?page_id=246"},"modified":"2025-03-20T21:33:08","modified_gmt":"2025-03-21T00:33:08","slug":"metabolismo-de-aminoacidos-em-peixes","status":"publish","type":"page","link":"https:\/\/www2.uepg.br\/ppgz\/metabolismo-de-aminoacidos-em-peixes\/","title":{"rendered":"Metabolismo de amino\u00e1cidos em peixes"},"content":{"rendered":"<h2 style=\"text-align: center\">Metabolismo de amino\u00e1cidos em peixes<\/h2>\n<p style=\"text-align: center\"><strong>Prof.\u00a0 Dr. Wilson Massamitu Furuya<\/strong><\/p>\n<p style=\"text-align: center\"><strong>Nivel:\u00a0<\/strong>Mestrado<\/p>\n<p style=\"text-align: center\"><strong>Optativa<\/strong><\/p>\n<p style=\"text-align: center\"><strong>Area de Concentra\u00e7\u00e3o:\u00a0<\/strong>Produ\u00e7\u00e3o animal<\/p>\n<p style=\"text-align: center\"><strong>Carga Horario:\u00a0<\/strong>45<\/p>\n<p style=\"text-align: center\"><strong>Cr\u00e9ditos:\u00a0<\/strong>3<\/p>\n<p style=\"text-align: center\"><strong>Ementa:<\/strong><br \/>\nAmino\u00e1cidos essenciais, n\u00e3o essenciais e condicionalmente essenciais. Fun\u00e7\u00f5es dos amino\u00e1cidos. Metabolismo de amino\u00e1cidos. Amino\u00e1cidos funcionais. Composi\u00e7\u00e3o e digestibilidade dos amino\u00e1cidos dos alimentos. Exig\u00eancias de amino\u00e1cidos. Rela\u00e7\u00e3o entre amino\u00e1cidos, toxidez e antagonismos. Amino\u00e1cidos cristalinos: resposta econ\u00f4mica, produ\u00e7\u00e3o de carne e emiss\u00e3o de nitrog\u00eanio.<\/p>\n<p>&nbsp;<\/p>\n<p><a href=\"https:\/\/www2.uepg.br\/ppgz\/wp-content\/uploads\/sites\/195\/2025\/03\/METABOLISMO-DE-AMINOACIDOS-EM-PEIXES.pdf\">Ementa e Bibliografia<\/a><\/p>\n","protected":false},"excerpt":{"rendered":"<p>Metabolismo de amino\u00e1cidos em peixes Prof.\u00a0 Dr. Wilson Massamitu Furuya Nivel:\u00a0Mestrado Optativa Area de Concentra\u00e7\u00e3o:\u00a0Produ\u00e7\u00e3o animal Carga Horario:\u00a045 Cr\u00e9ditos:\u00a03 Ementa: Amino\u00e1cidos essenciais, n\u00e3o essenciais e condicionalmente essenciais. Fun\u00e7\u00f5es dos amino\u00e1cidos. Metabolismo de amino\u00e1cidos. Amino\u00e1cidos funcionais. Composi\u00e7\u00e3o e digestibilidade dos amino\u00e1cidos dos alimentos. Exig\u00eancias de amino\u00e1cidos. Rela\u00e7\u00e3o entre amino\u00e1cidos, toxidez e antagonismos. Amino\u00e1cidos cristalinos: resposta econ\u00f4mica,&nbsp;&hellip;<\/p>\n","protected":false},"author":305,"featured_media":0,"parent":0,"menu_order":0,"comment_status":"closed","ping_status":"closed","template":"","meta":[],"_links":{"self":[{"href":"https:\/\/www2.uepg.br\/ppgz\/wp-json\/wp\/v2\/pages\/246"}],"collection":[{"href":"https:\/\/www2.uepg.br\/ppgz\/wp-json\/wp\/v2\/pages"}],"about":[{"href":"https:\/\/www2.uepg.br\/ppgz\/wp-json\/wp\/v2\/types\/page"}],"author":[{"embeddable":true,"href":"https:\/\/www2.uepg.br\/ppgz\/wp-json\/wp\/v2\/users\/305"}],"replies":[{"embeddable":true,"href":"https:\/\/www2.uepg.br\/ppgz\/wp-json\/wp\/v2\/comments?post=246"}],"version-history":[{"count":5,"href":"https:\/\/www2.uepg.br\/ppgz\/wp-json\/wp\/v2\/pages\/246\/revisions"}],"predecessor-version":[{"id":1309,"href":"https:\/\/www2.uepg.br\/ppgz\/wp-json\/wp\/v2\/pages\/246\/revisions\/1309"}],"wp:attachment":[{"href":"https:\/\/www2.uepg.br\/ppgz\/wp-json\/wp\/v2\/media?parent=246"}],"curies":[{"name":"wp","href":"https:\/\/api.w.org\/{rel}","templated":true}]}}