{"id":250,"date":"2021-06-16T08:45:09","date_gmt":"2021-06-16T11:45:09","guid":{"rendered":"https:\/\/www2.uepg.br\/ppgz\/?page_id=250"},"modified":"2025-03-20T21:35:29","modified_gmt":"2025-03-21T00:35:29","slug":"metodologia-da-pesquisa-cientifica","status":"publish","type":"page","link":"https:\/\/www2.uepg.br\/ppgz\/metodologia-da-pesquisa-cientifica\/","title":{"rendered":"Metodologia da pesquisa cient\u00edfica"},"content":{"rendered":"<h2 style=\"text-align: center\">Metodologia da pesquisa cient\u00edfica<\/h2>\n<p style=\"text-align: center\"><strong>Profa. Dra. Raquel Abdallah da Rocha Oliveira<\/strong><\/p>\n<p style=\"text-align: center\"><strong>Nivel:\u00a0<\/strong>Mestrado<\/p>\n<p style=\"text-align: center\"><strong>Optativa<\/strong><\/p>\n<p style=\"text-align: center\"><strong>Area de Concentra\u00e7\u00e3o:\u00a0<\/strong>Produ\u00e7\u00e3o animal<\/p>\n<p style=\"text-align: center\"><strong>Carga Horario:\u00a0<\/strong>45<\/p>\n<p style=\"text-align: center\"><strong>Cr\u00e9ditos:\u00a0<\/strong>3<\/p>\n<p style=\"text-align: center\"><strong>Ementa:<\/strong><br \/>\nO m\u00e9todo e a investiga\u00e7\u00e3o cient\u00edfica. Tipos de experimenta\u00e7\u00e3o. Leitura cr\u00edtica da literatura cient\u00edfica. Planejamento de pesquisa. Divulga\u00e7\u00e3o da pesquisa.<\/p>\n<p>&nbsp;<\/p>\n<p><a href=\"https:\/\/www2.uepg.br\/ppgz\/wp-content\/uploads\/sites\/195\/2025\/03\/METODOLOGIA-DA-PESQUISA-CIENTIFICA.pdf\">Ementa e Bibliografia<\/a><\/p>\n","protected":false},"excerpt":{"rendered":"<p>Metodologia da pesquisa cient\u00edfica Profa. Dra. Raquel Abdallah da Rocha Oliveira Nivel:\u00a0Mestrado Optativa Area de Concentra\u00e7\u00e3o:\u00a0Produ\u00e7\u00e3o animal Carga Horario:\u00a045 Cr\u00e9ditos:\u00a03 Ementa: O m\u00e9todo e a investiga\u00e7\u00e3o cient\u00edfica. Tipos de experimenta\u00e7\u00e3o. Leitura cr\u00edtica da literatura cient\u00edfica. Planejamento de pesquisa. Divulga\u00e7\u00e3o da pesquisa. &nbsp; Ementa e Bibliografia<\/p>\n","protected":false},"author":305,"featured_media":0,"parent":0,"menu_order":0,"comment_status":"closed","ping_status":"closed","template":"","meta":[],"_links":{"self":[{"href":"https:\/\/www2.uepg.br\/ppgz\/wp-json\/wp\/v2\/pages\/250"}],"collection":[{"href":"https:\/\/www2.uepg.br\/ppgz\/wp-json\/wp\/v2\/pages"}],"about":[{"href":"https:\/\/www2.uepg.br\/ppgz\/wp-json\/wp\/v2\/types\/page"}],"author":[{"embeddable":true,"href":"https:\/\/www2.uepg.br\/ppgz\/wp-json\/wp\/v2\/users\/305"}],"replies":[{"embeddable":true,"href":"https:\/\/www2.uepg.br\/ppgz\/wp-json\/wp\/v2\/comments?post=250"}],"version-history":[{"count":4,"href":"https:\/\/www2.uepg.br\/ppgz\/wp-json\/wp\/v2\/pages\/250\/revisions"}],"predecessor-version":[{"id":828,"href":"https:\/\/www2.uepg.br\/ppgz\/wp-json\/wp\/v2\/pages\/250\/revisions\/828"}],"wp:attachment":[{"href":"https:\/\/www2.uepg.br\/ppgz\/wp-json\/wp\/v2\/media?parent=250"}],"curies":[{"name":"wp","href":"https:\/\/api.w.org\/{rel}","templated":true}]}}