{"id":252,"date":"2021-06-16T08:45:42","date_gmt":"2021-06-16T11:45:42","guid":{"rendered":"https:\/\/www2.uepg.br\/ppgz\/?page_id=252"},"modified":"2025-03-20T21:36:14","modified_gmt":"2025-03-21T00:36:14","slug":"morfologia-e-fisiologia-de-plantas-forrageiras","status":"publish","type":"page","link":"https:\/\/www2.uepg.br\/ppgz\/morfologia-e-fisiologia-de-plantas-forrageiras\/","title":{"rendered":"Morfologia e fisiologia de plantas forrageiras"},"content":{"rendered":"<h2 style=\"text-align: center\">Morfologia e fisiologia de plantas forrageiras<\/h2>\n<p style=\"text-align: center\"><strong>Dra.\u00a0 La\u00edse\u00a0 Pontes<\/strong><\/p>\n<p style=\"text-align: center\"><strong>Nivel:\u00a0<\/strong>Mestrado<\/p>\n<p style=\"text-align: center\"><strong>Optativa<\/strong><\/p>\n<p style=\"text-align: center\"><strong>Area de Concentra\u00e7\u00e3o:\u00a0<\/strong>Produ\u00e7\u00e3o animal<\/p>\n<p style=\"text-align: center\"><strong>Carga Horario:\u00a0<\/strong>45<\/p>\n<p style=\"text-align: center\"><strong>Cr\u00e9ditos:\u00a0<\/strong>3<\/p>\n<p style=\"text-align: center\"><strong>Ementa:<\/strong><br \/>\nImport\u00e2ncia socioecon\u00f4mica das pastagens. Bases morfofisiol\u00f3gicas aplicadas ao manejo de plantas forrageiras. Rela\u00e7\u00f5es entre vari\u00e1veis morfog\u00eanicas e caracter\u00edsticas estruturais das pastagens. Rela\u00e7\u00e3o solo-planta-animal. Utiliza\u00e7\u00e3o (m\u00e9todos de pastoreio) e manejo da pastagem. Implanta\u00e7\u00e3o, recupera\u00e7\u00e3o e renova\u00e7\u00e3o de pastagens degradadas. Gram\u00edneas e leguminosas cultivadas. Planejamento forrageiro. Forrageiras para sistemas integrados de produ\u00e7\u00e3o agropecu\u00e1ria. Consorcia\u00e7\u00f5es e pastagens nativas do sul do Brasil. Pastagens arborizadas. Forragem conservada (feno e silagem).<\/p>\n<p>&nbsp;<\/p>\n<p><a href=\"https:\/\/www2.uepg.br\/ppgz\/wp-content\/uploads\/sites\/195\/2025\/03\/MORFOLOGIA-E-FISIOLOGIA-DE-PLANTAS-FORRAGEIRAS.pdf\">Ementa e Bibliografia<\/a><\/p>\n","protected":false},"excerpt":{"rendered":"<p>Morfologia e fisiologia de plantas forrageiras Dra.\u00a0 La\u00edse\u00a0 Pontes Nivel:\u00a0Mestrado Optativa Area de Concentra\u00e7\u00e3o:\u00a0Produ\u00e7\u00e3o animal Carga Horario:\u00a045 Cr\u00e9ditos:\u00a03 Ementa: Import\u00e2ncia socioecon\u00f4mica das pastagens. Bases morfofisiol\u00f3gicas aplicadas ao manejo de plantas forrageiras. Rela\u00e7\u00f5es entre vari\u00e1veis morfog\u00eanicas e caracter\u00edsticas estruturais das pastagens. Rela\u00e7\u00e3o solo-planta-animal. Utiliza\u00e7\u00e3o (m\u00e9todos de pastoreio) e manejo da pastagem. Implanta\u00e7\u00e3o, recupera\u00e7\u00e3o e renova\u00e7\u00e3o de&nbsp;&hellip;<\/p>\n","protected":false},"author":305,"featured_media":0,"parent":0,"menu_order":0,"comment_status":"closed","ping_status":"closed","template":"","meta":[],"_links":{"self":[{"href":"https:\/\/www2.uepg.br\/ppgz\/wp-json\/wp\/v2\/pages\/252"}],"collection":[{"href":"https:\/\/www2.uepg.br\/ppgz\/wp-json\/wp\/v2\/pages"}],"about":[{"href":"https:\/\/www2.uepg.br\/ppgz\/wp-json\/wp\/v2\/types\/page"}],"author":[{"embeddable":true,"href":"https:\/\/www2.uepg.br\/ppgz\/wp-json\/wp\/v2\/users\/305"}],"replies":[{"embeddable":true,"href":"https:\/\/www2.uepg.br\/ppgz\/wp-json\/wp\/v2\/comments?post=252"}],"version-history":[{"count":4,"href":"https:\/\/www2.uepg.br\/ppgz\/wp-json\/wp\/v2\/pages\/252\/revisions"}],"predecessor-version":[{"id":1315,"href":"https:\/\/www2.uepg.br\/ppgz\/wp-json\/wp\/v2\/pages\/252\/revisions\/1315"}],"wp:attachment":[{"href":"https:\/\/www2.uepg.br\/ppgz\/wp-json\/wp\/v2\/media?parent=252"}],"curies":[{"name":"wp","href":"https:\/\/api.w.org\/{rel}","templated":true}]}}