{"id":257,"date":"2021-06-16T08:46:39","date_gmt":"2021-06-16T11:46:39","guid":{"rendered":"https:\/\/www2.uepg.br\/ppgz\/?page_id=257"},"modified":"2025-03-20T21:37:26","modified_gmt":"2025-03-21T00:37:26","slug":"nutricao-e-metabolismo-em-nao-ruminantes","status":"publish","type":"page","link":"https:\/\/www2.uepg.br\/ppgz\/nutricao-e-metabolismo-em-nao-ruminantes\/","title":{"rendered":"Nutri\u00e7\u00e3o e metabolismo em n\u00e3o ruminantes"},"content":{"rendered":"<h2 style=\"text-align: center\">Nutri\u00e7\u00e3o e metabolismo em n\u00e3o ruminantes<\/h2>\n<p style=\"text-align: center\"><strong>Prof. Dr.\u00a0 Wilson Massamitu Furuya<\/strong><\/p>\n<p style=\"text-align: center\"><strong>Nivel:\u00a0<\/strong>Mestrado<\/p>\n<p style=\"text-align: center\"><strong>Optativa<\/strong><\/p>\n<p style=\"text-align: center\"><strong>Area de Concentra\u00e7\u00e3o:\u00a0<\/strong>Produ\u00e7\u00e3o animal<\/p>\n<p style=\"text-align: center\"><strong>Carga Horario:\u00a0<\/strong>60<\/p>\n<p style=\"text-align: center\"><strong>Cr\u00e9ditos:\u00a0<\/strong>4<\/p>\n<p style=\"text-align: center\"><strong>Ementa:<\/strong><br \/>\nEstudo dos principais sistemas de estimativa das exig\u00eancias nutricionais e metabolismo em animais n\u00e3o ruminantes. Estudo das t\u00e9cnicas de avalia\u00e7\u00e3o de alimentos e determina\u00e7\u00e3o das exig\u00eancias nutricionais em animais n\u00e3o ruminantes.<\/p>\n<p>&nbsp;<\/p>\n<p><a href=\"https:\/\/www2.uepg.br\/ppgz\/wp-content\/uploads\/sites\/195\/2025\/03\/NUTRICAO-E-METABOLISMO-EM-NAO-RUMINANTES.pdf\">Ementa e Bibliografia<\/a><\/p>\n","protected":false},"excerpt":{"rendered":"<p>Nutri\u00e7\u00e3o e metabolismo em n\u00e3o ruminantes Prof. Dr.\u00a0 Wilson Massamitu Furuya Nivel:\u00a0Mestrado Optativa Area de Concentra\u00e7\u00e3o:\u00a0Produ\u00e7\u00e3o animal Carga Horario:\u00a060 Cr\u00e9ditos:\u00a04 Ementa: Estudo dos principais sistemas de estimativa das exig\u00eancias nutricionais e metabolismo em animais n\u00e3o ruminantes. Estudo das t\u00e9cnicas de avalia\u00e7\u00e3o de alimentos e determina\u00e7\u00e3o das exig\u00eancias nutricionais em animais n\u00e3o ruminantes. &nbsp; Ementa e&nbsp;&hellip;<\/p>\n","protected":false},"author":305,"featured_media":0,"parent":0,"menu_order":0,"comment_status":"closed","ping_status":"closed","template":"","meta":[],"_links":{"self":[{"href":"https:\/\/www2.uepg.br\/ppgz\/wp-json\/wp\/v2\/pages\/257"}],"collection":[{"href":"https:\/\/www2.uepg.br\/ppgz\/wp-json\/wp\/v2\/pages"}],"about":[{"href":"https:\/\/www2.uepg.br\/ppgz\/wp-json\/wp\/v2\/types\/page"}],"author":[{"embeddable":true,"href":"https:\/\/www2.uepg.br\/ppgz\/wp-json\/wp\/v2\/users\/305"}],"replies":[{"embeddable":true,"href":"https:\/\/www2.uepg.br\/ppgz\/wp-json\/wp\/v2\/comments?post=257"}],"version-history":[{"count":4,"href":"https:\/\/www2.uepg.br\/ppgz\/wp-json\/wp\/v2\/pages\/257\/revisions"}],"predecessor-version":[{"id":1318,"href":"https:\/\/www2.uepg.br\/ppgz\/wp-json\/wp\/v2\/pages\/257\/revisions\/1318"}],"wp:attachment":[{"href":"https:\/\/www2.uepg.br\/ppgz\/wp-json\/wp\/v2\/media?parent=257"}],"curies":[{"name":"wp","href":"https:\/\/api.w.org\/{rel}","templated":true}]}}