{"id":260,"date":"2021-06-16T08:47:15","date_gmt":"2021-06-16T11:47:15","guid":{"rendered":"https:\/\/www2.uepg.br\/ppgz\/?page_id=260"},"modified":"2025-03-20T21:40:37","modified_gmt":"2025-03-21T00:40:37","slug":"parasitologia-animal","status":"publish","type":"page","link":"https:\/\/www2.uepg.br\/ppgz\/parasitologia-animal\/","title":{"rendered":"Parasitologia animal"},"content":{"rendered":"<h2 style=\"text-align: center\">Parasitologia animal<\/h2>\n<p style=\"text-align: center\"><strong>Profa.\u00a0 Dra.\u00a0 Raquel Abdallah da Rocha Oliveira\u00a0<\/strong><\/p>\n<p style=\"text-align: center\"><strong>Nivel:\u00a0<\/strong>Mestrado<\/p>\n<p style=\"text-align: center\"><strong>Optativa<\/strong><\/p>\n<p style=\"text-align: center\"><strong>Area de Concentra\u00e7\u00e3o:\u00a0<\/strong>Produ\u00e7\u00e3o animal<\/p>\n<p style=\"text-align: center\"><strong>Carga Horario:\u00a0<\/strong>45<\/p>\n<p style=\"text-align: center\"><strong>Cr\u00e9ditos:\u00a0<\/strong>3<\/p>\n<p style=\"text-align: center\"><strong>Ementa:<\/strong><br \/>\nIntrodu\u00e7\u00e3o ao estudo dos parasitas. Intera\u00e7\u00e3o parasita-hospedeiro. Estudo dos parasitas mais frequentes dos animais de produ\u00e7\u00e3o. Morfologia, biologia, patogenia, quadro cl\u00ednico, epidemiologia, profilaxia e tratamento das parasitoses que acometem os animais de produ\u00e7\u00e3o. Aspectos imunol\u00f3gicos dos parasitas. Intera\u00e7\u00e3o parasitismo e nutri\u00e7\u00e3o.<\/p>\n<p>&nbsp;<\/p>\n<p><a href=\"https:\/\/www2.uepg.br\/ppgz\/wp-content\/uploads\/sites\/195\/2025\/03\/PARASITOLOGIA-ANIMAL.pdf\">Ementa e Bibliografia<\/a><\/p>\n","protected":false},"excerpt":{"rendered":"<p>Parasitologia animal Profa.\u00a0 Dra.\u00a0 Raquel Abdallah da Rocha Oliveira\u00a0 Nivel:\u00a0Mestrado Optativa Area de Concentra\u00e7\u00e3o:\u00a0Produ\u00e7\u00e3o animal Carga Horario:\u00a045 Cr\u00e9ditos:\u00a03 Ementa: Introdu\u00e7\u00e3o ao estudo dos parasitas. Intera\u00e7\u00e3o parasita-hospedeiro. Estudo dos parasitas mais frequentes dos animais de produ\u00e7\u00e3o. Morfologia, biologia, patogenia, quadro cl\u00ednico, epidemiologia, profilaxia e tratamento das parasitoses que acometem os animais de produ\u00e7\u00e3o. Aspectos imunol\u00f3gicos dos&nbsp;&hellip;<\/p>\n","protected":false},"author":305,"featured_media":0,"parent":0,"menu_order":0,"comment_status":"closed","ping_status":"closed","template":"","meta":[],"_links":{"self":[{"href":"https:\/\/www2.uepg.br\/ppgz\/wp-json\/wp\/v2\/pages\/260"}],"collection":[{"href":"https:\/\/www2.uepg.br\/ppgz\/wp-json\/wp\/v2\/pages"}],"about":[{"href":"https:\/\/www2.uepg.br\/ppgz\/wp-json\/wp\/v2\/types\/page"}],"author":[{"embeddable":true,"href":"https:\/\/www2.uepg.br\/ppgz\/wp-json\/wp\/v2\/users\/305"}],"replies":[{"embeddable":true,"href":"https:\/\/www2.uepg.br\/ppgz\/wp-json\/wp\/v2\/comments?post=260"}],"version-history":[{"count":4,"href":"https:\/\/www2.uepg.br\/ppgz\/wp-json\/wp\/v2\/pages\/260\/revisions"}],"predecessor-version":[{"id":1326,"href":"https:\/\/www2.uepg.br\/ppgz\/wp-json\/wp\/v2\/pages\/260\/revisions\/1326"}],"wp:attachment":[{"href":"https:\/\/www2.uepg.br\/ppgz\/wp-json\/wp\/v2\/media?parent=260"}],"curies":[{"name":"wp","href":"https:\/\/api.w.org\/{rel}","templated":true}]}}