{"id":265,"date":"2021-06-16T08:47:36","date_gmt":"2021-06-16T11:47:36","guid":{"rendered":"https:\/\/www2.uepg.br\/ppgz\/?page_id=265"},"modified":"2021-06-16T08:47:36","modified_gmt":"2021-06-16T11:47:36","slug":"producao-e-nutricao-de-bovinos-leiteiros","status":"publish","type":"page","link":"https:\/\/www2.uepg.br\/ppgz\/producao-e-nutricao-de-bovinos-leiteiros\/","title":{"rendered":"Produ\u00e7\u00e3o e nutri\u00e7\u00e3o de bovinos leiteiros"},"content":{"rendered":"<h2 style=\"text-align: center;\">Produ\u00e7\u00e3o e nutri\u00e7\u00e3o de bovinos leiteiros<\/h2>\n<p style=\"text-align: center;\"><strong>Nivel:\u00a0<\/strong>Mestrado<\/p>\n<p style=\"text-align: center;\"><strong>Optativa<\/strong><\/p>\n<p style=\"text-align: center;\"><strong>Area de Concentra\u00e7\u00e3o:\u00a0<\/strong>Produ\u00e7\u00e3o animal<\/p>\n<p style=\"text-align: center;\"><strong>Carga Horario:\u00a0<\/strong>45<\/p>\n<p style=\"text-align: center;\"><strong>Cr\u00e9ditos:\u00a0<\/strong>3<\/p>\n<p style=\"text-align: center;\"><strong>Ementa:<\/strong><br \/>\nSistemas de produ\u00e7\u00e3o na bovinocultura leiteira. Sistema alimentar de baixo custo energ\u00e9tico para vacas leiteiras. Produ\u00e7\u00e3o de leite a pasto. Ingredientes alternativos para a alimenta\u00e7\u00e3o. Simula\u00e7\u00e3o de dietas de baixo custo energ\u00e9tico. Sistema alimentar convencional para vacas leiteiras: fontes de alimento volumoso e concentrado. Simula\u00e7\u00e3o de dietas do sistema convencional. Nutri\u00e7\u00e3o x qualidade do leite. Manejo de ordenha e qualidade do leite. Leite como alimento funcional.<\/p>\n","protected":false},"excerpt":{"rendered":"<p>Produ\u00e7\u00e3o e nutri\u00e7\u00e3o de bovinos leiteiros Nivel:\u00a0Mestrado Optativa Area de Concentra\u00e7\u00e3o:\u00a0Produ\u00e7\u00e3o animal Carga Horario:\u00a045 Cr\u00e9ditos:\u00a03 Ementa: Sistemas de produ\u00e7\u00e3o na bovinocultura leiteira. Sistema alimentar de baixo custo energ\u00e9tico para vacas leiteiras. Produ\u00e7\u00e3o de leite a pasto. Ingredientes alternativos para a alimenta\u00e7\u00e3o. Simula\u00e7\u00e3o de dietas de baixo custo energ\u00e9tico. Sistema alimentar convencional para vacas leiteiras: fontes&nbsp;&hellip;<\/p>\n","protected":false},"author":305,"featured_media":0,"parent":0,"menu_order":0,"comment_status":"closed","ping_status":"closed","template":"","meta":[],"_links":{"self":[{"href":"https:\/\/www2.uepg.br\/ppgz\/wp-json\/wp\/v2\/pages\/265"}],"collection":[{"href":"https:\/\/www2.uepg.br\/ppgz\/wp-json\/wp\/v2\/pages"}],"about":[{"href":"https:\/\/www2.uepg.br\/ppgz\/wp-json\/wp\/v2\/types\/page"}],"author":[{"embeddable":true,"href":"https:\/\/www2.uepg.br\/ppgz\/wp-json\/wp\/v2\/users\/305"}],"replies":[{"embeddable":true,"href":"https:\/\/www2.uepg.br\/ppgz\/wp-json\/wp\/v2\/comments?post=265"}],"version-history":[{"count":2,"href":"https:\/\/www2.uepg.br\/ppgz\/wp-json\/wp\/v2\/pages\/265\/revisions"}],"predecessor-version":[{"id":1327,"href":"https:\/\/www2.uepg.br\/ppgz\/wp-json\/wp\/v2\/pages\/265\/revisions\/1327"}],"wp:attachment":[{"href":"https:\/\/www2.uepg.br\/ppgz\/wp-json\/wp\/v2\/media?parent=265"}],"curies":[{"name":"wp","href":"https:\/\/api.w.org\/{rel}","templated":true}]}}