{"id":270,"date":"2021-06-16T08:48:19","date_gmt":"2021-06-16T11:48:19","guid":{"rendered":"https:\/\/www2.uepg.br\/ppgz\/?page_id=270"},"modified":"2021-06-16T08:48:19","modified_gmt":"2021-06-16T11:48:19","slug":"topicos-especiais-em-producao-animal","status":"publish","type":"page","link":"https:\/\/www2.uepg.br\/ppgz\/topicos-especiais-em-producao-animal\/","title":{"rendered":"T\u00f3picos especiais em produ\u00e7\u00e3o animal"},"content":{"rendered":"<h2 style=\"text-align: center;\">T\u00f3picos especiais em produ\u00e7\u00e3o animal<\/h2>\n<p style=\"text-align: center;\"><strong>Nivel:\u00a0<\/strong>Mestrado<\/p>\n<p style=\"text-align: center;\"><strong>Optativa<\/strong><\/p>\n<p style=\"text-align: center;\"><strong>Area de Concentra\u00e7\u00e3o:\u00a0<\/strong>Produ\u00e7\u00e3o animal<\/p>\n<p style=\"text-align: center;\"><strong>Carga Horario:\u00a0<\/strong>30<\/p>\n<p style=\"text-align: center;\"><strong>Cr\u00e9ditos:\u00a0<\/strong>2<\/p>\n<p style=\"text-align: center;\"><strong>Ementa:<\/strong><br \/>\nOferta de cursos t\u00e9cnicos e de aperfei\u00e7oamento nas \u00e1reas de estat\u00edstica, reda\u00e7\u00e3o cient\u00edfica, modelagem e metabolismo animal. Disponibilizar cursos de curta dura\u00e7\u00e3o em \u00e1reas tem\u00e1ticas da produ\u00e7\u00e3o animal vinculadas aos projetos de disserta\u00e7\u00e3o.<\/p>\n","protected":false},"excerpt":{"rendered":"<p>T\u00f3picos especiais em produ\u00e7\u00e3o animal Nivel:\u00a0Mestrado Optativa Area de Concentra\u00e7\u00e3o:\u00a0Produ\u00e7\u00e3o animal Carga Horario:\u00a030 Cr\u00e9ditos:\u00a02 Ementa: Oferta de cursos t\u00e9cnicos e de aperfei\u00e7oamento nas \u00e1reas de estat\u00edstica, reda\u00e7\u00e3o cient\u00edfica, modelagem e metabolismo animal. Disponibilizar cursos de curta dura\u00e7\u00e3o em \u00e1reas tem\u00e1ticas da produ\u00e7\u00e3o animal vinculadas aos projetos de disserta\u00e7\u00e3o.<\/p>\n","protected":false},"author":305,"featured_media":0,"parent":0,"menu_order":0,"comment_status":"closed","ping_status":"closed","template":"","meta":[],"_links":{"self":[{"href":"https:\/\/www2.uepg.br\/ppgz\/wp-json\/wp\/v2\/pages\/270"}],"collection":[{"href":"https:\/\/www2.uepg.br\/ppgz\/wp-json\/wp\/v2\/pages"}],"about":[{"href":"https:\/\/www2.uepg.br\/ppgz\/wp-json\/wp\/v2\/types\/page"}],"author":[{"embeddable":true,"href":"https:\/\/www2.uepg.br\/ppgz\/wp-json\/wp\/v2\/users\/305"}],"replies":[{"embeddable":true,"href":"https:\/\/www2.uepg.br\/ppgz\/wp-json\/wp\/v2\/comments?post=270"}],"version-history":[{"count":1,"href":"https:\/\/www2.uepg.br\/ppgz\/wp-json\/wp\/v2\/pages\/270\/revisions"}],"predecessor-version":[{"id":272,"href":"https:\/\/www2.uepg.br\/ppgz\/wp-json\/wp\/v2\/pages\/270\/revisions\/272"}],"wp:attachment":[{"href":"https:\/\/www2.uepg.br\/ppgz\/wp-json\/wp\/v2\/media?parent=270"}],"curies":[{"name":"wp","href":"https:\/\/api.w.org\/{rel}","templated":true}]}}