{"id":273,"date":"2021-06-16T08:49:08","date_gmt":"2021-06-16T11:49:08","guid":{"rendered":"https:\/\/www2.uepg.br\/ppgz\/?page_id=273"},"modified":"2025-03-20T21:23:38","modified_gmt":"2025-03-21T00:23:38","slug":"endocrinologia-metabolismo-e-imunologia-na-producao-animal","status":"publish","type":"page","link":"https:\/\/www2.uepg.br\/ppgz\/endocrinologia-metabolismo-e-imunologia-na-producao-animal\/","title":{"rendered":"Endocrinologia, metabolismo e imunologia na produ\u00e7\u00e3o animal"},"content":{"rendered":"<h2 style=\"text-align: center\">Endocrinologia, metabolismo e imunologia na produ\u00e7\u00e3o animal<\/h2>\n<p style=\"text-align: center\"><strong>Prof. Dr. Leandro Cavalcante Lipinski<\/strong><\/p>\n<p style=\"text-align: center\"><b>N\u00edvel<\/b><strong>:\u00a0<\/strong>Mestrado<\/p>\n<p style=\"text-align: center\"><strong>Optativa<\/strong><\/p>\n<p style=\"text-align: center\"><b>\u00c1rea<\/b><strong>\u00a0de Concentra\u00e7\u00e3o:\u00a0<\/strong>Produ\u00e7\u00e3o, Nutri\u00e7\u00e3o de Ruminantes e Forragicultura<\/p>\n<p style=\"text-align: center\"><b>Carga Hor\u00e1rio: <\/b>45<\/p>\n<p style=\"text-align: center\"><strong>Cr\u00e9ditos:\u00a0<\/strong>3<\/p>\n<p style=\"text-align: center\"><strong>Ementa<\/strong>: Principais eixos end\u00f3crinos nos mam\u00edferos relacionados com a produ\u00e7\u00e3o animal.<br \/>\nBases imunol\u00f3gicas e metab\u00f3licas na produ\u00e7\u00e3o animal.<\/p>\n<p><a href=\"https:\/\/www2.uepg.br\/ppgz\/wp-content\/uploads\/sites\/195\/2025\/03\/ENDOCRINOLOGIA-METABOLISMO-E-IMUNOLOGIA-NA-PRODUCAO-ANIMAL.pdf\">Ementa e Bibliografia<\/a><\/p>\n","protected":false},"excerpt":{"rendered":"<p>Endocrinologia, metabolismo e imunologia na produ\u00e7\u00e3o animal Prof. Dr. Leandro Cavalcante Lipinski N\u00edvel:\u00a0Mestrado Optativa \u00c1rea\u00a0de Concentra\u00e7\u00e3o:\u00a0Produ\u00e7\u00e3o, Nutri\u00e7\u00e3o de Ruminantes e Forragicultura Carga Hor\u00e1rio: 45 Cr\u00e9ditos:\u00a03 Ementa: Principais eixos end\u00f3crinos nos mam\u00edferos relacionados com a produ\u00e7\u00e3o animal. Bases imunol\u00f3gicas e metab\u00f3licas na produ\u00e7\u00e3o animal. Ementa e Bibliografia<\/p>\n","protected":false},"author":305,"featured_media":0,"parent":0,"menu_order":0,"comment_status":"closed","ping_status":"closed","template":"","meta":[],"_links":{"self":[{"href":"https:\/\/www2.uepg.br\/ppgz\/wp-json\/wp\/v2\/pages\/273"}],"collection":[{"href":"https:\/\/www2.uepg.br\/ppgz\/wp-json\/wp\/v2\/pages"}],"about":[{"href":"https:\/\/www2.uepg.br\/ppgz\/wp-json\/wp\/v2\/types\/page"}],"author":[{"embeddable":true,"href":"https:\/\/www2.uepg.br\/ppgz\/wp-json\/wp\/v2\/users\/305"}],"replies":[{"embeddable":true,"href":"https:\/\/www2.uepg.br\/ppgz\/wp-json\/wp\/v2\/comments?post=273"}],"version-history":[{"count":4,"href":"https:\/\/www2.uepg.br\/ppgz\/wp-json\/wp\/v2\/pages\/273\/revisions"}],"predecessor-version":[{"id":1295,"href":"https:\/\/www2.uepg.br\/ppgz\/wp-json\/wp\/v2\/pages\/273\/revisions\/1295"}],"wp:attachment":[{"href":"https:\/\/www2.uepg.br\/ppgz\/wp-json\/wp\/v2\/media?parent=273"}],"curies":[{"name":"wp","href":"https:\/\/api.w.org\/{rel}","templated":true}]}}