{"id":274,"date":"2021-06-16T08:49:18","date_gmt":"2021-06-16T11:49:18","guid":{"rendered":"https:\/\/www2.uepg.br\/ppgz\/?page_id=274"},"modified":"2025-03-27T17:43:39","modified_gmt":"2025-03-27T20:43:39","slug":"parametros-de-monitoramento-da-qualidade-do-leite","status":"publish","type":"page","link":"https:\/\/www2.uepg.br\/ppgz\/parametros-de-monitoramento-da-qualidade-do-leite\/","title":{"rendered":"Par\u00e2metros de monitoramento da qualidade do leite"},"content":{"rendered":"<h2 style=\"text-align: center\">Par\u00e2metros de monitoramento da qualidade do leite<\/h2>\n<p style=\"text-align: center\"><strong>Profa. Dra. Adriana de Souza Martins<\/strong><\/p>\n<p style=\"text-align: center\"><strong>Nivel:\u00a0<\/strong>Mestrado<\/p>\n<p style=\"text-align: center\"><strong>Optativa<\/strong><\/p>\n<p style=\"text-align: center\"><strong>Area de Concentra\u00e7\u00e3o:\u00a0<\/strong>Produ\u00e7\u00e3o, Nutri\u00e7\u00e3o de Ruminantes e Forragicultura<\/p>\n<p style=\"text-align: center\"><strong>Carga Horario:\u00a0<\/strong>45<\/p>\n<p style=\"text-align: center\"><strong>Cr\u00e9ditos:\u00a0<\/strong>3<\/p>\n<p style=\"text-align: center\"><strong>Ementa: <\/strong>Aspectos qu\u00edmicos, f\u00edsicos e microbiol\u00f3gicos que interferem na qualidade do leite e sua rela\u00e7\u00e3o com a produ\u00e7\u00e3o e ocorr\u00eancia de mastite.<\/p>\n<p>&nbsp;<\/p>\n<p><a href=\"https:\/\/www2.uepg.br\/ppgz\/wp-content\/uploads\/sites\/195\/2025\/03\/PARAMETROS-DE-MONITORAMENTO-DA-QUALIDADE-DO-LEITE.pdf\">Ementa e Bibliografia<\/a><\/p>\n","protected":false},"excerpt":{"rendered":"<p>Par\u00e2metros de monitoramento da qualidade do leite Profa. Dra. Adriana de Souza Martins Nivel:\u00a0Mestrado Optativa Area de Concentra\u00e7\u00e3o:\u00a0Produ\u00e7\u00e3o, Nutri\u00e7\u00e3o de Ruminantes e Forragicultura Carga Horario:\u00a045 Cr\u00e9ditos:\u00a03 Ementa: Aspectos qu\u00edmicos, f\u00edsicos e microbiol\u00f3gicos que interferem na qualidade do leite e sua rela\u00e7\u00e3o com a produ\u00e7\u00e3o e ocorr\u00eancia de mastite. &nbsp; Ementa e Bibliografia<\/p>\n","protected":false},"author":305,"featured_media":0,"parent":0,"menu_order":0,"comment_status":"closed","ping_status":"closed","template":"","meta":[],"_links":{"self":[{"href":"https:\/\/www2.uepg.br\/ppgz\/wp-json\/wp\/v2\/pages\/274"}],"collection":[{"href":"https:\/\/www2.uepg.br\/ppgz\/wp-json\/wp\/v2\/pages"}],"about":[{"href":"https:\/\/www2.uepg.br\/ppgz\/wp-json\/wp\/v2\/types\/page"}],"author":[{"embeddable":true,"href":"https:\/\/www2.uepg.br\/ppgz\/wp-json\/wp\/v2\/users\/305"}],"replies":[{"embeddable":true,"href":"https:\/\/www2.uepg.br\/ppgz\/wp-json\/wp\/v2\/comments?post=274"}],"version-history":[{"count":5,"href":"https:\/\/www2.uepg.br\/ppgz\/wp-json\/wp\/v2\/pages\/274\/revisions"}],"predecessor-version":[{"id":1324,"href":"https:\/\/www2.uepg.br\/ppgz\/wp-json\/wp\/v2\/pages\/274\/revisions\/1324"}],"wp:attachment":[{"href":"https:\/\/www2.uepg.br\/ppgz\/wp-json\/wp\/v2\/media?parent=274"}],"curies":[{"name":"wp","href":"https:\/\/api.w.org\/{rel}","templated":true}]}}