{"id":320,"date":"2021-08-17T14:30:31","date_gmt":"2021-08-17T17:30:31","guid":{"rendered":"https:\/\/www2.uepg.br\/ppgz\/?page_id=320"},"modified":"2026-02-05T15:51:53","modified_gmt":"2026-02-05T18:51:53","slug":"matriculas","status":"publish","type":"page","link":"https:\/\/www2.uepg.br\/ppgz\/matriculas\/","title":{"rendered":"Matr\u00edculas"},"content":{"rendered":"<h4 style=\"text-align: center\"><span style=\"color: #ff6600\"><strong>1\u00ba Semestre de 2026<\/strong><\/span><\/h4>\n<p style=\"text-align: center\"><strong>Alunos regulares<\/strong><\/p>\n<p style=\"text-align: center\"><span style=\"color: #000000\"><b>16\/02\/2026 a 26\/02\/2026 &#8211;<\/b> Matr\u00edcula dos alunos\u00a0<\/span><\/p>\n<p style=\"text-align: center\"><span style=\"color: #000000\"><b>Matr\u00edculas pelo Sistema ACAD<\/b><\/span><\/p>\n<p style=\"text-align: center\"><span style=\"color: #0000ff\"><em><strong>In\u00edcio das aulas 02 de mar\u00e7o de 2026<\/strong><\/em><\/span><\/p>\n<p>&nbsp;<\/p>\n<p>&nbsp;<\/p>\n<p style=\"text-align: center\">\n<h3><\/h3>\n<h3 style=\"text-align: center\"><a href=\"https:\/\/www2.uepg.br\/ppgz\/wp-content\/uploads\/sites\/195\/2026\/02\/Ensalamento-PPZ_CIPP-UEPG_01_2026.pdf\"><span style=\"color: #ff00ff\"><strong>Hor\u00e1rio das disciplinas\u00a0<\/strong><\/span><\/a><\/h3>\n<p>&nbsp;<\/p>\n<h4 style=\"text-align: center\"><a href=\"https:\/\/acad.apps.uepg.br\/login\">Sistema ACAD (Ingressantes em 2026)<\/a><\/h4>\n<p>&nbsp;<\/p>\n<p>&nbsp;<\/p>\n<p style=\"text-align: center\">\n","protected":false},"excerpt":{"rendered":"<p>1\u00ba Semestre de 2026 Alunos regulares 16\/02\/2026 a 26\/02\/2026 &#8211; Matr\u00edcula dos alunos\u00a0 Matr\u00edculas pelo Sistema ACAD In\u00edcio das aulas 02 de mar\u00e7o de 2026 &nbsp; &nbsp; Hor\u00e1rio das disciplinas\u00a0 &nbsp; Sistema ACAD (Ingressantes em 2026) &nbsp; &nbsp;<\/p>\n","protected":false},"author":378,"featured_media":0,"parent":0,"menu_order":0,"comment_status":"closed","ping_status":"closed","template":"","meta":[],"_links":{"self":[{"href":"https:\/\/www2.uepg.br\/ppgz\/wp-json\/wp\/v2\/pages\/320"}],"collection":[{"href":"https:\/\/www2.uepg.br\/ppgz\/wp-json\/wp\/v2\/pages"}],"about":[{"href":"https:\/\/www2.uepg.br\/ppgz\/wp-json\/wp\/v2\/types\/page"}],"author":[{"embeddable":true,"href":"https:\/\/www2.uepg.br\/ppgz\/wp-json\/wp\/v2\/users\/378"}],"replies":[{"embeddable":true,"href":"https:\/\/www2.uepg.br\/ppgz\/wp-json\/wp\/v2\/comments?post=320"}],"version-history":[{"count":32,"href":"https:\/\/www2.uepg.br\/ppgz\/wp-json\/wp\/v2\/pages\/320\/revisions"}],"predecessor-version":[{"id":1425,"href":"https:\/\/www2.uepg.br\/ppgz\/wp-json\/wp\/v2\/pages\/320\/revisions\/1425"}],"wp:attachment":[{"href":"https:\/\/www2.uepg.br\/ppgz\/wp-json\/wp\/v2\/media?parent=320"}],"curies":[{"name":"wp","href":"https:\/\/api.w.org\/{rel}","templated":true}]}}