{"id":326,"date":"2021-08-17T14:43:27","date_gmt":"2021-08-17T17:43:27","guid":{"rendered":"https:\/\/www2.uepg.br\/ppgz\/?page_id=326"},"modified":"2023-03-13T11:13:31","modified_gmt":"2023-03-13T14:13:31","slug":"premios-e-destaques","status":"publish","type":"page","link":"https:\/\/www2.uepg.br\/ppgz\/premios-e-destaques\/","title":{"rendered":"Pr\u00eamios e Destaques"},"content":{"rendered":"<h4><strong>Premia\u00e7\u00f5es\u00a0<\/strong><\/h4>\n<p><span style=\"color: #003366\"><strong>2022<\/strong><\/span><\/p>\n<ol>\n<li>XXXI Encontro Anual de Inicia\u00e7\u00e3o Cient\u00edfica. 1\u00ba lugar de trabalho na \u00c1rea de Ci\u00eancias Agr\u00e1rias e de Tecnologia. Trabalho intitulado \u201c Intera\u00e7\u00f5es nutricionais de zinco e cobre em leit\u00f5es em creche\u201d. Discente<strong>: <\/strong>Fernando Bittarello. Orientador(a): Profa. Dra. Cheila Roberta Lehnen.<\/li>\n<\/ol>\n<ol start=\"2\">\n<li>XXX Encontro Anual de Inicia\u00e7\u00e3o Cient\u00edfica. 2\u00ba lugar de trabalho na \u00c1rea de Ci\u00eancias Agr\u00e1rias e de Tecnologia. Trabalho intitulado \u201cAn\u00e1lise da estabilidade do leite nas esta\u00e7\u00f5es do ver\u00e3o e inverno.\u00a0 Discente<strong>: <\/strong>Jessica Maria Fran\u00e7a. Orientador(a): Profa. Dra. Adriana de Souza Martins.<\/li>\n<\/ol>\n<ol start=\"3\">\n<li>XXX Encontro Anual de Inicia\u00e7\u00e3o Cient\u00edfica. 3\u00ba lugar de trabalho na \u00c1rea de Ci\u00eancias Agr\u00e1rias e de Tecnologia. Trabalho intitulado \u201cInflu\u00eancia da estabilidade do leite no processamento do queijo mussarela&#8221; Discente<strong>: F<\/strong>ernanda Eleut\u00e9rio Miara de Almeida. Orientador(a): Profa. \u00a0Dra. Adriana de Souza Martins<\/li>\n<\/ol>\n<p><span style=\"color: #003366\"><strong>2021<\/strong><\/span><\/p>\n<ol>\n<li>XXX Encontro Anual de Inicia\u00e7\u00e3o Cient\u00edfica. 1\u00ba lugar de trabalho na \u00c1rea de Ci\u00eancias Agr\u00e1rias e de Tecnologia. Trabalho intitulado \u201cProdu\u00e7\u00e3o e Composi\u00e7\u00e3o do Leite e sua Rela\u00e7\u00e3o com os Par\u00e2metros Reprodutivos de vacas Prim\u00edparas e Mult\u00edparas\u201d. Discente<strong>: <\/strong>Fl\u00e1vio Augusto Bachmann dos Santos. Orientador(a): Profa. Dra. Adriana de Souza Martins.<\/li>\n<\/ol>\n<ol start=\"2\">\n<li>XXX Encontro Anual de Inicia\u00e7\u00e3o Cient\u00edfica. 2\u00ba lugar de trabalho na \u00c1rea de Ci\u00eancias Agr\u00e1rias e de Tecnologia. Trabalho intitulado \u201cRecupera\u00e7\u00e3o e curva de crescimento de leit\u00f5es de baixa viabilidade.\u00a0 Discente<strong>: <\/strong>Bianca Zotti. Orientador(a): Profa. Dra. Cheila Roberta Lehnen.<\/li>\n<\/ol>\n<ol start=\"3\">\n<li>XXX Encontro Anual de Inicia\u00e7\u00e3o Cient\u00edfica. 3\u00ba lugar de trabalho na \u00c1rea de Ci\u00eancias Agr\u00e1rias e de Tecnologia. Trabalho intitulado \u201cCaracter\u00edsticas do leite de vacas da ra\u00e7a Jersey e Holandesa e seus efeitos sobre a estabilidade do leite&#8221; Discente<strong>: <\/strong>B\u00e1rbara Hamilko Balzer. Orientador(a): Profa. \u00a0Dra. Adriana de Souza Martins<\/li>\n<\/ol>\n<p><span style=\"color: #003366\"><strong>2019<\/strong><\/span><\/p>\n<div dir=\"ltr\" style=\"padding-left: 40px\"><span style=\"color: #000000\">1. XXVIII Encontro Anual de Inicia\u00e7\u00e3o Cient\u00edfica. 1\u00ba lugar de trabalho na \u00c1rea de Ci\u00eancias Agr\u00e1rias e de Tecnologia. Trabalho intitulado &#8220;Influ\u00eancia do tempo para an\u00e1lise de amostras de leite na detec\u00e7\u00e3o do LINA (Leite Inst\u00e1vel N\u00e3o \u00c1cido) com \u00e1lcool na concentra\u00e7\u00e3o de 72%&#8221;.<\/span><\/div>\n<div dir=\"ltr\" style=\"padding-left: 40px\"><span style=\"color: #000000\">Discente: Fabiane Saad Talegnani. Orientador(a): Profa. Dra. Adriana de Souza Martins.<\/span><\/div>\n<p style=\"padding-left: 40px\"><span style=\"color: #000000\">2.Congresso Agropecu\u00e1rio, Industrial e Tecnol\u00f3gico do Paran\u00e1.\u00a0 2\u00ba lugar de trabalho na \u00c1rea Premiados P\u00f3s-Gradua\u00e7\u00e3o &#8211; Zootecnia e Veterin\u00e1ria. Trabalho intitulado &#8220;Influ\u00eancia da temperatura do leite na prova do alizarol na detec\u00e7\u00e3o do Leite Inst\u00e1vel N\u00e3o \u00c1cido (LINA)&#8221;. de\u00a0 Discente:\u00a0\u00a0Joslaine Aparecida Dezone. Orientador(a):\u00a0Dra. Adriana de Souza Martins.<\/span><\/p>\n<p style=\"padding-left: 40px\"><span style=\"color: #000000\">3. Congresso Agropecu\u00e1rio, Industrial e Tecnol\u00f3gico do Paran\u00e1.\u00a0 3\u00ba lugar de trabalho na \u00c1rea<\/span> Premiados P\u00f3s-Gradua\u00e7\u00e3o &#8211; Zootecnia e Veterin\u00e1ria. Trabalho intitulado &#8220;Vitamina C e \u00e1cido c\u00edtrico na dieta de leit\u00f5es em creche de autoria de Pedro Augusto Gallioto Miranda, Bianca Zotti, Cheila Roberta Lehnen. Discente:\u00a0 Pedro Augusto Gallioto Miranda. Orientador(a):\u00a0 Profa. Dra. Cheila Roberta Lehnen.<\/p>\n<p><strong><span style=\"color: #003366\">2018<\/span><\/strong><\/p>\n<p style=\"padding-left: 40px\">1.XXVII Encontro Anual de Inicia\u00e7\u00e3o Cient\u00edfica. 1\u00ba lugar de trabalho na \u00c1rea de Ci\u00eancias Agr\u00e1rias e de Tecnologia &#8211; Pr\u00eamio Prof. Dr. Gilvan Wosiacki. Trabalho intitulado &#8221; Sobreviv\u00eancia e migra\u00e7\u00e3o de larvas infectantes de nemat\u00f3deos gastrintestinais em pastagem de azev\u00e9m (<em>lolium perenne<\/em>) e diferentes m\u00e9todos de pastoreio, sete dias ap\u00f3s a contamina\u00e7\u00e3o&#8221;, autores Jennifer Mayara Gasparina, Renata Grasiely Baby, Vanessa Renata Zorzo Rockembach, Ericka Thamires Kremer, Am\u00e1lia Campos Taques, Raquel Abdallah da Rocha Oliveira . Discente: Renata Grasiely Baby, Orientador(a): Profa. Dra. Raquel Abdallah da Rocha Oliveira.<\/p>\n<p style=\"padding-left: 40px\">2. Congresso Agropecu\u00e1rio, Industrial e Tecnol\u00f3gico do Paran\u00e1. 1\u00ba lugar de trabalho na \u00c1rea Premiados P\u00f3s-Gradua\u00e7\u00e3o &#8211; Zootecnia e Veterin\u00e1ria \u2013 Pr\u00eamio Carlos Luciano Vargas. Trabalho intitulado &#8220;Efeito do uso de \u00f3leo funcional na carga parasit\u00e1ria de cordeiros&#8221; de autoria Jennifer Mayara Gasparina; Victor Breno Pedrosa, Maria Marta Loddi, Juliane Diniz Magalh\u00e3es, Izaltino Cordeiro dos Santos, Raquel Abdallah da Rocha.\u00a0 Discente: Jennifer Mayara Gasparina. Orientador(a): Profa. Dra. Raquel Abdallah da Rocha Oliveira.<\/p>\n<p style=\"padding-left: 40px\">3. Congresso Agropecu\u00e1rio, Industrial e Tecnol\u00f3gico do Paran\u00e1.\u00a0 2\u00ba lugar de trabalho na \u00c1rea Premiados P\u00f3s-Gradua\u00e7\u00e3o &#8211; Zootecnia e Veterin\u00e1ria \u2013 Pr\u00eamio Carlos Luciano Vargas. Trabalho intitulado &#8220;Efic\u00e1cia das lactonas macroc\u00edclicas injet\u00e1veis em bovinos. Uma revis\u00e3o sistem\u00e1tica e meta-an\u00e1lise&#8221; de autoria de Barbara Haline Buss Baiak; Cheila Roberta Lehnen; Raquel Abdallah da Rocha. Discente: Barbara Haline Buss Baiak.\u00a0 Orientador(a): Profa. Dra. Raquel Abdallah da Rocha Oliveira.<\/p>\n<p style=\"padding-left: 40px\">4. Congresso Agropecu\u00e1rio, Industrial e Tecnol\u00f3gico do Paran\u00e1.\u00a0 3\u00ba lugar de trabalho na \u00c1rea Premiados P\u00f3s-Gradua\u00e7\u00e3o &#8211; Zootecnia e Veterin\u00e1ria. Trabalho intitulado &#8220;Uso de \u00f3leos funcionais em substitui\u00e7\u00e3o aos antimicrobianos na dieta de leit\u00f5es lactentes&#8221;\u00a0 de autoria de Let\u00edcia Galv\u00e3o Matoso, Vit\u00f3ria Weege, Rafaela Hilgemberg, Anna Paula Holzmann Mass, Cheila Roberta Lehnen.\u00a0 Discente:\u00a0 Anna Paula Holzmann Mass. Orientador(a):\u00a0 Profa. Dra. Cheila Roberta Lehnen.<\/p>\n<p><span style=\"color: #003366\"><strong>2016<\/strong><\/span><\/p>\n<ol>\n<li>XXVI Congresso Brasileiro de Zootecnia. 1\u00b0 lugar de trabalho \u00c1rea Ambi\u00eancia, Bem-estar animal . Trabalho intitulado &#8221; Enriquecimento ambiental para redu\u00e7\u00e3o de estresse em leit\u00f5es na fase de creche&#8221; de autoria de Eli Aparecida Oliveira, Cheila Roberta Lehnen, Franciele Sieckliki, Jo\u00e3o Ot\u00e1vio Hilgemberg, Lidiane Pesque Pereira, Pedro Augusto Gallioto Miranda.\u00a0 \u00a0Discente:\u00a0 Eli Aparecida Oliveira.\u00a0 Orientador(a):\u00a0 Profa. Dra. Romaiana Picada Pereira\/Cheila Roberta Lehnen (coorientadora)<\/li>\n<\/ol>\n<p>&nbsp;<\/p>\n<h4><strong>Destaques<\/strong><\/h4>\n<p>Martins. A. S; Santos, G. T. Karolewski, L. S. L. \u00a0Desafios e Avan\u00e7os da Cadeia produtiva do leite \u2013 VIII SUL LEITE &#8211; 2019. FAUEPG. 110p.<\/p>\n<p>&nbsp;<\/p>\n","protected":false},"excerpt":{"rendered":"<p>Premia\u00e7\u00f5es\u00a0 2022 XXXI Encontro Anual de Inicia\u00e7\u00e3o Cient\u00edfica. 1\u00ba lugar de trabalho na \u00c1rea de Ci\u00eancias Agr\u00e1rias e de Tecnologia. Trabalho intitulado \u201c Intera\u00e7\u00f5es nutricionais de zinco e cobre em leit\u00f5es em creche\u201d. Discente: Fernando Bittarello. Orientador(a): Profa. Dra. Cheila Roberta Lehnen. XXX Encontro Anual de Inicia\u00e7\u00e3o Cient\u00edfica. 2\u00ba lugar de trabalho na \u00c1rea de&nbsp;&hellip;<\/p>\n","protected":false},"author":378,"featured_media":0,"parent":0,"menu_order":0,"comment_status":"closed","ping_status":"closed","template":"","meta":[],"_links":{"self":[{"href":"https:\/\/www2.uepg.br\/ppgz\/wp-json\/wp\/v2\/pages\/326"}],"collection":[{"href":"https:\/\/www2.uepg.br\/ppgz\/wp-json\/wp\/v2\/pages"}],"about":[{"href":"https:\/\/www2.uepg.br\/ppgz\/wp-json\/wp\/v2\/types\/page"}],"author":[{"embeddable":true,"href":"https:\/\/www2.uepg.br\/ppgz\/wp-json\/wp\/v2\/users\/378"}],"replies":[{"embeddable":true,"href":"https:\/\/www2.uepg.br\/ppgz\/wp-json\/wp\/v2\/comments?post=326"}],"version-history":[{"count":14,"href":"https:\/\/www2.uepg.br\/ppgz\/wp-json\/wp\/v2\/pages\/326\/revisions"}],"predecessor-version":[{"id":806,"href":"https:\/\/www2.uepg.br\/ppgz\/wp-json\/wp\/v2\/pages\/326\/revisions\/806"}],"wp:attachment":[{"href":"https:\/\/www2.uepg.br\/ppgz\/wp-json\/wp\/v2\/media?parent=326"}],"curies":[{"name":"wp","href":"https:\/\/api.w.org\/{rel}","templated":true}]}}