{"id":329,"date":"2021-08-17T14:44:03","date_gmt":"2021-08-17T17:44:03","guid":{"rendered":"https:\/\/www2.uepg.br\/ppgz\/?page_id=329"},"modified":"2021-08-23T15:54:05","modified_gmt":"2021-08-23T18:54:05","slug":"contato","status":"publish","type":"page","link":"https:\/\/www2.uepg.br\/ppgz\/contato\/","title":{"rendered":"Contato"},"content":{"rendered":"<p style=\"text-align: center;\"><span style=\"color: #000080;\"><strong>Secretaria do Programa de P\u00f3s-Gradua\u00e7\u00e3o em Zootecnia-Mestrado em Zootecnia<\/strong><\/span><\/p>\n<p style=\"text-align: center;\">Universidade Estadual de Ponta Grossa<\/p>\n<p style=\"text-align: center;\">Av. Gal. Carlos Cavalcanti, 47478, Uvaranas<\/p>\n<p style=\"text-align: center;\">Bloco Z, Sala 101<\/p>\n<p style=\"text-align: center;\">CEP: 84030-900\u00a0\u00a0\u00a0 Ponta Grossa-Paran\u00e1<\/p>\n<p style=\"text-align: center;\">Hor\u00e1rio de funcionamento: 8:00-11:30 horas<\/p>\n<p style=\"text-align: center;\">Telefone: 42 3220 8676<\/p>\n<p style=\"text-align: center;\">E-mail: sec_ppz@uepg.br\/ telles@uepg.br\/sspgfp<\/p>\n<p style=\"text-align: center;\">Website: https:\/\/www2.uepg.br\/ppgz\/<\/p>\n<p style=\"text-align: center;\"><a href=\"https:\/\/www.google.com\/maps\/place\/Bloco+de+Zootecnia\/@-25.0932991,-50.1088107,16.75z\/data=!4m5!3m4!1s0x94e81b78d49b977f:0x5dcc7cf51fe19674!8m2!3d-25.0968218!4d-50.1063275\"><span style=\"color: #008000;\"><strong>Como chegar?\u00a0<\/strong><\/span><\/a><\/p>\n","protected":false},"excerpt":{"rendered":"<p>Secretaria do Programa de P\u00f3s-Gradua\u00e7\u00e3o em Zootecnia-Mestrado em Zootecnia Universidade Estadual de Ponta Grossa Av. Gal. Carlos Cavalcanti, 47478, Uvaranas Bloco Z, Sala 101 CEP: 84030-900\u00a0\u00a0\u00a0 Ponta Grossa-Paran\u00e1 Hor\u00e1rio de funcionamento: 8:00-11:30 horas Telefone: 42 3220 8676 E-mail: sec_ppz@uepg.br\/ telles@uepg.br\/sspgfp Website: https:\/\/www2.uepg.br\/ppgz\/ Como chegar?\u00a0<\/p>\n","protected":false},"author":378,"featured_media":0,"parent":0,"menu_order":0,"comment_status":"closed","ping_status":"closed","template":"","meta":[],"_links":{"self":[{"href":"https:\/\/www2.uepg.br\/ppgz\/wp-json\/wp\/v2\/pages\/329"}],"collection":[{"href":"https:\/\/www2.uepg.br\/ppgz\/wp-json\/wp\/v2\/pages"}],"about":[{"href":"https:\/\/www2.uepg.br\/ppgz\/wp-json\/wp\/v2\/types\/page"}],"author":[{"embeddable":true,"href":"https:\/\/www2.uepg.br\/ppgz\/wp-json\/wp\/v2\/users\/378"}],"replies":[{"embeddable":true,"href":"https:\/\/www2.uepg.br\/ppgz\/wp-json\/wp\/v2\/comments?post=329"}],"version-history":[{"count":8,"href":"https:\/\/www2.uepg.br\/ppgz\/wp-json\/wp\/v2\/pages\/329\/revisions"}],"predecessor-version":[{"id":492,"href":"https:\/\/www2.uepg.br\/ppgz\/wp-json\/wp\/v2\/pages\/329\/revisions\/492"}],"wp:attachment":[{"href":"https:\/\/www2.uepg.br\/ppgz\/wp-json\/wp\/v2\/media?parent=329"}],"curies":[{"name":"wp","href":"https:\/\/api.w.org\/{rel}","templated":true}]}}