{"id":333,"date":"2021-08-17T16:24:52","date_gmt":"2021-08-17T19:24:52","guid":{"rendered":"https:\/\/www2.uepg.br\/ppgz\/?page_id=333"},"modified":"2021-08-23T08:54:11","modified_gmt":"2021-08-23T11:54:11","slug":"laboratorios-de-ensino-e-pesquisa","status":"publish","type":"page","link":"https:\/\/www2.uepg.br\/ppgz\/laboratorios-de-ensino-e-pesquisa\/","title":{"rendered":"Laborat\u00f3rios e Grupos de Ensino e Pesquisa"},"content":{"rendered":"<p><strong>Laborat\u00f3rio de Parasitologia Animal<br \/>\n<\/strong><\/p>\n<p>Lab.05, Bloco Zootecnia<\/p>\n<p>&nbsp;<\/p>\n<p>Neste laborat\u00f3rio s\u00e3o realizadas aulas pr\u00e1ticas da disciplina de <strong>Parasitologia Aplicada \u00e0 Zootecnia <\/strong>aos alunos do 2\u00ba ano do Curso de Zootecnia. No local, pesquisas de inicia\u00e7\u00e3o cient\u00edfica, atividades de extens\u00e3o e pesquisas de mestrado e doutorado s\u00e3o conduzidas.<\/p>\n<p><a href=\"http:\/\/www2.uepg.br\/dezoo\/wp-content\/uploads\/sites\/46\/2019\/12\/Fixa\u00e7\u00e3o-intestino_ExpJennifer.jpeg\"><img loading=\"lazy\" class=\"alignright wp-image-179 size-thumbnail\" src=\"http:\/\/www2.uepg.br\/dezoo\/wp-content\/uploads\/sites\/46\/2019\/12\/Fixa\u00e7\u00e3o-intestino_ExpJennifer-150x150.jpeg\" alt=\"\" width=\"150\" height=\"150\" \/><\/a> <a href=\"http:\/\/www2.uepg.br\/dezoo\/wp-content\/uploads\/sites\/46\/2019\/12\/Extra\u00e7\u00e3o-de-L3_fezes-e-pasto_Exp-Barbara.jpeg\"><img loading=\"lazy\" class=\"alignright wp-image-178 size-thumbnail\" src=\"http:\/\/www2.uepg.br\/dezoo\/wp-content\/uploads\/sites\/46\/2019\/12\/Extra\u00e7\u00e3o-de-L3_fezes-e-pasto_Exp-Barbara-150x150.jpeg\" alt=\"\" width=\"150\" height=\"150\" \/><\/a> <a href=\"http:\/\/www2.uepg.br\/dezoo\/wp-content\/uploads\/sites\/46\/2019\/12\/IMG-20181129-WA0034.jpg\"><img loading=\"lazy\" class=\"alignright wp-image-177 size-thumbnail\" src=\"http:\/\/www2.uepg.br\/dezoo\/wp-content\/uploads\/sites\/46\/2019\/12\/IMG-20181129-WA0034-150x150.jpg\" alt=\"\" width=\"150\" height=\"150\" \/><\/a> <a href=\"http:\/\/www2.uepg.br\/dezoo\/wp-content\/uploads\/sites\/46\/2019\/12\/20170613_135056-scaled.jpg\"><img loading=\"lazy\" class=\"alignright size-thumbnail wp-image-176\" src=\"http:\/\/www2.uepg.br\/dezoo\/wp-content\/uploads\/sites\/46\/2019\/12\/20170613_135056-150x150.jpg\" alt=\"\" width=\"150\" height=\"150\" \/><\/a><\/p>\n<p>&nbsp;<\/p>\n<p><a href=\"http:\/\/www2.uepg.br\/dezoo\/wp-content\/uploads\/sites\/46\/2019\/12\/LaParAnimal_Principal-scaled.png\"><img loading=\"lazy\" class=\"wp-image-175 alignright\" src=\"http:\/\/www2.uepg.br\/dezoo\/wp-content\/uploads\/sites\/46\/2019\/12\/LaParAnimal_Principal-1024x665.png\" alt=\"\" width=\"231\" height=\"150\" \/><\/a><\/p>\n<p>&nbsp;<\/p>\n<p>&nbsp;<\/p>\n<p>&nbsp;<\/p>\n<p>&nbsp;<\/p>\n<p>&nbsp;<\/p>\n<p>&nbsp;<\/p>\n<p>&nbsp;<\/p>\n<p><strong>Laborat\u00f3rio de Inform\u00e1tica e Sistematiza\u00e7\u00e3o de dados<\/strong><\/p>\n<p>&nbsp;<\/p>\n<p style=\"text-align: center\"><a href=\"https:\/\/www2.uepg.br\/biomodel\/\"><strong>BioModel &#8211; <\/strong><strong>Biologia integrativa e modelagem na produ\u00e7\u00e3o de n\u00e3o ruminantes<\/strong><\/a><\/p>\n<p>O BioModel \u00e9 um grupo de pesquisa de car\u00e1ter interdisciplinar e multi-institucional certificado pelo CNPq. O grupo de pesquisa BioModel tem a colabora\u00e7\u00e3o de v\u00e1rios professores de diferentes institui\u00e7\u00f5es de ensino e pesquisa do Brasil os quais definiram v\u00e1rias estrat\u00e9gias para desenvolver a biologia integrativa e modelagem. Diante disso, um dos principais objetivos do grupo \u00e9 fomentar e capacitar alunos de gradua\u00e7\u00e3o e p\u00f3s-gradua\u00e7\u00e3o para atuar em pesquisas com biologia integrativa e modelagem na produ\u00e7\u00e3o animal. As pesquisas s\u00e3o voltadas a suinocultura e avicultura com foco em avalia\u00e7\u00e3o de aditivos e nutri\u00e7\u00e3o atrav\u00e9s de experimentos <em>in vivo,<\/em> sistematiza\u00e7\u00e3o de dados, meta-an\u00e1lise e modelagem.<\/p>\n<p><a href=\"http:\/\/www2.uepg.br\/dezoo\/grupos-de-estudos\/indice2\/\" rel=\"attachment wp-att-285\"><img loading=\"lazy\" class=\"alignright size-thumbnail wp-image-285\" src=\"http:\/\/www2.uepg.br\/dezoo\/wp-content\/uploads\/sites\/46\/2020\/07\/\u00edndice2-150x150.jpg\" alt=\"\" width=\"150\" height=\"150\" \/><\/a> <a href=\"http:\/\/www2.uepg.br\/dezoo\/grupos-de-estudos\/bem-estar\/\" rel=\"attachment wp-att-283\"><img loading=\"lazy\" class=\"alignright size-thumbnail wp-image-283\" src=\"http:\/\/www2.uepg.br\/dezoo\/wp-content\/uploads\/sites\/46\/2020\/07\/Bem-estar-150x150.jpg\" alt=\"\" width=\"150\" height=\"150\" \/><\/a> <a href=\"http:\/\/www2.uepg.br\/dezoo\/grupos-de-estudos\/ajus_biomodel\/\" rel=\"attachment wp-att-286\"><img loading=\"lazy\" class=\"alignright wp-image-286 \" src=\"http:\/\/www2.uepg.br\/dezoo\/wp-content\/uploads\/sites\/46\/2020\/07\/ajus_biomodel-rotated-e1595609783428-300x180.jpg\" alt=\"\" width=\"247\" height=\"148\" \/><\/a><a href=\"http:\/\/www2.uepg.br\/dezoo\/grupos-de-estudos\/whatsapp-image-2019-08-05-at-10-43-45-2-2\/\" rel=\"attachment wp-att-287\"><img loading=\"lazy\" class=\"alignright size-thumbnail wp-image-287\" src=\"http:\/\/www2.uepg.br\/dezoo\/wp-content\/uploads\/sites\/46\/2020\/07\/WhatsApp-Image-2019-08-05-at-10.43.45-2-150x150.jpeg\" alt=\"\" width=\"150\" height=\"150\" \/><\/a><\/p>\n<p>&nbsp;<\/p>\n<p>&nbsp;<\/p>\n<p><a href=\"https:\/\/www2.uepg.br\/biomodel\/\"><img loading=\"lazy\" class=\"wp-image-182 alignright\" src=\"http:\/\/www2.uepg.br\/dezoo\/wp-content\/uploads\/sites\/46\/2019\/12\/LogoBiomodel-scaled.png\" alt=\"\" width=\"273\" height=\"81\" \/><\/a><\/p>\n<p>&nbsp;<\/p>\n<p>&nbsp;<\/p>\n<p>&nbsp;<\/p>\n<p>&nbsp;<\/p>\n<p>&nbsp;<\/p>\n<p>&nbsp;<\/p>\n<p><strong>Laborat\u00f3rio de Biotecnologia e Melhoramento animal<\/strong><\/p>\n<p>Lab. 06, Bloco Zootecnia<\/p>\n<p style=\"text-align: center\"><span style=\"color: #000080\"><strong>LeMA &#8211; Laborat\u00f3rio de estudos em Melhoramento Animal<\/strong><\/span><\/p>\n<p>Os trabalhos desenvolvidos pelo LeMA t\u00eam por objetivo avaliar geneticamente os animais, de diversas esp\u00e9cies de interesse zoot\u00e9cnico, a fim de selecionar reprodutores superiores que possam ser utilizados como melhoradores dos rebanhos. Al\u00e9m disto, o grupo atua na \u00e1rea de gen\u00f4mica animal com o intuito de identificar genes e marcadores moleculares que auxiliem os criadores em seus programas de melhoramento animal. As metodologias utilizadas pelo grupo nos sistemas de avalia\u00e7\u00e3o s\u00e3o desde m\u00e9todos quantitativos de an\u00e1lise at\u00e9 interpreta\u00e7\u00e3o g\u00eanica das amostras de DNA animal.<\/p>\n<p><img loading=\"lazy\" class=\"wp-image-226 alignright\" src=\"http:\/\/www2.uepg.br\/dezoo\/wp-content\/uploads\/sites\/46\/2020\/06\/foto-lab-Victor-150x150.jpg\" alt=\"\" width=\"161\" height=\"161\" \/><\/p>\n<p>&nbsp;<\/p>\n<p><img loading=\"lazy\" class=\"wp-image-183 alignright\" src=\"http:\/\/www2.uepg.br\/dezoo\/wp-content\/uploads\/sites\/46\/2019\/12\/Logo-LeMA.jpg\" alt=\"\" width=\"202\" height=\"118\" \/><\/p>\n<p>&nbsp;<\/p>\n<p>&nbsp;<\/p>\n<p>&nbsp;<\/p>\n<p>&nbsp;<\/p>\n<p>&nbsp;<\/p>\n<p><strong>Laborat\u00f3rio de Fauna Silvestre e Aquicultura<\/strong><\/p>\n<p>Lab. 07, Bloco Zootecnia<\/p>\n<p>No laborat\u00f3rio\u00a0 s\u00e3o desenvolvidas pesquisas com foco na nutri\u00e7\u00e3o de peixes de interesse comercial, especialmente til\u00e1pias com o envolvimento de alunos do ensino m\u00e9dio e gradua\u00e7\u00e3o,\u00a0 e p\u00f3s-gradua\u00e7\u00e3o.<\/p>\n<p style=\"text-align: center\"><strong><span style=\"color: #000080\">Fish Nutrition<\/span><\/strong><\/p>\n<p><img loading=\"lazy\" class=\"wp-image-221 size-full alignleft\" src=\"http:\/\/www2.uepg.br\/dezoo\/wp-content\/uploads\/sites\/46\/2020\/06\/Logo-Furuya-e1591648617286.jpg\" alt=\"\" width=\"200\" height=\"82\" \/><\/p>\n<p>O\u00a0grupo\u00a0\u00a0de pesquisa \u201c<em>Fish Nutrition<\/em>\u201d tem como miss\u00e3o a forma\u00e7\u00e3o de recursos humanos qualificados com foco na nutri\u00e7\u00e3o de peixes em pesquisas sobre a avalia\u00e7\u00e3o de de alimentos, \u00a0avalia\u00e7\u00e3o e desenvolvimento de aditivos e determina\u00e7\u00e3o das exig\u00eancias nutricionais, considerando o desempenho, sa\u00fade e qualidade da carne. As pesquisas s\u00e3o realizadas buscando produ\u00e7\u00e3o sustent\u00e1vel e produ\u00e7\u00e3o de\u00a0alimentos seguros para consumo humano.<\/p>\n<p><img loading=\"lazy\" class=\"alignright size-thumbnail wp-image-215\" src=\"http:\/\/www2.uepg.br\/dezoo\/wp-content\/uploads\/sites\/46\/2020\/06\/IMG_4436-150x150.jpg\" alt=\"\" width=\"150\" height=\"150\" \/><\/p>\n<p><img loading=\"lazy\" class=\"alignright size-thumbnail wp-image-222\" src=\"http:\/\/www2.uepg.br\/dezoo\/wp-content\/uploads\/sites\/46\/2020\/06\/dca6fc6c-d472-4bc2-9925-9ebf75002cea-1-150x150.jpg\" alt=\"\" width=\"150\" height=\"150\" \/> <img loading=\"lazy\" class=\"alignright size-thumbnail wp-image-223\" src=\"http:\/\/www2.uepg.br\/dezoo\/wp-content\/uploads\/sites\/46\/2020\/06\/IMG_2385-1-150x150.jpg\" alt=\"\" width=\"150\" height=\"150\" \/> <img loading=\"lazy\" class=\"alignright size-thumbnail wp-image-224\" src=\"http:\/\/www2.uepg.br\/dezoo\/wp-content\/uploads\/sites\/46\/2020\/06\/IMG_3528-1-1-150x150.jpg\" alt=\"\" width=\"150\" height=\"150\" \/><\/p>\n<p><img loading=\"lazy\" class=\"alignright size-thumbnail wp-image-218\" src=\"http:\/\/www2.uepg.br\/dezoo\/wp-content\/uploads\/sites\/46\/2020\/06\/IMG-20191206-WA0019-150x150.jpg\" alt=\"\" width=\"150\" height=\"150\" \/><\/p>\n<p><img loading=\"lazy\" class=\"wp-image-216 size-thumbnail alignright\" src=\"http:\/\/www2.uepg.br\/dezoo\/wp-content\/uploads\/sites\/46\/2020\/06\/IMG_5292-150x150.jpg\" alt=\"\" width=\"150\" height=\"150\" \/><\/p>\n<p>&nbsp;<\/p>\n<p>&nbsp;<\/p>\n<p>&nbsp;<\/p>\n<p>&nbsp;<\/p>\n<p>&nbsp;<\/p>\n<p>&nbsp;<\/p>\n<p><strong>Laborat\u00f3rio de Biologia Cromoss\u00f4mica: Estrutura e Fun\u00e7\u00e3o<\/strong><\/p>\n<p>Lab. 36B, bloco M<\/p>\n<p style=\"text-align: center\"><span style=\"color: #000080\"><strong>Citogen\u00e9tica, Biologia Molecular e Gen\u00f4mica Animal<\/strong><\/span><\/p>\n<p>A linha de pesquisa voltada a produ\u00e7\u00e3o animal busca a integra\u00e7\u00e3o de dados de \u201c\u00f4micas\u201d, biologia molecular e caracter\u00edsticas fenot\u00edpicas aplicadas na caracteriza\u00e7\u00e3o de variantes, regi\u00f5es regulat\u00f3rias, <em>screening<\/em> da express\u00e3o g\u00eanica tecidual e quantifica\u00e7\u00e3o da express\u00e3o g\u00eanica para a compreens\u00e3o de vias moleculares de interesse zoot\u00e9cnico.<\/p>\n<p><img loading=\"lazy\" class=\"wp-image-470 size-thumbnail alignright\" src=\"https:\/\/www2.uepg.br\/ppgz\/wp-content\/uploads\/sites\/195\/2021\/08\/Lab_Vicari-e1629463113433-150x150.jpg\" alt=\"\" width=\"150\" height=\"150\" \/><\/p>\n<p><img loading=\"lazy\" class=\"wp-image-471 alignright\" src=\"https:\/\/www2.uepg.br\/ppgz\/wp-content\/uploads\/sites\/195\/2021\/08\/Logo.png\" alt=\"\" width=\"261\" height=\"80\" srcset=\"https:\/\/www2.uepg.br\/ppgz\/wp-content\/uploads\/sites\/195\/2021\/08\/Logo.png 424w, https:\/\/www2.uepg.br\/ppgz\/wp-content\/uploads\/sites\/195\/2021\/08\/Logo-300x92.png 300w\" sizes=\"(max-width: 261px) 100vw, 261px\" \/><\/p>\n<p>&nbsp;<\/p>\n<p>&nbsp;<\/p>\n<p>&nbsp;<\/p>\n<p>&nbsp;<\/p>\n<p>&nbsp;<\/p>\n<p>&nbsp;<\/p>\n<p><strong>Laborat\u00f3rio de histologia, hematologia, bioqu\u00edmica e imunologia<\/strong><\/p>\n<p>Bloco M<\/p>\n<p>O laborat\u00f3rio possui moderna estrutura e equipamentos para realizar an\u00e1lises histol\u00f3gicas, sangu\u00edneas e imunol\u00f3gicas para apoio nas pesquisas do PPGZ.<\/p>\n<p>&nbsp;<\/p>\n<p><img loading=\"lazy\" class=\"alignright wp-image-478 size-thumbnail\" src=\"https:\/\/www2.uepg.br\/ppgz\/wp-content\/uploads\/sites\/195\/2021\/08\/WhatsApp-Image-2021-08-20-at-10.06.34-1-150x150.jpeg\" alt=\"\" width=\"150\" height=\"150\" \/> <img loading=\"lazy\" class=\"alignright wp-image-479 size-thumbnail\" src=\"https:\/\/www2.uepg.br\/ppgz\/wp-content\/uploads\/sites\/195\/2021\/08\/WhatsApp-Image-2021-08-20-at-10.06.33-1-150x150.jpeg\" alt=\"\" width=\"150\" height=\"150\" \/> <img loading=\"lazy\" class=\"alignright wp-image-480 size-thumbnail\" src=\"https:\/\/www2.uepg.br\/ppgz\/wp-content\/uploads\/sites\/195\/2021\/08\/WhatsApp-Image-2021-08-20-at-10.06.32-150x150.jpeg\" alt=\"\" width=\"150\" height=\"150\" \/> <img loading=\"lazy\" class=\"alignright wp-image-481 size-thumbnail\" src=\"https:\/\/www2.uepg.br\/ppgz\/wp-content\/uploads\/sites\/195\/2021\/08\/WhatsApp-Image-2021-08-20-at-10.06.34-2-150x150.jpeg\" alt=\"\" width=\"150\" height=\"150\" \/><\/p>\n<p>&nbsp;<\/p>\n","protected":false},"excerpt":{"rendered":"<p>Laborat\u00f3rio de Parasitologia Animal Lab.05, Bloco Zootecnia &nbsp; Neste laborat\u00f3rio s\u00e3o realizadas aulas pr\u00e1ticas da disciplina de Parasitologia Aplicada \u00e0 Zootecnia aos alunos do 2\u00ba ano do Curso de Zootecnia. No local, pesquisas de inicia\u00e7\u00e3o cient\u00edfica, atividades de extens\u00e3o e pesquisas de mestrado e doutorado s\u00e3o conduzidas. &nbsp; &nbsp; &nbsp; &nbsp; &nbsp; &nbsp; &nbsp; &nbsp;&nbsp;&hellip;<\/p>\n","protected":false},"author":378,"featured_media":0,"parent":0,"menu_order":0,"comment_status":"closed","ping_status":"closed","template":"","meta":[],"_links":{"self":[{"href":"https:\/\/www2.uepg.br\/ppgz\/wp-json\/wp\/v2\/pages\/333"}],"collection":[{"href":"https:\/\/www2.uepg.br\/ppgz\/wp-json\/wp\/v2\/pages"}],"about":[{"href":"https:\/\/www2.uepg.br\/ppgz\/wp-json\/wp\/v2\/types\/page"}],"author":[{"embeddable":true,"href":"https:\/\/www2.uepg.br\/ppgz\/wp-json\/wp\/v2\/users\/378"}],"replies":[{"embeddable":true,"href":"https:\/\/www2.uepg.br\/ppgz\/wp-json\/wp\/v2\/comments?post=333"}],"version-history":[{"count":10,"href":"https:\/\/www2.uepg.br\/ppgz\/wp-json\/wp\/v2\/pages\/333\/revisions"}],"predecessor-version":[{"id":450,"href":"https:\/\/www2.uepg.br\/ppgz\/wp-json\/wp\/v2\/pages\/333\/revisions\/450"}],"wp:attachment":[{"href":"https:\/\/www2.uepg.br\/ppgz\/wp-json\/wp\/v2\/media?parent=333"}],"curies":[{"name":"wp","href":"https:\/\/api.w.org\/{rel}","templated":true}]}}